{"id":74,"date":"2014-04-12T17:45:12","date_gmt":"2014-04-12T15:45:12","guid":{"rendered":"http:\/\/www.sf-germany.org\/einheiten\/uss-odyssey\/communication\/"},"modified":"2023-01-21T09:32:04","modified_gmt":"2023-01-21T08:32:04","slug":"communication","status":"publish","type":"page","link":"https:\/\/sf-germany.org\/einheiten\/uss-artemis\/crew\/abteilungen\/communication\/","title":{"rendered":"Communication"},"content":{"rendered":"<p><a href=\"https:\/\/sf-germany.org\/einheiten\/uss-artemis\/wp-content\/uploads\/2022\/09\/Logo_prefinal.png\" rel=\"lightbox-0\"><img loading=\"lazy\" decoding=\"async\" class=\"aligncenter size-full wp-image-3724\" src=\"https:\/\/sf-germany.org\/einheiten\/uss-artemis\/wp-content\/uploads\/2022\/09\/Logo_prefinal.png\" alt=\"\" width=\"250\" height=\"229\" \/><\/a><\/p>\n<h2 style=\"text-align: center;\">Communication<\/h2>\n<hr \/>\n<p><b><span style=\"text-decoration: underline;\"><span style=\"text-decoration: underline;\">Haupt &#8211; Kodierungsraum (HAKO)<\/span><\/span><\/b><span style=\"color: #993300;\"><b><br \/>\n<em>Zugang stark beschr\u00e4nkt!<\/em><br \/>\n<em>Zutritt: CO; EO; COMM<\/em><\/b><\/span><\/p>\n<p>Dieser spezielle Raum, welcher abh\u00f6rsicher ist, dient der \u00dcbermittlung streng geheimer Datens\u00e4tze.<br \/>\nHier werden die unterschiedlichen Verschl\u00fcsselungsroutinen verschlossen aufbewahrt, zu denen wiederum nur wenige Personen auf dem Schiff \u00fcberhaupt Zugriff haben. Falls andere Kommunikationswege infiltriert wurden, dient dieser Raum als zus\u00e4tzliche Sicherheit, um auch in diesem Fall noch wichtige Gespr\u00e4che \u00fcber ein zweites sicheres back up System f\u00fchren zu k\u00f6nnen. Dieser Raum besitzt einen eigenen Datenkern auf einem speziellen Sekund\u00e4rbereich des Schiffscomputers. Hier werden alle Datens\u00e4tze, Nachrichten und Gespr\u00e4che oberhalb Level 1 (nach Sternenflotten Vorschrift QW 278) verschl\u00fcsselt und dechiffriert.<\/p>\n<p>In diesem Raum befinden sich ebenfalls die technischen und fachlichen Mittel um verschl\u00fcsselte Nachrichten feindlicher Spezies oder Organisationen abzufangen\/ mitzuh\u00f6ren und ggf. zu entschl\u00fcsseln.<\/p>\n<p>kleinere Abh\u00f6rger\u00e4te auch umgangssprachlich als Wanzen werden hier verschlossen aufbewahrt.<\/p>\n<hr \/>\n<p><span style=\"text-decoration: underline;\"><strong>Sekund\u00e4r &#8211; Kodierungsraum (SEKO)<\/strong><\/span><br \/>\nHier werden alle Datens\u00e4tze, Nachrichten und Gespr\u00e4che zwischen Level 2 und 7 (nach Sternenflotten Vorschrift QW 278) verschl\u00fcsselt und dechiffriert.<\/p>\n<p>Hier befindet sich auch der Bereich, der telepathischen Abwehreinheit. Diese speziell ausgebildeten Telepathen schirmen wichtige Personen bei sensiblem Verhandlungen, Gespr\u00e4chen, oder \u00dcbergaben ab.<\/p>\n<hr \/>\n<p><span style=\"text-decoration: underline;\"><strong>Linguistik &#8211; Labor<\/strong><\/span><br \/>\nDas Linguistiklabor, dient der Erforschung ausgestorbener Sprachen, sowie der Entschl\u00fcsselung eine unbekannten Sprache bei einem m\u00f6glichen Erstkontakt. Die Linguisten befassen sich nicht nur mit der herk\u00f6mmlichen Sprache an sich, dem gesprochen oder geschrieben Wort, sondern auch mit anderen sehr speziellen Arten der Kommunikation, z.B. Sprachen die durch Bewegungen ausgedr\u00fcckt werden, Lichtimpulse, oder elektromagnetische Signale.<\/p>\n<hr \/>\n<p><span style=\"text-decoration: underline;\"><strong>Subraumfrequenzen \u2013 Labor<\/strong><\/span><br \/>\n1. Bereich (hohe Subraumfrequenzen)<br \/>\n2. Bereich (niedrige Subraumfrequenzen)<br \/>\nIn diesem Bereich arbeitet die COMM eng mit der Technik zusammen.<br \/>\nDas Subraumfrequenzlabor ist immer von einem speziell geschulten TO und einem Vertreter der COMM besetzt.<br \/>\nHier wird sichergestellt, dass die Technik, als auch die Datenaufbereitung der Kommunikation immer zuverl\u00e4ssig arbeitet.<br \/>\nUnd die speziellen Kommunikationsarten auf der richtigen Subraumfrequenz \u00fcbertragen wird.<\/p>\n<p>Hohe Frequenzen &#8211; z. B. Diplomatie, Sternenflotten\u00fcbermittlungen<br \/>\nNiedrige Frequenzen &#8211; z.B. Daten\u00fcbertragungen, zivile Gespr\u00e4che<br \/>\nNat\u00fcrlich ist sowohl der Hohe als auch der niedrige Frequenzbereich in viele Abstufungen unterteilt.<br \/>\nHier werden auch \u00fcberfl\u00fcssige Streudaten herausgefiltert und das Hintergrundrauschen der Subraumwellen bereinigt.<\/p>\n<hr \/>\n<p><span style=\"text-decoration: underline;\"><strong>Datenraum Universal\u00fcbersetzer<\/strong><\/span><br \/>\nHier werden die unendlichen Datens\u00e4tze des Universal\u00fcbersetzer aktualisiert, gepflegt, verarbeitet und aufgearbeitet.<br \/>\nAuch dieser Bereich wird immer von einem Vertreter der COMM, als auch einem Vertreter der Technik besetzt.<br \/>\nEs muss zu jeder Zeit gew\u00e4hrleistet sein, dass weder durch ein technisches Problem, noch durch ein Problem der \u00dcbersetzereinheiten\/ Linguistikparameter die M\u00f6glichkeiten der Verst\u00e4ndigung eingeschr\u00e4nkt ist.<\/p>\n<hr \/>\n<p><span style=\"text-decoration: underline;\"><strong>\u00dcberwachungs.- und kalibrierungs- Labor:<\/strong><\/span><br \/>\nHierbei handelt es sich ebenfalls um einen gemeinsamer Bereich der Technik und der COMM.<br \/>\nDie Technik k\u00fcmmert sich um die Bauteile mit ihren elektronischen Komponenten, w\u00e4hrend die COMM die Datens\u00e4tze der Sprachen aufspielen und kontrollieren, ggf. rekalibieren und Drift &#8211; Korrekturen der Linguistik durchf\u00fchren. Hier werden auch die mobilen Ger\u00e4te und Anlagen zur Abh\u00f6rabwehr aufbewahrt und zum Beispiel f\u00fcr Au\u00dfenmissionen ausgeben.<br \/>\nGr\u00f6\u00dfere mobile Kommunikationsger\u00e4te f\u00fcr die Kommunikation eines Au\u00dfenteams, in elektromagnetisch schwieriger Umgebung werden hier ebenfalls aufbewahrt. Verst\u00e4rker, spezielle Baureihen f\u00fcr unwegsames Gel\u00e4nde bzw. schwierigem Frequenzzugang, oder Subraumfrequenzadapter werden hier aufbewahrt und vor entsprechenden Au\u00dfenmissionen konfiguriert und ausgegeben.<\/p>\n<hr \/>\n<p><span style=\"text-decoration: underline;\"><strong>COMM Forschungs.- und Entwicklungsbereich<\/strong><\/span><br \/>\n<span style=\"color: #993300;\"><strong>Zugang stark beschr\u00e4nkt<\/strong><\/span><\/p>\n<p>Hier arbeiten und entwickelt man an neuen M\u00f6glichkeiten der Kommunikation.<br \/>\nEin aktuelles streng geheimes Projekt beinhaltet den Versuch Daten so zu \u00fcbermitteln das sie von nicht autorisierten Schiffen erst gar nicht entdeckt werden kann. Jeder Code kann entschl\u00fcsselt werden, es ist immer nur eine Frage der Zeit. Wenn jedoch eine Daten\u00fcbertragung erst gar nicht wahrgenommen wird, macht dieser Umstand eine Dechiffrierung um einiges schwieriger.<\/p>\n","protected":false},"excerpt":{"rendered":"<p>Communication Haupt &#8211; Kodierungsraum (HAKO) Zugang stark beschr\u00e4nkt! Zutritt: CO; EO; COMM Dieser spezielle Raum, welcher abh\u00f6rsicher ist, dient der \u00dcbermittlung streng geheimer Datens\u00e4tze. Hier werden die unterschiedlichen Verschl\u00fcsselungsroutinen verschlossen aufbewahrt, zu denen wiederum nur wenige Personen auf dem Schiff \u00fcberhaupt Zugriff haben. Falls andere Kommunikationswege infiltriert wurden, dient dieser Raum als zus\u00e4tzliche Sicherheit, um&#8230;<\/p>\n<p class=\"more-link-wrap\"><a href=\"https:\/\/sf-germany.org\/einheiten\/uss-artemis\/crew\/abteilungen\/communication\/\" class=\"more-link\">Read More<span class=\"screen-reader-text\"> &ldquo;Communication&rdquo;<\/span> &raquo;<\/a><\/p>\n","protected":false},"author":1,"featured_media":0,"parent":3911,"menu_order":6,"comment_status":"closed","ping_status":"closed","template":"","meta":{"footnotes":""},"class_list":["post-74","page","type-page","status-publish","hentry"],"_links":{"self":[{"href":"https:\/\/sf-germany.org\/einheiten\/uss-artemis\/wp-json\/wp\/v2\/pages\/74","targetHints":{"allow":["GET"]}}],"collection":[{"href":"https:\/\/sf-germany.org\/einheiten\/uss-artemis\/wp-json\/wp\/v2\/pages"}],"about":[{"href":"https:\/\/sf-germany.org\/einheiten\/uss-artemis\/wp-json\/wp\/v2\/types\/page"}],"author":[{"embeddable":true,"href":"https:\/\/sf-germany.org\/einheiten\/uss-artemis\/wp-json\/wp\/v2\/users\/1"}],"replies":[{"embeddable":true,"href":"https:\/\/sf-germany.org\/einheiten\/uss-artemis\/wp-json\/wp\/v2\/comments?post=74"}],"version-history":[{"count":9,"href":"https:\/\/sf-germany.org\/einheiten\/uss-artemis\/wp-json\/wp\/v2\/pages\/74\/revisions"}],"predecessor-version":[{"id":4921,"href":"https:\/\/sf-germany.org\/einheiten\/uss-artemis\/wp-json\/wp\/v2\/pages\/74\/revisions\/4921"}],"up":[{"embeddable":true,"href":"https:\/\/sf-germany.org\/einheiten\/uss-artemis\/wp-json\/wp\/v2\/pages\/3911"}],"wp:attachment":[{"href":"https:\/\/sf-germany.org\/einheiten\/uss-artemis\/wp-json\/wp\/v2\/media?parent=74"}],"curies":[{"name":"wp","href":"https:\/\/api.w.org\/{rel}","templated":true}]}}