{"id":72,"date":"2014-04-12T17:40:28","date_gmt":"2014-04-12T15:40:28","guid":{"rendered":"http:\/\/www.sf-germany.org\/einheiten\/uss-odyssey\/sicherheit\/"},"modified":"2022-09-27T15:36:34","modified_gmt":"2022-09-27T13:36:34","slug":"sicherheit_marines","status":"publish","type":"page","link":"https:\/\/sf-germany.org\/einheiten\/uss-artemis\/crew\/abteilungen\/sicherheit_marines\/","title":{"rendered":"Sicherheit &#038; Marines"},"content":{"rendered":"<p><a href=\"https:\/\/sf-germany.org\/einheiten\/uss-artemis\/wp-content\/uploads\/2022\/09\/Logo_prefinal.png\" rel=\"lightbox-0\"><img loading=\"lazy\" decoding=\"async\" class=\"aligncenter wp-image-3724\" src=\"https:\/\/sf-germany.org\/einheiten\/uss-artemis\/wp-content\/uploads\/2022\/09\/Logo_prefinal.png\" alt=\"\" width=\"150\" height=\"137\" \/><\/a><\/p>\n<h2 style=\"text-align: center;\">Sicherheit &amp; Marines<\/h2>\n<hr \/>\n<p>Security \/ Marines Aufgabenteilung<\/p>\n<p>########### =\/\\= ###########<br \/>\nKommandostruktur<br \/>\n########### =\/\\= ###########<\/p>\n<p>Leiter Sicherheit:<br \/>\nCSO (Lt.jg Fiona MacKenzie)<br \/>\nStellvertreter Sicherheit:<br \/>\nsCSO (MCpt. Charles Killroy &#8211; z.Z. gleichzeitig Leiter der Special Force (TL-SF) an Bord -)<\/p>\n<p>Team-Leader Special Force (TL-SF):<br \/>\nMarine Offizier, h\u00f6chstens im Rang eines MCpt., mindestens 2nd Lt.<\/p>\n<p>Verbindungsoffizierin (VbOffz.):<br \/>\nDie Verbindungsoffizierin (VbOffz.) ist die rangh\u00f6chste Marine an Bord, allerdings f\u00fcr die Marines an Bord lediglich disziplinarische Vorgesetzte und dient als Kommunikations-Bindeglied zwischen Kommandierendem Offizier, Taktik, Sternenflottensicherheit, Kommunikationsabteilung, Starfleet Marine Corps sowie Geheimdienst. Leiter der Special Force ist der TL-SF. Der Einsatz der Special Force wird vom CO oder XO befohlen. Die VbOffz. gibt lediglich eine Empfehlung zu deren Einsatz, aber nicht den Befehl f\u00fcr selbigen.<\/p>\n<p>Sofern nicht vom CO\/XO anders entschieden hat der\/die CSO die Befehlsgewalt \u00fcber die Sicherheit und die f\u00fcr die jeweilige Arbeit abgeordneten Marines an Bord des Schiffes.<br \/>\nBei Au\u00dfeneins\u00e4tzen hat der rangh\u00f6chste Marine die Befehlsgewalt \u00fcber die Marines und die zur Unterst\u00fctzung eingesetzten Sicherheitskr\u00e4fte.<\/p>\n<p>########### =\/\\= ###########<br \/>\nAufgaben<br \/>\n########### =\/\\= ###########<\/p>\n<p>Waffenkammer der Sicherheit: (Security) (Marines haben ihre eigene Waffenkammer)<br \/>\nDie Waffenkammer ist die Dom\u00e4ne des Waffen- und Ger\u00e4tewart. Hier trainiert und beaufsichtigte er\/sie das Sicherheitspersonal in Abteilungsoperationen, Reparaturen und Protokollen. Er\/Sie beaufsichtigte den Zugang zu den Waffenschr\u00e4nken und den Einsatz von Phaserpistolen und -gewehren und notiert und markiert diejenigen, die repariert werden m\u00fcssen. Bei Dienstschicht in der Waffenkammer, ist man daf\u00fcr verantwortlich, besch\u00e4digte Waffen zu reparieren, Aufzeichnungen zu f\u00fchren und den Waffenmeister beim Training \/ Ausbildung von Sicherheitspersonal zu unterst\u00fctzen. Weiterhin gibt er\/sie oder dazu beauftragte Personen Unterrichtskurse in Selbstverteidigung und sorgt f\u00fcr die regelm\u00e4\u00dfge Neuzertifizierung des Schiffspersonals im Umgang mit Phasern.<\/p>\n<p>Notfall\u00fcbungen: (Security)<br \/>\nDie Sicherheit ist zust\u00e4ndig f\u00fcr regelm\u00e4\u00dfige &#8211; auf Anordnung des CO\/XO auch schiffsweite &#8211; Notfall\u00fcbungen. Dazu geh\u00f6rt ebenfalls die Brandbek\u00e4mpfung an Bord sowie das entwickeln verschiedener taktischer Strategien und deren Umsetzung.<\/p>\n<p>Untersuchungen: (Security)<br \/>\nErf\u00fcllte die Rolle eines Sonderermittlers oder Detektivs, wenn er\/sie sich mit Angelegenheiten der Sternenflotte an Bord eines Schiffes oder auf einem Planeten befasst. Dies umfasst auch die forensische Untersuchung interstallarer &amp; personeller Kriminialit\u00e4t und bei Bedarf das Analysieren kryptografischer \u00dcbertragungen.<br \/>\nAbstimmung mit dem Sicherheitschef bei allen Ermittlungen nach Bedarf. W\u00e4hrend einer Untersuchung meldete sich der Sicherheitsbeauftragte beim Sicherheitschef.<br \/>\nSofern kein externer Ermittler an Bord zur Verf\u00fcgung steht leitet der\/die CSO die Untersuchungen.<br \/>\nDie Marines haben ihre eigene Milit\u00e4rpolizei, die Ermittlungen einleitet.<\/p>\n<p>Verhaftung &amp; Arrest: (Security &amp; Marines)<br \/>\nAuf Befehl des CO oder XO wird ein Sicherheitstrupp an einen bestimmten Ort entsandt, um eine Person physisch zu verhaften und sie zur Arrestzelle, Krankenstation oder zu ihrem Quartier zu f\u00fchren.<br \/>\nCSO oder sCSO weisen dann eine oder mehrere Wachen zu. Die Wachen blieben beim Gefangenen bzw. vor der T\u00fcr stationiert bis sie abgel\u00f6st werden oder die Bewachung durch den CO \/ XO wieder aufgehoben wird.<br \/>\nBei geringf\u00fcgigen Vergehen (St\u00f6ren der \u00d6ffentlichen Ordnung, Trunkenheit, Schl\u00e4gerrei, etc.) kann der\/die CSO ein vor\u00fcbergehende Verhaftung anordnen muss dies aber unverz\u00fcglich den jeweiligen Vorgesetzten und dem CO melden. Entsprechende disziplinare Ma\u00dfnahmen werden anschlie\u00dfend vom jeweiligen Vorgesetzten eingeleitet.<\/p>\n<p>Patrouille: (Security &amp; Marines)<br \/>\nEin Zweierteam patrouilliert auf dem gesamten Schiff. Sie erhalten ihre Routen vom CSO oder sCSO zu Beginn ihrer Schicht im Sicherheitsb\u00fcro. Diese Route wird computergeneriert, wobei sowohl ein zuf\u00e4lliges Muster als auch eine minimale Redundanz angestrebt werden.<\/p>\n<p>Durchsuchung: (Security &amp; Marines)<br \/>\nVermisstes Personal wird durch eine vollst\u00e4ndige Durchsuchung des Schiffes von Deck zu Deck durch eine Gruppe von Sicherheitsbeamten gesucht. Sicherheitspersonal in Raumanz\u00fcgen untersuchte das \u00c4u\u00dfere des Schiffes und den umgebenden Raum.<br \/>\nW\u00e4hrend des Eindringlingsalarms werden die m\u00f6glichen Eindringlinge durch eine vollst\u00e4ndige Sicherheitsdurchsuchung Deck f\u00fcr Deck mit aktivierten Isolationskraftfeldern gesucht und alle Sicherheitsoffiziere an Bord in den aktiven Dienst versetzt.<br \/>\nAn Bord der USS Artemis oder bei Eins\u00e4tzen au\u00dferhalb des Schiffes kann au\u00dferdem der Diensthund der Special Force zur Suche eingesetzt werden.<\/p>\n<p>Schiff evakuieren: (Security &amp; Marines)<br \/>\nAuf Anweisung des kommandierenden Offiziers \u00fcbernimmt das gesamte Sicherheitspersonal seine vorab vereinbarten Evakuierungsaufgaben.<\/p>\n<p>Au\u00dfenteam: (Marines &amp; Security)<br \/>\nEin oder mehrere Sicherheitsbeamte begleiteten normalerweise jede Partei in unbekanntes Gebiet.<\/p>\n<p>Erkundungstrupp: (Marines)<br \/>\nEin reiner Trupp Marines wird normalerweise eingesetzt, um gef\u00e4hrliche oder gef\u00e4hrliche Gebiete vorab zu erkunden.<\/p>\n<p>Boarding Party: (Marines)<br \/>\nWie bei der Erkundung gehen die Marines als erstes an Bord gekaperter oder nicht kommunikativer Schiffe. Sobald diese feststellen,dass keine Gefahr besteht oder die Situation unter Kontrolle ist, signalisierten sie dem Schiff Entwarnung, damit anderes Personal (Security, Technik etc.) folgen kann.<\/p>\n<p>Blauer Alarm (Security)<br \/>\nBei einem blauen Alarm werden die au\u00dfenliegenden Quartiere ger\u00e4umt und die Lebenserhaltung in diesen Bereichen abgeschalten<\/p>\n<p>Blauer Alarm (Marines)<br \/>\nDie Marines \u00fcbernehmen das Sichern der vitalen Schiffsbereiche (Br\u00fccke, Shuttlebay, Machineneraum etc.)<\/p>\n<p>########### =\/\\= ###########<br \/>\nZeremonielle Aufgaben<br \/>\n########### =\/\\= ###########<\/p>\n<p>Leibwache \/ Eskorte (Sercurity und\/oder Marines)<br \/>\nSicherheitspersonal und\/oder Marines k\u00f6nnen beauftragt werden, als F\u00fchrer oder Eskorte f\u00fcr einen VIP zu fungieren, w\u00e4hrend dieser das Schiff besucht. Der Sicherheitsbeamte eskortierte den VIP, wohin er m\u00f6chte, au\u00dfer in eingeschr\u00e4nkte oder kontrollierte Bereiche.<br \/>\nAnzahl und Bewaffnung h\u00e4ngt von der Situation ab.<\/p>\n<p>Ehrengarde (Sercurity und\/oder Marines)<br \/>\nWenn ein VIP an Bord kommt, kann eine Ehrengarde in die Luftschleuse, den Transporterraum oder das Flugdeck entsandt werden, um ihn als Zeichen des Respekts zu begr\u00fc\u00dfen.<br \/>\nWenn der VIP der Repr\u00e4sentant einer Planetenregierung ist, wird ihm \u201ePresidential Honours\u201c verliehen und die Hymne seines Planeten gespielt.<\/p>\n<p>Veranstaltungsschutz (Security)<br \/>\nW\u00e4hrend eines Banketts oder einer Feier an Bord eines Schiffes, an dem Nicht-Sternenflotten-Personen teilnehmen, kann Sicherheitspersonal beauftragt, an der Veranstaltung teilzunehmen.<br \/>\nSie tragen verdeckte Handphaser.<\/p>\n","protected":false},"excerpt":{"rendered":"<p>Sicherheit &amp; Marines Security \/ Marines Aufgabenteilung ########### =\/\\= ########### Kommandostruktur ########### =\/\\= ########### Leiter Sicherheit: CSO (Lt.jg Fiona MacKenzie) Stellvertreter Sicherheit: sCSO (MCpt. Charles Killroy &#8211; z.Z. gleichzeitig Leiter der Special Force (TL-SF) an Bord -) Team-Leader Special Force (TL-SF): Marine Offizier, h\u00f6chstens im Rang eines MCpt., mindestens 2nd Lt. Verbindungsoffizierin (VbOffz.): Die Verbindungsoffizierin&#8230;<\/p>\n<p class=\"more-link-wrap\"><a href=\"https:\/\/sf-germany.org\/einheiten\/uss-artemis\/crew\/abteilungen\/sicherheit_marines\/\" class=\"more-link\">Read More<span class=\"screen-reader-text\"> &ldquo;Sicherheit &#038; Marines&rdquo;<\/span> &raquo;<\/a><\/p>\n","protected":false},"author":1,"featured_media":0,"parent":3911,"menu_order":4,"comment_status":"closed","ping_status":"closed","template":"","meta":{"footnotes":""},"class_list":["post-72","page","type-page","status-publish","hentry"],"_links":{"self":[{"href":"https:\/\/sf-germany.org\/einheiten\/uss-artemis\/wp-json\/wp\/v2\/pages\/72","targetHints":{"allow":["GET"]}}],"collection":[{"href":"https:\/\/sf-germany.org\/einheiten\/uss-artemis\/wp-json\/wp\/v2\/pages"}],"about":[{"href":"https:\/\/sf-germany.org\/einheiten\/uss-artemis\/wp-json\/wp\/v2\/types\/page"}],"author":[{"embeddable":true,"href":"https:\/\/sf-germany.org\/einheiten\/uss-artemis\/wp-json\/wp\/v2\/users\/1"}],"replies":[{"embeddable":true,"href":"https:\/\/sf-germany.org\/einheiten\/uss-artemis\/wp-json\/wp\/v2\/comments?post=72"}],"version-history":[{"count":4,"href":"https:\/\/sf-germany.org\/einheiten\/uss-artemis\/wp-json\/wp\/v2\/pages\/72\/revisions"}],"predecessor-version":[{"id":3917,"href":"https:\/\/sf-germany.org\/einheiten\/uss-artemis\/wp-json\/wp\/v2\/pages\/72\/revisions\/3917"}],"up":[{"embeddable":true,"href":"https:\/\/sf-germany.org\/einheiten\/uss-artemis\/wp-json\/wp\/v2\/pages\/3911"}],"wp:attachment":[{"href":"https:\/\/sf-germany.org\/einheiten\/uss-artemis\/wp-json\/wp\/v2\/media?parent=72"}],"curies":[{"name":"wp","href":"https:\/\/api.w.org\/{rel}","templated":true}]}}