{"id":5023,"date":"2023-05-23T20:56:13","date_gmt":"2023-05-23T18:56:13","guid":{"rendered":"https:\/\/sf-germany.org\/einheiten\/uss-artemis\/?page_id=5023"},"modified":"2023-05-23T20:56:13","modified_gmt":"2023-05-23T18:56:13","slug":"chief-agent-zorh-troq","status":"publish","type":"page","link":"https:\/\/sf-germany.org\/einheiten\/uss-artemis\/chief-agent-zorh-troq\/","title":{"rendered":"Chief Agent Zorh T&#8217;roq"},"content":{"rendered":"<table style=\"background: none; border: 0px solid #ffffff; font-weight: bold; width: 95%;\" border=\"0\" width=\"95%\" cellspacing=\"5\" cellpadding=\"5\" align=\"center\">\n<tbody>\n<tr>\n<td style=\"background: none; border-radius: 1em; border: 0px solid #003366; box-shadow: 0.1em 0.1em 0.5em rgba(0,0,0,0.75); -moz-border-radius: 1em; -webkit-border-radius: 1em; -moz-box-shadow: 0.1em 0.1em 0.5em rgba(0, 0, 0, 0.75); -webkit-box-shadow: 0.1em 0.1em 0.5em rgba(0, 0, 0, 0.75);\" colspan=\"5\" rowspan=\"3\" align=\"center\" valign=\"middle\"><span style=\"font-family: 'Titillium Web'; font-size: 24pt;\"><b>Chief Agent Zorh T&#8217;roq<\/b><\/span><\/td>\n<\/tr>\n<\/tbody>\n<\/table>\n<table class=\"style=\" style=\"height: 1362px; width: 100%;\" border=\"0\" width=\"100%\" cellspacing=\"10\" align=\"center\">\n<tbody>\n<tr style=\"height: 18px;\">\n<td style=\"border: 0px solid transparent; font-weight: bold; height: 18px; width: 88.7719%; text-align: center;\" colspan=\"2\" align=\"center\"><img loading=\"lazy\" decoding=\"async\" class=\"alignnone wp-image-5022\" src=\"https:\/\/sf-germany.org\/einheiten\/uss-artemis\/wp-content\/uploads\/2023\/05\/Ch.Agent-Zorh-Troq-300x270.png\" alt=\"\" width=\"353\" height=\"318\" srcset=\"https:\/\/sf-germany.org\/einheiten\/uss-artemis\/wp-content\/uploads\/2023\/05\/Ch.Agent-Zorh-Troq-300x270.png 300w, https:\/\/sf-germany.org\/einheiten\/uss-artemis\/wp-content\/uploads\/2023\/05\/Ch.Agent-Zorh-Troq-1024x923.png 1024w, https:\/\/sf-germany.org\/einheiten\/uss-artemis\/wp-content\/uploads\/2023\/05\/Ch.Agent-Zorh-Troq-768x692.png 768w, https:\/\/sf-germany.org\/einheiten\/uss-artemis\/wp-content\/uploads\/2023\/05\/Ch.Agent-Zorh-Troq.png 1136w\" sizes=\"auto, (max-width: 353px) 100vw, 353px\" \/><\/td>\n<\/tr>\n<tr style=\"height: 18px;\">\n<td style=\"border: 0px solid transparent; font-weight: bold; height: 18px; width: 41.0526%;\" align=\"right\"><span style=\"font-size: 10pt; font-family: 'Titillium Web';\">Status<\/span><\/td>\n<td style=\"border: 0px solid transparent; height: 18px; width: 47.7193%;\" align=\"left\"><span style=\"font-size: 10pt; font-family: 'Titillium Web';\">NPC<\/span><\/td>\n<\/tr>\n<tr style=\"height: 18px;\">\n<td style=\"background: #555555; border: 0px solid #003366; font-weight: bold; border-radius: 1em; box-shadow: rgba(0, 0, 0, 0.75) 0.1em 0.1em 0.5em; height: 18px; width: 88.7719%;\" colspan=\"2\" align=\"center\"><span style=\"font-size: 10pt; font-family: 'Titillium Web';\">Dienstliche Informationen<\/span><\/td>\n<\/tr>\n<tr style=\"height: 83px;\">\n<td style=\"border: 0px solid transparent; font-weight: bold; width: 41.0526%; text-align: right; height: 16px;\"><span style=\"font-size: 10pt; font-family: 'Titillium Web';\">Ranggrafik<\/span><\/td>\n<td style=\"border: 0px solid transparent; width: 47.7193%; height: 16px;\"><img loading=\"lazy\" decoding=\"async\" class=\"alignnone size-full wp-image-3602\" src=\"https:\/\/sf-germany.org\/einheiten\/uss-artemis\/wp-content\/uploads\/2022\/09\/w-o6-1.png\" alt=\"\" width=\"128\" height=\"32\" \/><\/td>\n<\/tr>\n<tr style=\"height: 18px;\">\n<td style=\"border: 0px solid transparent; font-weight: bold; height: 18px; width: 41.0526%;\" align=\"right\"><span style=\"font-size: 10pt; font-family: 'Titillium Web';\">Rang<\/span><\/td>\n<td style=\"border: 0px solid transparent; height: 18px; width: 47.7193%;\" align=\"left\"><span style=\"font-size: 10pt; font-family: 'Titillium Web';\"><span style=\"font-size: 10pt; font-family: 'Titillium Web';\">Chief Agent<\/span><\/span><\/td>\n<\/tr>\n<tr style=\"height: 23px;\">\n<td style=\"border: 0px solid transparent; font-weight: bold; width: 41.0526%; text-align: right; height: 23px;\"><span style=\"font-size: 10pt; font-family: 'Titillium Web';\"><strong>Status<\/strong><br \/>\n<\/span><\/td>\n<td style=\"border: 0px solid transparent; width: 47.7193%; height: 23px;\"><span style=\"font-size: 10pt; font-family: 'Titillium Web';\">aktiv<\/span><\/td>\n<\/tr>\n<tr style=\"height: 18px;\">\n<td style=\"border: 0px solid transparent; font-weight: bold; height: 18px; width: 41.0526%;\" align=\"right\"><span style=\"font-size: 10pt; font-family: 'Titillium Web';\">Posten<\/span><\/td>\n<td style=\"border: 0px solid transparent; height: 18px; width: 47.7193%;\" align=\"left\"><span style=\"font-size: 10pt;\">Kommandant Deck 400 &#8211; 500<\/span><\/td>\n<\/tr>\n<tr style=\"height: 18px;\">\n<td style=\"border: 0px solid transparent; font-weight: bold; height: 18px; width: 41.0526%;\" align=\"right\"><span style=\"font-size: 10pt; font-family: 'Titillium Web';\">Stationierung<\/span><\/td>\n<td style=\"border: 0px solid transparent; height: 18px; width: 47.7193%;\" align=\"left\"><span style=\"font-size: 10pt; font-family: 'Titillium Web';\">Janus Terminal<\/span><\/td>\n<\/tr>\n<tr style=\"height: 18px;\">\n<td style=\"background: #555555; border: 0px solid #003366; font-weight: bold; border-radius: 1em; box-shadow: rgba(0, 0, 0, 0.75) 0.1em 0.1em 0.5em; height: 18px; width: 88.7719%;\" colspan=\"2\" align=\"center\"><span style=\"font-size: 10pt; font-family: 'Titillium Web';\">Biographische Informationen<\/span><\/td>\n<\/tr>\n<tr style=\"height: 18px;\">\n<td style=\"border: 0px solid transparent; font-weight: bold; height: 18px; width: 41.0526%;\" align=\"right\"><span style=\"font-size: 10pt; font-family: 'Titillium Web';\">Geboren<\/span><\/td>\n<td style=\"border: 0px solid transparent; height: 18px; width: 47.7193%;\" align=\"left\"><span style=\"font-size: 10pt; font-family: 'Titillium Web';\">unbekannt<\/span><\/td>\n<\/tr>\n<tr style=\"height: 18px;\">\n<td style=\"border: 0px solid transparent; font-weight: bold; height: 18px; width: 41.0526%;\" align=\"right\"><span style=\"font-size: 10pt; font-family: 'Titillium Web';\">Familienstand<\/span><\/td>\n<td style=\"border: 0px solid transparent; height: 18px; width: 47.7193%;\" align=\"left\"><span style=\"font-size: 10pt; font-family: 'Titillium Web';\">unbekannt<\/span><\/td>\n<\/tr>\n<tr style=\"height: 18px;\">\n<td style=\"border: 0px solid transparent; font-weight: bold; height: 18px; text-align: right; width: 41.0526%;\"><span style=\"font-size: 10pt; font-family: 'Titillium Web';\">Vater<\/span><\/td>\n<td style=\"border: 0px solid transparent; height: 18px; width: 47.7193%;\"><span style=\"font-size: 10pt; font-family: 'Titillium Web';\">unbekannt<\/span><\/td>\n<\/tr>\n<tr style=\"height: 36px;\">\n<td style=\"border: 0px solid transparent; font-weight: bold; height: 36px; width: 41.0526%;\" align=\"right\"><span style=\"font-size: 10pt; font-family: 'Titillium Web';\">Mutter:<\/span><\/td>\n<td style=\"border: 0px solid transparent; height: 36px; width: 47.7193%;\" align=\"left\"><span style=\"font-size: 10pt; font-family: 'Titillium Web';\">unbekannt<\/span><\/td>\n<\/tr>\n<tr style=\"height: 18px;\">\n<td style=\"background: #555555; border: 0px solid #003366; font-weight: bold; border-radius: 1em; box-shadow: rgba(0, 0, 0, 0.75) 0.1em 0.1em 0.5em; height: 18px; width: 88.7719%;\" colspan=\"2\" align=\"center\"><span style=\"font-size: 10pt; font-family: 'Titillium Web';\">Physische Beschreibung<\/span><\/td>\n<\/tr>\n<tr style=\"height: 18px;\">\n<td style=\"border: 0px solid transparent; font-weight: bold; height: 18px; width: 41.0526%;\" align=\"right\"><span style=\"font-size: 10pt; font-family: 'Titillium Web';\">Spezies<\/span><\/td>\n<td style=\"border: 0px solid transparent; height: 18px; width: 47.7193%;\" align=\"left\"><span style=\"font-size: 10pt; font-family: 'Titillium Web';\">unbekannt<\/span><\/td>\n<\/tr>\n<tr style=\"height: 18px;\">\n<td style=\"border: 0px solid transparent; font-weight: bold; height: 18px; width: 41.0526%;\" align=\"right\"><span style=\"font-size: 10pt; font-family: 'Titillium Web';\">Geschlecht<\/span><\/td>\n<td style=\"border: 0px solid transparent; height: 18px; width: 47.7193%;\" align=\"left\"><span style=\"font-size: 10pt; font-family: 'Titillium Web';\">m\u00e4nnlich<\/span><\/td>\n<\/tr>\n<tr style=\"height: 18px;\">\n<td style=\"border: 0px solid transparent; font-weight: bold; height: 18px; width: 41.0526%;\" align=\"right\"><span style=\"font-size: 10pt; font-family: 'Titillium Web';\">Gr\u00f6\u00dfe<\/span><\/td>\n<td style=\"border: 0px solid transparent; height: 18px; width: 47.7193%;\" align=\"left\"><span style=\"font-size: 10pt; font-family: 'Titillium Web';\">2,03 cm<\/span><\/td>\n<\/tr>\n<tr style=\"height: 18px;\">\n<td style=\"border: 0px solid transparent; font-weight: bold; height: 18px; width: 41.0526%;\" align=\"right\"><span style=\"font-size: 10pt; font-family: 'Titillium Web';\">Gewicht<\/span><\/td>\n<td style=\"border: 0px solid transparent; height: 18px; width: 47.7193%;\" align=\"left\"><span style=\"font-size: 10pt; font-family: 'Titillium Web';\">105 kg<\/span><\/td>\n<\/tr>\n<tr style=\"height: 18px;\">\n<td style=\"border: 0px solid transparent; font-weight: bold; height: 18px; width: 41.0526%;\" align=\"right\"><span style=\"font-size: 10pt; font-family: 'Titillium Web';\">Haarfarbe<\/span><\/td>\n<td style=\"border: 0px solid transparent; height: 18px; width: 47.7193%;\" align=\"left\"><span style=\"font-size: 10pt; font-family: 'Titillium Web';\">dunkelbraun<\/span><\/td>\n<\/tr>\n<tr style=\"height: 18px;\">\n<td style=\"border: 0px solid transparent; font-weight: bold; height: 18px; width: 41.0526%;\" align=\"right\"><span style=\"font-size: 10pt; font-family: 'Titillium Web';\">Augenfarbe<\/span><\/td>\n<td style=\"border: 0px solid transparent; height: 18px; width: 47.7193%;\" align=\"left\"><span style=\"font-size: 10pt; font-family: 'Titillium Web';\">gelbrot<\/span><\/td>\n<\/tr>\n<tr style=\"height: 36px;\">\n<td style=\"background: #555555; border: 0px solid #003366; font-weight: bold; border-radius: 1em; box-shadow: rgba(0, 0, 0, 0.75) 0.1em 0.1em 0.5em; height: 36px; width: 88.7719%;\" colspan=\"2\" align=\"center\"><span style=\"font-size: 10pt; font-family: 'Titillium Web';\">Politische Informationen<\/span><\/td>\n<\/tr>\n<tr style=\"height: 18px;\">\n<td style=\"border: 0px solid transparent; font-weight: bold; height: 18px; width: 41.0526%;\" align=\"right\"><span style=\"font-size: 10pt; font-family: 'Titillium Web';\">B\u00fcrgerschaft<\/span><\/td>\n<td style=\"border: 0px solid transparent; height: 18px; width: 47.7193%;\" align=\"left\"><span style=\"font-size: 10pt; font-family: 'Titillium Web';\">UFP B\u00fcrger<\/span><\/td>\n<\/tr>\n<tr style=\"height: 23px;\">\n<td style=\"border: 0px solid transparent; font-weight: bold; width: 41.0526%; text-align: right; height: 23px;\"><span style=\"font-size: 10pt; font-family: 'Titillium Web';\">Religion<\/span><\/td>\n<td style=\"border: 0px solid transparent; width: 47.7193%; height: 23px;\"><span style=\"font-size: 10pt; font-family: 'Titillium Web';\">unbekannt<\/span><\/td>\n<\/tr>\n<tr style=\"height: 46px;\">\n<td style=\"border: 0px solid transparent; font-weight: bold; width: 41.0526%; text-align: right; height: 46px;\"><span style=\"font-size: 10pt; font-family: 'Titillium Web';\">Sprachen<\/span><\/td>\n<td style=\"border: 0px solid transparent; width: 47.7193%; height: 46px;\"><span style=\"font-size: 10pt; font-family: 'Titillium Web';\">unbekannt<\/span><\/td>\n<\/tr>\n<\/tbody>\n<\/table>\n","protected":false},"excerpt":{"rendered":"<p>Chief Agent Zorh T&#8217;roq Status NPC Dienstliche Informationen Ranggrafik Rang Chief Agent Status aktiv Posten Kommandant Deck 400 &#8211; 500 Stationierung Janus Terminal Biographische Informationen Geboren unbekannt Familienstand unbekannt Vater unbekannt Mutter: unbekannt Physische Beschreibung Spezies unbekannt Geschlecht m\u00e4nnlich Gr\u00f6\u00dfe 2,03 cm Gewicht 105 kg Haarfarbe dunkelbraun Augenfarbe gelbrot Politische Informationen B\u00fcrgerschaft UFP B\u00fcrger Religion&#8230;<\/p>\n<p class=\"more-link-wrap\"><a href=\"https:\/\/sf-germany.org\/einheiten\/uss-artemis\/chief-agent-zorh-troq\/\" class=\"more-link\">Read More<span class=\"screen-reader-text\"> &ldquo;Chief Agent Zorh T&#8217;roq&rdquo;<\/span> &raquo;<\/a><\/p>\n","protected":false},"author":2,"featured_media":0,"parent":0,"menu_order":0,"comment_status":"closed","ping_status":"closed","template":"","meta":{"footnotes":""},"class_list":["post-5023","page","type-page","status-publish","hentry"],"_links":{"self":[{"href":"https:\/\/sf-germany.org\/einheiten\/uss-artemis\/wp-json\/wp\/v2\/pages\/5023","targetHints":{"allow":["GET"]}}],"collection":[{"href":"https:\/\/sf-germany.org\/einheiten\/uss-artemis\/wp-json\/wp\/v2\/pages"}],"about":[{"href":"https:\/\/sf-germany.org\/einheiten\/uss-artemis\/wp-json\/wp\/v2\/types\/page"}],"author":[{"embeddable":true,"href":"https:\/\/sf-germany.org\/einheiten\/uss-artemis\/wp-json\/wp\/v2\/users\/2"}],"replies":[{"embeddable":true,"href":"https:\/\/sf-germany.org\/einheiten\/uss-artemis\/wp-json\/wp\/v2\/comments?post=5023"}],"version-history":[{"count":1,"href":"https:\/\/sf-germany.org\/einheiten\/uss-artemis\/wp-json\/wp\/v2\/pages\/5023\/revisions"}],"predecessor-version":[{"id":5024,"href":"https:\/\/sf-germany.org\/einheiten\/uss-artemis\/wp-json\/wp\/v2\/pages\/5023\/revisions\/5024"}],"wp:attachment":[{"href":"https:\/\/sf-germany.org\/einheiten\/uss-artemis\/wp-json\/wp\/v2\/media?parent=5023"}],"curies":[{"name":"wp","href":"https:\/\/api.w.org\/{rel}","templated":true}]}}