{"id":4996,"date":"2023-03-12T16:28:29","date_gmt":"2023-03-12T15:28:29","guid":{"rendered":"https:\/\/sf-germany.org\/einheiten\/uss-artemis\/?page_id=4996"},"modified":"2023-03-21T13:59:52","modified_gmt":"2023-03-21T12:59:52","slug":"cooper-callahan","status":"publish","type":"page","link":"https:\/\/sf-germany.org\/einheiten\/uss-artemis\/crew\/abteilungen\/sicherheit_marines\/cooper-callahan\/","title":{"rendered":"Cooper Callahan"},"content":{"rendered":"<table style=\"background: none; border: 0px solid #ffffff; font-weight: bold;\" border=\"0\" width=\"95%\" cellspacing=\"5\" cellpadding=\"5\" align=\"center\">\n<tbody>\n<tr>\n<td style=\"background: none; border-radius: 1em; border: 0px solid #003366; box-shadow: 0.1em 0.1em 0.5em rgba(0,0,0,0.75); -webkit-border-radius: 1em; -moz-border-radius: 1em; -moz-box-shadow: 0.1em 0.1em 0.5em rgba(0, 0, 0, 0.75); -webkit-box-shadow: 0.1em 0.1em 0.5em rgba(0, 0, 0, 0.75);\" colspan=\"5\" rowspan=\"3\" align=\"center\" valign=\"middle\">\n<h2><strong>Cooper Callahan<\/strong><\/h2>\n<\/td>\n<\/tr>\n<\/tbody>\n<\/table>\n<p>&nbsp;<\/p>\n<div style=\"float: left; margin-right: 15px; margin-bottom: 15px; font-size: 11px; width: 300px; padding-left: 10px; padding-right: 10px;\">\n<table style=\"background: none; border: 0px solid #003366; margin-bottom: 15px; margin-right: 15px; float: left; border-radius: 1em; box-shadow: rgba(0, 0, 0, 0.75) 0.1em 0.1em 0.5em; width: 82.668%;\" border=\"1\" width=\"250\" cellspacing=\"10\" align=\"right\">\n<tbody>\n<tr>\n<td style=\"border: 0px solid transparent; font-weight: bold; width: 87.9518%;\" colspan=\"2\" align=\"center\" width=\"250\"><a href=\"https:\/\/sf-germany.org\/einheiten\/uss-artemis\/wp-content\/uploads\/2023\/03\/coopercallahan2.png\" rel=\"lightbox-0\"><img loading=\"lazy\" decoding=\"async\" class=\"aligncenter wp-image-5010\" src=\"https:\/\/sf-germany.org\/einheiten\/uss-artemis\/wp-content\/uploads\/2023\/03\/coopercallahan2.png\" alt=\"\" width=\"150\" height=\"150\" srcset=\"https:\/\/sf-germany.org\/einheiten\/uss-artemis\/wp-content\/uploads\/2023\/03\/coopercallahan2.png 604w, https:\/\/sf-germany.org\/einheiten\/uss-artemis\/wp-content\/uploads\/2023\/03\/coopercallahan2-300x300.png 300w, https:\/\/sf-germany.org\/einheiten\/uss-artemis\/wp-content\/uploads\/2023\/03\/coopercallahan2-150x150.png 150w\" sizes=\"auto, (max-width: 150px) 100vw, 150px\" \/><\/a><\/td>\n<\/tr>\n<tr>\n<td style=\"border: 0px solid transparent; font-weight: bold; width: 87.9518%;\" colspan=\"2\" align=\"center\" width=\"250\">Cooper Callahan<\/td>\n<\/tr>\n<tr>\n<td style=\"border: 0px solid transparent; font-weight: bold; width: 41.3655%;\" align=\"right\" width=\"111\">Status<\/td>\n<td style=\"border: 0px solid transparent; width: 46.5863%;\" align=\"left\" width=\"129\">NPC<\/td>\n<\/tr>\n<tr>\n<td style=\"border: 0px solid transparent; font-weight: bold; width: 41.3655%;\" align=\"right\" width=\"111\">Spieler<\/td>\n<td style=\"border: 0px solid transparent; width: 46.5863%;\" align=\"left\" width=\"129\">Macky<\/td>\n<\/tr>\n<tr>\n<td style=\"background: #555555; border: 0px solid #003366; font-weight: bold; border-radius: 1em; box-shadow: rgba(0, 0, 0, 0.75) 0.1em 0.1em 0.5em; width: 87.9518%;\" colspan=\"2\" align=\"center\" width=\"240\">Dienstliche Informationen<\/td>\n<\/tr>\n<tr>\n<td style=\"border: 0px solid transparent; font-weight: bold; vertical-align: middle; width: 41.3655%;\" align=\"right\" width=\"111\">Ranggrafik<\/td>\n<td style=\"border: 0px solid transparent; width: 46.5863%;\" align=\"left\" width=\"129\"><a href=\"https:\/\/sf-germany.org\/einheiten\/uss-artemis\/wp-content\/uploads\/2022\/09\/y-w1.png\" rel=\"lightbox-1\"><img loading=\"lazy\" decoding=\"async\" class=\"aligncenter size-full wp-image-3628\" src=\"https:\/\/sf-germany.org\/einheiten\/uss-artemis\/wp-content\/uploads\/2022\/09\/y-w1.png\" alt=\"Warrant Officer\" width=\"128\" height=\"32\" \/><\/a><\/td>\n<\/tr>\n<tr>\n<td style=\"border: 0px solid transparent; font-weight: bold; width: 41.3655%;\" align=\"right\" width=\"111\">Rang<\/td>\n<td style=\"border: 0px solid transparent; width: 46.5863%;\" align=\"left\" width=\"129\">WO<\/td>\n<\/tr>\n<tr>\n<td style=\"border: 0px solid transparent; font-weight: bold; width: 41.3655%;\" align=\"right\" width=\"111\">Posten<\/td>\n<td style=\"border: 0px solid transparent; width: 46.5863%;\" align=\"left\" width=\"129\">Security Instructor<\/td>\n<\/tr>\n<tr>\n<td style=\"border: 0px solid transparent; font-weight: bold; width: 41.3655%;\" align=\"right\" width=\"111\">Stationierung<\/td>\n<td style=\"border: 0px solid transparent; width: 46.5863%;\" align=\"left\" width=\"129\">USS Artemis<\/td>\n<\/tr>\n<tr>\n<td style=\"background: #555555; border: 0px solid #003366; font-weight: bold; border-radius: 1em; box-shadow: rgba(0, 0, 0, 0.75) 0.1em 0.1em 0.5em; width: 87.9518%;\" colspan=\"2\" align=\"center\" width=\"250\">Biographische Informationen<\/td>\n<\/tr>\n<tr>\n<td style=\"border: 0px solid transparent; font-weight: bold; width: 41.3655%;\" align=\"right\" width=\"111\">Geburtsjahr<\/td>\n<td style=\"border: 0px solid transparent; width: 46.5863%;\" align=\"left\" width=\"129\">2377<\/td>\n<\/tr>\n<tr>\n<td style=\"border: 0px solid transparent; font-weight: bold; width: 41.3655%;\" align=\"right\" width=\"111\">Geburtsort<\/td>\n<td style=\"border: 0px solid transparent; width: 46.5863%;\" align=\"left\" width=\"129\">Erde \/ Texas<\/td>\n<\/tr>\n<tr>\n<td style=\"border: 0px solid transparent; font-weight: bold; width: 41.3655%;\" align=\"right\" width=\"111\">Familienstand<\/td>\n<td style=\"border: 0px solid transparent; width: 46.5863%;\" align=\"left\" width=\"129\">ledig<\/td>\n<\/tr>\n<tr>\n<td style=\"border: 0px solid transparent; font-weight: bold; width: 41.3655%;\" align=\"right\" width=\"111\">Eltern<\/td>\n<td style=\"border: 0px solid transparent; width: 46.5863%;\" align=\"left\" width=\"129\">Melissa Callahan geb. Loyd (RiP)<br \/>\nPreston James Callahan (RiP)<\/td>\n<\/tr>\n<tr>\n<td style=\"border: 0px solid transparent; font-weight: bold; width: 41.3655%;\" align=\"right\" width=\"111\">Geschwister<\/td>\n<td style=\"border: 0px solid transparent; width: 46.5863%;\" align=\"left\" width=\"129\">&#8211;<\/td>\n<\/tr>\n<tr>\n<td style=\"background: #555555; border: 0px solid #003366; font-weight: bold; border-radius: 1em; box-shadow: rgba(0, 0, 0, 0.75) 0.1em 0.1em 0.5em; width: 87.9518%;\" colspan=\"2\" align=\"center\" width=\"250\">Physische Beschreibung<\/td>\n<\/tr>\n<tr>\n<td style=\"border: 0px solid transparent; font-weight: bold; width: 41.3655%;\" align=\"right\" width=\"111\">Spezies<\/td>\n<td style=\"border: 0px solid transparent; width: 46.5863%;\" align=\"left\" width=\"129\">Mensch<\/td>\n<\/tr>\n<tr>\n<td style=\"border: 0px solid transparent; font-weight: bold; width: 41.3655%;\" align=\"right\" width=\"111\">Geschlecht<\/td>\n<td style=\"border: 0px solid transparent; width: 46.5863%;\" align=\"left\" width=\"129\">m\u00e4nnlich<\/td>\n<\/tr>\n<tr>\n<td style=\"border: 0px solid transparent; font-weight: bold; width: 41.3655%;\" align=\"right\" width=\"111\">Gr\u00f6\u00dfe<\/td>\n<td style=\"border: 0px solid transparent; width: 46.5863%;\" align=\"left\" width=\"129\">185cm<\/td>\n<\/tr>\n<tr>\n<td style=\"border: 0px solid transparent; font-weight: bold; width: 41.3655%;\" align=\"right\" width=\"111\">Gewicht<\/td>\n<td style=\"border: 0px solid transparent; width: 46.5863%;\" align=\"left\" width=\"129\">85<\/td>\n<\/tr>\n<tr>\n<td style=\"border: 0px solid transparent; font-weight: bold; width: 41.3655%;\" align=\"right\" width=\"111\">Haarfarbe<\/td>\n<td style=\"border: 0px solid transparent; width: 46.5863%;\" align=\"left\" width=\"129\">helles braun<\/td>\n<\/tr>\n<tr>\n<td style=\"border: 0px solid transparent; font-weight: bold; width: 41.3655%;\" align=\"right\" width=\"111\">Augenfarbe<\/td>\n<td style=\"border: 0px solid transparent; width: 46.5863%;\" align=\"left\" width=\"129\">Blau mit Gr\u00fcnstich<\/td>\n<\/tr>\n<tr>\n<td style=\"border: 0px solid transparent; font-weight: bold; width: 41.3655%;\" align=\"right\" width=\"111\">Hautfarbe<\/td>\n<td style=\"border: 0px solid transparent; width: 46.5863%;\" align=\"left\" width=\"129\">wei\u00df, leicht gebr\u00e4unt<\/td>\n<\/tr>\n<tr>\n<td style=\"border: 0px solid transparent; font-weight: bold; width: 41.3655%;\" align=\"right\" width=\"111\">Verhalten<\/td>\n<td style=\"border: 0px solid transparent; width: 46.5863%;\" align=\"left\" width=\"129\">ruhig und texanisch h\u00f6flich<\/td>\n<\/tr>\n<tr>\n<td style=\"border: 0px solid transparent; font-weight: bold; width: 41.3655%;\" align=\"right\" width=\"111\">Kurzinfo<\/td>\n<td style=\"border: 0px solid transparent; width: 46.5863%;\" align=\"left\" width=\"129\">tr\u00e4gt in seiner Freizeit meist einen schwarzen Cowboyhut.<br \/>\ngute Freunden nennen ihn C.C. (Si.Si)<\/td>\n<\/tr>\n<tr>\n<td style=\"background: #555555; border: 0px solid #003366; font-weight: bold; border-radius: 1em; box-shadow: rgba(0, 0, 0, 0.75) 0.1em 0.1em 0.5em; width: 87.9518%;\" colspan=\"2\" align=\"center\" width=\"250\">Politische Informationen<\/td>\n<\/tr>\n<tr>\n<td style=\"border: 0px solid transparent; font-weight: bold; width: 41.3655%;\" align=\"right\" width=\"111\">B\u00fcrgerschaft<\/td>\n<td style=\"border: 0px solid transparent; width: 46.5863%;\" align=\"left\" width=\"129\">UFP<\/td>\n<\/tr>\n<tr>\n<td style=\"border: 0px solid transparent; font-weight: bold; width: 41.3655%;\" align=\"right\" width=\"111\">\u00a0Religion<\/td>\n<td style=\"border: 0px solid transparent; width: 46.5863%;\" align=\"left\" width=\"129\">&#8211;<\/td>\n<\/tr>\n<\/tbody>\n<\/table>\n<\/div>\n<p><strong><span style=\"font-family: 'Big Shoulders Text'; font-size: 24pt;\">Lebenslauf<\/span><\/strong><\/p>\n<p>Cooper wurde im Jahre 2377 als erster Sohn von Preston und Melissa Callahan in Texas geboren. Nach der Losl\u00f6sung Texas von den Vereinigten Staaten 2380 wurde sein Vater, der bis dahin ein einfacher Schaf- und Rinder-Rancher war, Mitglied der neu gegr\u00fcndeten reformierten W\u00fcstenranger.<\/p>\n<p>Bis zu diesem Zeitpunkt verlebte Cooper eine gl\u00fcckliche und ausgewogene Kindheit. Nach 2380 war sein Vater jedoch des \u00d6fteren wegen Patrouillenfl\u00fcge abwesend, so dass der pubertierende J\u00fcngling meinte sich austoben zu m\u00fcssen. Viel zu jung f\u00fcr sein Alter meldete er sich mit einem gef\u00e4lschten Ausweis bei einem Rodeo an. Zun\u00e4chst schien es, als w\u00fcrde er es tats\u00e4chlich schaffen den Stier zu b\u00e4ndigen, dann beging er einen Fehler und wurde abgeworfen. Mit schweren Verletzungen wurde er in das n\u00e4chste Krankenhaus gebracht, wo ihm die \u00c4rzte ein k\u00fcnstliches H\u00fcftgelenk einsetzen mussten. Weiterhin lag er f\u00fcr 3 lange Wochen im Heilkoma.<\/p>\n<p>Die Zeit danach war schwer f\u00fcr Cooper. Er musste diverse Rehama\u00dfnahmen \u00fcber sich ergehen lassen, um \u00fcberhaupt wieder richtig laufen zu k\u00f6nnen. Die unterschwellige Entt\u00e4uschung seines Vaters machte diese Zeit zu einer weiteren Herausforderung f\u00fcr ihn.<\/p>\n<p>Nach und nach wurde es besser, er konnte wieder gehen und arbeitete hart auf der Farm. Dennoch schien es, als k\u00f6nne er den Respekt seines Vaters nicht zur\u00fcck gewinnen. Als er sich dann eines Tages nach langem Training endlich wieder auf ein Pferd setzte, geriet sein Vater sogar derart in Wut \u00fcber Cooper&#8217;s Leichtsinn, dass er ihn schlug. \u00dcber diese Behandlung verwirrt und entt\u00e4uscht packte Cooper noch am selben Abend seine Sachen und verschwand. Erst einen Monat sp\u00e4ter konnte man den inzwischen 18j\u00e4hrigen aufsp\u00fcren als er sich 2395 freiwillig f\u00fcr die Grundausbildung bei der Sternenflotte bewarb. Aufgrund seines k\u00f6rperlichen Zustands lehnte man ihn jedoch ab. Daraufhin nahm er einen Hilfsarbeiterjob auf einem Frachter an und erneut verliert sich hier seine Spur.<\/p>\n<p>In Jahr 2396 tauchte sein Name bei der cardassianischen Fremdenlegion auf bei der er sich f\u00fcr 5 Jahre verpflichtete. Dort erhielt er zun\u00e4chst eine milit\u00e4rische Grundausbildung\u00a0 und nahm sp\u00e4ter auch an diversen Kampfeins\u00e4tzen teil.<br \/>\nNach dieser Zeit trieb er sich in etlichen Bars herum und schlug sich erneut als Hilfsarbeiter durch bis ihn die Nachricht vom Tode seiner Eltern erreichte. Eine elektrische Fehlfunktion des veralteten Replikators setze das Haus seiner Eltern in Brand und trotz der sofort einsetzenden L\u00f6schma\u00dfnahmen konnten beide nur noch tot geborgen werden. Im Gerichtsmedizinischen Bericht stand das sein Vater einen erh\u00f6hten Blutalkohlwert aufwies und bei seiner Mutter wurde ein starkes Schlafmittel nachgewiesen. Die Untersuchungen konnten einen Selbstmord oder Mord mit anschlie\u00dfendem Selbstmord nicht ausschlie\u00dfen, schlossen den Fall jedoch als Unfall ab.<br \/>\nDamit wurde Cooper zum Alleinerben der Farm die er anschlie\u00dfend verkaufte.<br \/>\nEine Aussprache mit seinem Vater hat nie stattgefunden.<\/p>\n<p>Nach seiner R\u00fcckkehr auf die Erde war er erwachsener, reifer und sein humpeln hatte merklich nachgelassen.<br \/>\n2402 bewarb er sich daher erneut bei der Sternenflotte da ihn auf der Erde nichts hielt.<br \/>\nNach \u00e4rztlichen Untersuchungen, einem k\u00f6rperlichen Leistungstest sowie seiner Vorgeschichte in der cardassianischen Fremdenlegion wurde seiner Bewerbung entsprochen.<br \/>\nNach der Grundausbildung wurde Cooper auf verschiedenen Schiffen und Stationen als Sicherheitsbeamter eingesetzt und arbeitete sich recht schnell vom einfachen Crewman zum WO hinauf.<br \/>\nBei seiner Versetzung auf die Artemis wurde ihm mitgeteilt das er nach einer Wartezeit von 5 Jahren die M\u00f6glichkeit h\u00e4tte die Offizierspr\u00fcfung abzulegen und in den Rang eines Ensign bef\u00f6rdert zu werden.<\/p>\n<p>Auf der Artemis wird Cooper neben normalen Sicherheitst\u00e4tigkeiten als Ausbilder in den Bereichen Recht, Protokolle, Fitness und Selbstverteidigung eingesetzt.<\/p>\n<p>&nbsp;<\/p>\n<hr \/>\n<p><strong><span style=\"font-family: 'Big Shoulders Text'; font-size: 24pt;\">Psychologisches Profil<\/span><\/strong><\/p>\n<p>Die schwere Verletzung in seiner Jugend mit den darauffolgenden Rehama\u00dfnahmen haben aus dem jungen, \u00fcberm\u00fctigen und stets fr\u00f6hlichen Jungen einen ernsten aber h\u00f6flichen Mann werden lassen.<br \/>\nSeine ruhige und besonnene Art f\u00e4llt haupts\u00e4chlich in Krisensituationen auf in denen er meist einen guten \u00dcberblick beh\u00e4lt und das Wohl seiner Untergebenen neben der Erf\u00fcllung seiner Befehle die h\u00f6chste Priorit\u00e4t hat.<br \/>\nDas er auch anders kann zeigt er teilweise w\u00e4hrend den Ausbildungsstunden in denen er durchaus auch einmal laut und sehr viel weniger h\u00f6flich sein kann, besonders wenn seine Sch\u00fctzlinge vermeidbare Leichtsinnsfehler machen.<\/p>\n<p>In wie weit er den Tod seiner Eltern verarbeitete hat kann zu diesem Zeitpunkt nicht gesagt werden, allerdings vermute ich das es ihm in dunklen Stunden durchaus zu schaffen macht das er sich zumindest mit seinem Vater nicht mehr aussprechen konnte.<br \/>\nAuch redet er nur ungern \u00fcber seine Zeit bzw. die Erlebnisse bei der cardassianischen Fremdenlegion.<br \/>\nSein Dienst wird davon bislang nicht beeinflusst so das ich ihm volle psychologische Diensttauglichkeit bescheinige.<\/p>\n<p>Die Zeit bei der cardassianischen Fremdenlegion scheint ihn gepr\u00e4gt zu haben. Zwar redet er mit mir nicht offen \u00fcber diese Zeit doch das wenige das er sagt l\u00e4\u00dft darauf schlie\u00dfen das er mit dem cardassianischen Moralkodex nicht wirklich einverstanden ist und Dinge erlebt und vermutlich getan hat die er gerne vergessen w\u00fcrde.<\/p>\n<p>&#8211; Dr. Obren, USS Ebuerola &#8211;<\/p>\n<p>Nachtrag:<br \/>\nSicherheitsstufe X &#8211; SFI<br \/>\nBei diversen Verh\u00f6ren zeigt sich Mr. Callahan kooperativ und wir konnte seine Berichte verifizieren.<br \/>\nNach eigenen Angaben hegt er zwar keine Groll gegen\u00fcber Cardassianern doch f\u00fcr diese Arbeiten m\u00f6chte er auf gar keine Fall mehr. Das Wissen das er sich dort angeeignet hat kann der F\u00f6deration n\u00fctzlich sein und nach aktuellem Stand ist nicht davon auszugehen das Mr. Callahan eine Gefahr f\u00fcr die F\u00f6deration oder Starfleet darstellt.<br \/>\nDaher wird seinem Wunsch die Grundausbildung an der Akademie abzuschlie\u00dfen entsprochen.<\/p>\n<hr \/>\n<p><strong><span style=\"font-family: 'Big Shoulders Text'; font-size: 24pt;\">Spezialgebiete<\/span><\/strong><\/p>\n<p><b>Ausbildung<\/b><\/p>\n<ul>\n<li>Ausbildung in verschiedenen Selbstverteidigungstechniken<\/li>\n<li>Weiterbildungskurse in F\u00f6derationsrecht und Sicherheitsprotokollen<\/li>\n<li>Fortgeschrittenen Lehrgang in Ausbildungsleitung (Spezialgebiete: Recht und Gesetz, Sicherheitsprotokolle, Fitness, Kondition und Selbstverteidigung)<\/li>\n<li>&#8211;<\/li>\n<\/ul>\n<p><b>Sprachen<\/b><\/p>\n<ul>\n<li>F\u00f6derationsstandard mit texanischem Akzent<\/li>\n<li>Grundkenntnisse in cardassianisch<\/li>\n<li>Grundwortschatz (meist Fl\u00fcche oder Beleidigungen) in den bekanntesten Sprachen (klingonisch, andorianisch, bolianisch und ferengi)<\/li>\n<li>&#8211;<\/li>\n<\/ul>\n<hr \/>\n<p><strong><span style=\"font-family: 'Big Shoulders Text'; font-size: 24pt;\">Hobbies<\/span><\/strong><\/p>\n<ul>\n<li>Reiten<\/li>\n<li>Motocross fahren<\/li>\n<li>Gitarre spielen und Countrysongs singen<\/li>\n<li>Alte irdische Flugzeuge, meist Doppeldecker, auf dem Holodeck fliegen<\/li>\n<\/ul>\n<hr \/>\n<p><span style=\"font-family: 'Big Shoulders Text'; font-size: 24pt;\"><strong>Medizinisches Profil<\/strong><\/span><\/p>\n<p>Abgesehen von dem k\u00fcnstlichen H\u00fcftgelenk keine weiteren Beeintr\u00e4chtigungen.<br \/>\nDas H\u00fcftgelenk muss regelm\u00e4\u00dfig \u00fcberpr\u00fcft und justiert werden. Weiterhin werden physiotherapeutische \u00dcbungen zur St\u00e4rkung der Muskulatur empfohlen.<br \/>\nBei l\u00e4ngeren Belastungen (stundenlanges Stehen) bemerkt man ein leichtes Humpeln.<br \/>\nAnsonsten ist Mr. Callahan kerngesund und diensttauglich.<\/p>\n<p>&#8211; Dr. Franklin, USS Ebuerola &#8211;<\/p>\n<hr \/>\n<p><span style=\"font-family: 'Big Shoulders Text'; font-size: 24pt;\"><strong><span id=\"Haustier\" class=\"mw-headline\">Haustier<\/span><\/strong><\/span><\/p>\n<p>keins<\/p>\n<hr \/>\n<p><span style=\"font-family: Big Shoulders Text;\"><span style=\"font-size: 32px;\"><b>Klassifizierte<\/b><\/span><\/span><strong><span style=\"font-family: 'Big Shoulders Text'; font-size: 24pt;\">\u00a0Sektion<\/span><\/strong><\/p>\n<p>Cooper hatte w\u00e4hrend seiner Zeit bei der cardassianischen Fremdenlegion mehrere milit\u00e4rische Eins\u00e4tze f\u00fcr die Cardassianer.<br \/>\nDiese Eins\u00e4tze entsprachen nicht immer den Sternenflottenregularien und er gab an das dies auch der Grund war weshalb er seinen Dienst dort nicht verl\u00e4ngert hatte.<br \/>\nTrotz anf\u00e4nglicher Sorge \u00fcber seine eigentliche Loyalit\u00e4t gab es in den Jahren in denen er f\u00fcr die Sternenflotte t\u00e4tig ist keinerlei Beanstandungen bez\u00fcglich seiner Leistungen und auch keinerlei Kontakte zu Cardassia.<br \/>\nBei einer Befragung durch das SFI gab er wertvolle Hinweise zu den cardassianischen Milit\u00e4rstrukturen und den damaligen innerpolitischen Verh\u00e4ltnissen, welche alle verifiziert werden konnten.<br \/>\nDaher wird seine Loyalit\u00e4t zur Sternenflotte nicht weiter in Frage gestellt.<\/p>\n<p>&#8211; Agent Jones, SFI &#8211;<\/p>\n<p>&nbsp;<\/p>\n<p>&nbsp;<\/p>\n","protected":false},"excerpt":{"rendered":"<p>Cooper Callahan &nbsp; Cooper Callahan Status NPC Spieler Macky Dienstliche Informationen Ranggrafik Rang WO Posten Security Instructor Stationierung USS Artemis Biographische Informationen Geburtsjahr 2377 Geburtsort Erde \/ Texas Familienstand ledig Eltern Melissa Callahan geb. Loyd (RiP) Preston James Callahan (RiP) Geschwister &#8211; Physische Beschreibung Spezies Mensch Geschlecht m\u00e4nnlich Gr\u00f6\u00dfe 185cm Gewicht 85 Haarfarbe helles braun&#8230;<\/p>\n<p class=\"more-link-wrap\"><a href=\"https:\/\/sf-germany.org\/einheiten\/uss-artemis\/crew\/abteilungen\/sicherheit_marines\/cooper-callahan\/\" class=\"more-link\">Read More<span class=\"screen-reader-text\"> &ldquo;Cooper Callahan&rdquo;<\/span> &raquo;<\/a><\/p>\n","protected":false},"author":1,"featured_media":0,"parent":72,"menu_order":1,"comment_status":"closed","ping_status":"closed","template":"","meta":{"footnotes":""},"class_list":["post-4996","page","type-page","status-publish","hentry"],"_links":{"self":[{"href":"https:\/\/sf-germany.org\/einheiten\/uss-artemis\/wp-json\/wp\/v2\/pages\/4996","targetHints":{"allow":["GET"]}}],"collection":[{"href":"https:\/\/sf-germany.org\/einheiten\/uss-artemis\/wp-json\/wp\/v2\/pages"}],"about":[{"href":"https:\/\/sf-germany.org\/einheiten\/uss-artemis\/wp-json\/wp\/v2\/types\/page"}],"author":[{"embeddable":true,"href":"https:\/\/sf-germany.org\/einheiten\/uss-artemis\/wp-json\/wp\/v2\/users\/1"}],"replies":[{"embeddable":true,"href":"https:\/\/sf-germany.org\/einheiten\/uss-artemis\/wp-json\/wp\/v2\/comments?post=4996"}],"version-history":[{"count":6,"href":"https:\/\/sf-germany.org\/einheiten\/uss-artemis\/wp-json\/wp\/v2\/pages\/4996\/revisions"}],"predecessor-version":[{"id":5011,"href":"https:\/\/sf-germany.org\/einheiten\/uss-artemis\/wp-json\/wp\/v2\/pages\/4996\/revisions\/5011"}],"up":[{"embeddable":true,"href":"https:\/\/sf-germany.org\/einheiten\/uss-artemis\/wp-json\/wp\/v2\/pages\/72"}],"wp:attachment":[{"href":"https:\/\/sf-germany.org\/einheiten\/uss-artemis\/wp-json\/wp\/v2\/media?parent=4996"}],"curies":[{"name":"wp","href":"https:\/\/api.w.org\/{rel}","templated":true}]}}