{"id":4962,"date":"2023-03-02T10:48:11","date_gmt":"2023-03-02T09:48:11","guid":{"rendered":"https:\/\/sf-germany.org\/einheiten\/uss-artemis\/?page_id=4962"},"modified":"2023-03-02T13:31:20","modified_gmt":"2023-03-02T12:31:20","slug":"alex-murphy","status":"publish","type":"page","link":"https:\/\/sf-germany.org\/einheiten\/uss-artemis\/crew\/abteilungen\/operations\/alex-murphy\/","title":{"rendered":"Alex Murphy"},"content":{"rendered":"<table style=\"background: none; border: 0px solid #ffffff; font-weight: bold;\" border=\"0\" width=\"95%\" cellspacing=\"5\" cellpadding=\"5\" align=\"center\">\n<tbody>\n<tr>\n<td style=\"background: none; border-radius: 1em; border: 0px solid #003366; box-shadow: 0.1em 0.1em 0.5em rgba(0,0,0,0.75); -webkit-border-radius: 1em; -moz-border-radius: 1em; -moz-box-shadow: 0.1em 0.1em 0.5em rgba(0, 0, 0, 0.75); -webkit-box-shadow: 0.1em 0.1em 0.5em rgba(0, 0, 0, 0.75);\" colspan=\"5\" rowspan=\"3\" align=\"center\" valign=\"middle\">\n<h2><strong>Alex Murphy<\/strong><\/h2>\n<\/td>\n<\/tr>\n<\/tbody>\n<\/table>\n<p>&nbsp;<\/p>\n<div style=\"float: left; margin-right: 15px; margin-bottom: 15px; font-size: 11px; width: 300px; padding-left: 10px; padding-right: 10px;\">\n<table style=\"background: none; border: 0px solid #003366; margin-bottom: 15px; margin-right: 15px; float: left; border-radius: 1em; box-shadow: rgba(0, 0, 0, 0.75) 0.1em 0.1em 0.5em; width: 82.668%;\" border=\"1\" width=\"250\" cellspacing=\"10\" align=\"right\">\n<tbody data-wp-editing=\"1\">\n<tr>\n<td style=\"border: 0px solid transparent; font-weight: bold; width: 87.9518%;\" colspan=\"2\" align=\"center\" width=\"250\"><img loading=\"lazy\" decoding=\"async\" class=\"alignnone wp-image-4942 size-full\" src=\"https:\/\/sf-germany.org\/einheiten\/uss-artemis\/wp-content\/uploads\/2023\/02\/Murphy3.jpg\" alt=\"\" width=\"1005\" height=\"826\" srcset=\"https:\/\/sf-germany.org\/einheiten\/uss-artemis\/wp-content\/uploads\/2023\/02\/Murphy3.jpg 1005w, https:\/\/sf-germany.org\/einheiten\/uss-artemis\/wp-content\/uploads\/2023\/02\/Murphy3-300x247.jpg 300w, https:\/\/sf-germany.org\/einheiten\/uss-artemis\/wp-content\/uploads\/2023\/02\/Murphy3-768x631.jpg 768w\" sizes=\"auto, (max-width: 1005px) 100vw, 1005px\" \/><\/td>\n<\/tr>\n<tr>\n<td style=\"border: 0px solid transparent; font-weight: bold; width: 87.9518%;\" colspan=\"2\" align=\"center\" width=\"250\">Charname<\/td>\n<\/tr>\n<tr>\n<td style=\"border: 0px solid transparent; font-weight: bold; width: 41.3655%;\" align=\"right\" width=\"111\">Status<\/td>\n<td style=\"border: 0px solid transparent; width: 46.5863%;\" align=\"left\" width=\"129\">NPC<\/td>\n<\/tr>\n<tr>\n<td style=\"border: 0px solid transparent; font-weight: bold; width: 41.3655%;\" align=\"right\" width=\"111\">Spieler<\/td>\n<td style=\"border: 0px solid transparent; width: 46.5863%;\" align=\"left\" width=\"129\">Sven H.<\/td>\n<\/tr>\n<tr>\n<td style=\"background: #555555; border: 0px solid #003366; font-weight: bold; border-radius: 1em; box-shadow: rgba(0, 0, 0, 0.75) 0.1em 0.1em 0.5em; width: 87.9518%;\" colspan=\"2\" align=\"center\" width=\"240\">Dienstliche Informationen<\/td>\n<\/tr>\n<tr>\n<td style=\"border: 0px solid transparent; font-weight: bold; vertical-align: middle; width: 41.3655%;\" align=\"right\" width=\"111\">Ranggrafik<\/td>\n<td style=\"border: 0px solid transparent; width: 46.5863%;\" align=\"left\" width=\"129\"><img loading=\"lazy\" decoding=\"async\" class=\"alignnone wp-image-3420 size-full\" src=\"https:\/\/sf-germany.org\/einheiten\/uss-artemis\/wp-content\/uploads\/2022\/09\/y-e7-1.png\" alt=\"Chief Petty Officer\" width=\"128\" height=\"32\" \/><\/td>\n<\/tr>\n<tr>\n<td style=\"border: 0px solid transparent; font-weight: bold; width: 41.3655%;\" align=\"right\" width=\"111\">Rang<\/td>\n<td style=\"border: 0px solid transparent; width: 46.5863%;\" align=\"left\" width=\"129\">Chief Petty Officer<\/td>\n<\/tr>\n<tr>\n<td style=\"border: 0px solid transparent; font-weight: bold; width: 41.3655%;\" align=\"right\" width=\"111\">Posten<\/td>\n<td style=\"border: 0px solid transparent; width: 46.5863%;\" align=\"left\" width=\"129\">OPS &#8211; Lagerhaltung<\/td>\n<\/tr>\n<tr>\n<td style=\"border: 0px solid transparent; font-weight: bold; width: 41.3655%;\" align=\"right\" width=\"111\">Stationierung<\/td>\n<td style=\"border: 0px solid transparent; width: 46.5863%;\" align=\"left\" width=\"129\">USS Artemis<\/td>\n<\/tr>\n<tr>\n<td style=\"background: #555555; border: 0px solid #003366; font-weight: bold; border-radius: 1em; box-shadow: rgba(0, 0, 0, 0.75) 0.1em 0.1em 0.5em; width: 87.9518%;\" colspan=\"2\" align=\"center\" width=\"250\">Biographische Informationen<\/td>\n<\/tr>\n<tr>\n<td style=\"border: 0px solid transparent; font-weight: bold; width: 41.3655%;\" align=\"right\" width=\"111\">Geburtsjahr<\/td>\n<td style=\"border: 0px solid transparent; width: 46.5863%;\" align=\"left\" width=\"129\">2374<\/td>\n<\/tr>\n<tr>\n<td style=\"border: 0px solid transparent; font-weight: bold; width: 41.3655%;\" align=\"right\" width=\"111\">Geburtsort<\/td>\n<td style=\"border: 0px solid transparent; width: 46.5863%;\" align=\"left\" width=\"129\">San Francisco, Erde<\/td>\n<\/tr>\n<tr>\n<td style=\"border: 0px solid transparent; font-weight: bold; width: 41.3655%;\" align=\"right\" width=\"111\">Familienstand<\/td>\n<td style=\"border: 0px solid transparent; width: 46.5863%;\" align=\"left\" width=\"129\">&#8211;<\/td>\n<\/tr>\n<tr>\n<td style=\"border: 0px solid transparent; font-weight: bold; width: 41.3655%;\" align=\"right\" width=\"111\">Eltern<\/td>\n<td style=\"border: 0px solid transparent; width: 46.5863%;\" align=\"left\" width=\"129\">&#8211;<\/td>\n<\/tr>\n<tr>\n<td style=\"border: 0px solid transparent; font-weight: bold; width: 41.3655%;\" align=\"right\" width=\"111\">Geschwister<\/td>\n<td style=\"border: 0px solid transparent; width: 46.5863%;\" align=\"left\" width=\"129\">&#8211;<\/td>\n<\/tr>\n<tr>\n<td style=\"background: #555555; border: 0px solid #003366; font-weight: bold; border-radius: 1em; box-shadow: rgba(0, 0, 0, 0.75) 0.1em 0.1em 0.5em; width: 87.9518%;\" colspan=\"2\" align=\"center\" width=\"250\">Physische Beschreibung<\/td>\n<\/tr>\n<tr>\n<td style=\"border: 0px solid transparent; font-weight: bold; width: 41.3655%;\" align=\"right\" width=\"111\">Spezies<\/td>\n<td style=\"border: 0px solid transparent; width: 46.5863%;\" align=\"left\" width=\"129\">Mensch<\/td>\n<\/tr>\n<tr>\n<td style=\"border: 0px solid transparent; font-weight: bold; width: 41.3655%;\" align=\"right\" width=\"111\">Geschlecht<\/td>\n<td style=\"border: 0px solid transparent; width: 46.5863%;\" align=\"left\" width=\"129\">m<\/td>\n<\/tr>\n<tr>\n<td style=\"border: 0px solid transparent; font-weight: bold; width: 41.3655%;\" align=\"right\" width=\"111\">Gr\u00f6\u00dfe<\/td>\n<td style=\"border: 0px solid transparent; width: 46.5863%;\" align=\"left\" width=\"129\">1,87 m<\/td>\n<\/tr>\n<tr>\n<td style=\"border: 0px solid transparent; font-weight: bold; width: 41.3655%;\" align=\"right\" width=\"111\">Gewicht<\/td>\n<td style=\"border: 0px solid transparent; width: 46.5863%;\" align=\"left\" width=\"129\">165kg<\/td>\n<\/tr>\n<tr>\n<td style=\"border: 0px solid transparent; font-weight: bold; width: 41.3655%;\" align=\"right\" width=\"111\">Haarfarbe<\/td>\n<td style=\"border: 0px solid transparent; width: 46.5863%;\" align=\"left\" width=\"129\">Glatze<\/td>\n<\/tr>\n<tr>\n<td style=\"border: 0px solid transparent; font-weight: bold; width: 41.3655%;\" align=\"right\" width=\"111\">Augenfarbe<\/td>\n<td style=\"border: 0px solid transparent; width: 46.5863%;\" align=\"left\" width=\"129\">blau<\/td>\n<\/tr>\n<tr>\n<td style=\"border: 0px solid transparent; font-weight: bold; width: 41.3655%;\" align=\"right\" width=\"111\">Hautfarbe<\/td>\n<td style=\"border: 0px solid transparent; width: 46.5863%;\" align=\"left\" width=\"129\">hell<\/td>\n<\/tr>\n<tr>\n<td style=\"background: #555555; border: 0px solid #003366; font-weight: bold; border-radius: 1em; box-shadow: rgba(0, 0, 0, 0.75) 0.1em 0.1em 0.5em; width: 87.9518%;\" colspan=\"2\" align=\"center\" width=\"250\">Politische Informationen<\/td>\n<\/tr>\n<tr>\n<td style=\"border: 0px solid transparent; font-weight: bold; width: 41.3655%;\" align=\"right\" width=\"111\">B\u00fcrgerschaft<\/td>\n<td style=\"border: 0px solid transparent; width: 46.5863%;\" align=\"left\" width=\"129\">UFP<\/td>\n<\/tr>\n<tr>\n<td style=\"border: 0px solid transparent; font-weight: bold; width: 41.3655%;\" align=\"right\" width=\"111\">\u00a0Religion<\/td>\n<td style=\"border: 0px solid transparent; width: 46.5863%;\" align=\"left\" width=\"129\">&#8211;<\/td>\n<\/tr>\n<\/tbody>\n<\/table>\n<\/div>\n<p>&nbsp;<\/p>\n<p><strong><span style=\"font-family: 'Big Shoulders Text'; font-size: 24pt;\">Psychologisches Profil<\/span><\/strong><\/p>\n<p>Murphy ist wortkarg, er wird oft untersch\u00e4tzt, ist aber sehr klug und ideenreich. Sein Unfall ist sowohl Segen als auch Fluch, seine &#8220;Ersatzteile&#8221; funktionieren sehr gut und bieten ihm eine St\u00e4rke, die weit \u00fcber der eines normalen Menschen liegt und doch w\u00fcnscht er sich, der Unfall h\u00e4tte sich nie ereignet.<\/p>\n<p><span style=\"font-family: 'Big Shoulders Text'; font-size: 24pt;\"><strong>Medizinisches Profil<\/strong><\/span><\/p>\n<p>Bei einem Unfall, als ein Shuttle in seiner N\u00e4he explodiert, wird Murphy schwer verwundet. Etliche Organe, ein Arm und ein Bein und ein Ohr konnten nicht gerettet werden, der Hinterkopf wurde mit einer Metallplatte ersetzt, diverse kybernetische Organe und auch die Gliedma\u00dfen wurden ersetzt durch Mechanik und Elektronik.<\/p>\n<p><span style=\"font-family: 'Big Shoulders Text'; font-size: 24pt;\"><strong><span id=\"Haustier\" class=\"mw-headline\">F\u00e4higkeiten<\/span><\/strong><\/span><\/p>\n<p>extrem stark, sehr schwer aufgrund der ersetzten Organe und Gliedma\u00dfen<\/p>\n<p>&nbsp;<\/p>\n<p>&nbsp;<\/p>\n<p>&nbsp;<\/p>\n","protected":false},"excerpt":{"rendered":"<p>Alex Murphy &nbsp; Charname Status NPC Spieler Sven H. Dienstliche Informationen Ranggrafik Rang Chief Petty Officer Posten OPS &#8211; Lagerhaltung Stationierung USS Artemis Biographische Informationen Geburtsjahr 2374 Geburtsort San Francisco, Erde Familienstand &#8211; Eltern &#8211; Geschwister &#8211; Physische Beschreibung Spezies Mensch Geschlecht m Gr\u00f6\u00dfe 1,87 m Gewicht 165kg Haarfarbe Glatze Augenfarbe blau Hautfarbe hell Politische&#8230;<\/p>\n<p class=\"more-link-wrap\"><a href=\"https:\/\/sf-germany.org\/einheiten\/uss-artemis\/crew\/abteilungen\/operations\/alex-murphy\/\" class=\"more-link\">Read More<span class=\"screen-reader-text\"> &ldquo;Alex Murphy&rdquo;<\/span> &raquo;<\/a><\/p>\n","protected":false},"author":3,"featured_media":0,"parent":73,"menu_order":0,"comment_status":"closed","ping_status":"closed","template":"","meta":{"footnotes":""},"class_list":["post-4962","page","type-page","status-publish","hentry"],"_links":{"self":[{"href":"https:\/\/sf-germany.org\/einheiten\/uss-artemis\/wp-json\/wp\/v2\/pages\/4962","targetHints":{"allow":["GET"]}}],"collection":[{"href":"https:\/\/sf-germany.org\/einheiten\/uss-artemis\/wp-json\/wp\/v2\/pages"}],"about":[{"href":"https:\/\/sf-germany.org\/einheiten\/uss-artemis\/wp-json\/wp\/v2\/types\/page"}],"author":[{"embeddable":true,"href":"https:\/\/sf-germany.org\/einheiten\/uss-artemis\/wp-json\/wp\/v2\/users\/3"}],"replies":[{"embeddable":true,"href":"https:\/\/sf-germany.org\/einheiten\/uss-artemis\/wp-json\/wp\/v2\/comments?post=4962"}],"version-history":[{"count":3,"href":"https:\/\/sf-germany.org\/einheiten\/uss-artemis\/wp-json\/wp\/v2\/pages\/4962\/revisions"}],"predecessor-version":[{"id":4969,"href":"https:\/\/sf-germany.org\/einheiten\/uss-artemis\/wp-json\/wp\/v2\/pages\/4962\/revisions\/4969"}],"up":[{"embeddable":true,"href":"https:\/\/sf-germany.org\/einheiten\/uss-artemis\/wp-json\/wp\/v2\/pages\/73"}],"wp:attachment":[{"href":"https:\/\/sf-germany.org\/einheiten\/uss-artemis\/wp-json\/wp\/v2\/media?parent=4962"}],"curies":[{"name":"wp","href":"https:\/\/api.w.org\/{rel}","templated":true}]}}