{"id":4950,"date":"2023-02-20T18:58:19","date_gmt":"2023-02-20T17:58:19","guid":{"rendered":"https:\/\/sf-germany.org\/einheiten\/uss-artemis\/?page_id=4950"},"modified":"2024-01-12T23:00:35","modified_gmt":"2024-01-12T22:00:35","slug":"merzid-tulur","status":"publish","type":"page","link":"https:\/\/sf-germany.org\/einheiten\/uss-artemis\/crew\/besatzung\/char-archiv\/merzid-tulur\/","title":{"rendered":"Merzid Tulur"},"content":{"rendered":"<table style=\"background: none; border: 0px solid #ffffff; font-weight: bold;\" border=\"0\" width=\"95%\" cellspacing=\"5\" cellpadding=\"5\" align=\"center\">\n<tbody>\n<tr>\n<td style=\"background: none; border-radius: 1em; border: 0px solid #003366; box-shadow: 0.1em 0.1em 0.5em rgba(0,0,0,0.75); -webkit-border-radius: 1em; -moz-border-radius: 1em; -moz-box-shadow: 0.1em 0.1em 0.5em rgba(0, 0, 0, 0.75); -webkit-box-shadow: 0.1em 0.1em 0.5em rgba(0, 0, 0, 0.75);\" colspan=\"5\" rowspan=\"3\" align=\"center\" valign=\"middle\">\n<h2>Merzid Tulur<\/h2>\n<\/td>\n<\/tr>\n<\/tbody>\n<\/table>\n<div style=\"float: left; margin-right: 15px; margin-bottom: 15px; font-size: 11px; width: 300px; padding-left: 10px; padding-right: 10px;\">\n<table style=\"background: none; border: 0px solid #003366; margin-bottom: 15px; margin-right: 15px; float: left; border-radius: 1em; box-shadow: rgba(0, 0, 0, 0.75) 0.1em 0.1em 0.5em; width: 82.668%; height: 844px;\" border=\"1\" width=\"250\" cellspacing=\"10\" align=\"left\">\n<tbody>\n<tr style=\"height: 305px;\">\n<td style=\"border: 0px solid transparent; font-weight: bold; height: 305px;\" colspan=\"2\" align=\"center\" width=\"250\"><img loading=\"lazy\" decoding=\"async\" class=\"alignnone wp-image-3010\" src=\"https:\/\/sf-germany.org\/einheiten\/uss-artemis\/wp-content\/uploads\/2023\/02\/Merzid-Tulur.png\" alt=\"\" width=\"242\" height=\"242\" \/><\/td>\n<\/tr>\n<tr style=\"height: 19px;\">\n<td style=\"border: 0px solid transparent; font-weight: bold; height: 19px;\" colspan=\"2\" align=\"center\" width=\"250\">Merzid Tulur<\/td>\n<\/tr>\n<tr style=\"height: 19px;\">\n<td style=\"border: 0px solid transparent; font-weight: bold; height: 19px;\" align=\"right\" width=\"111\">Status<\/td>\n<td style=\"border: 0px solid transparent; height: 19px;\" align=\"left\" width=\"129\">PC<\/td>\n<\/tr>\n<tr style=\"height: 19px;\">\n<td style=\"border: 0px solid transparent; font-weight: bold; height: 19px;\" align=\"right\" width=\"111\">Spieler<\/td>\n<td style=\"border: 0px solid transparent; height: 19px;\" align=\"left\" width=\"129\">Georg<\/td>\n<\/tr>\n<tr style=\"height: 19px;\">\n<td style=\"background: #555555; border: 0px solid #003366; font-weight: bold; border-radius: 1em; box-shadow: rgba(0, 0, 0, 0.75) 0.1em 0.1em 0.5em; height: 19px;\" colspan=\"2\" align=\"center\" width=\"240\">Dienstliche Informationen<\/td>\n<\/tr>\n<tr style=\"height: 34px;\">\n<td style=\"border: 0px solid transparent; font-weight: bold; vertical-align: middle; height: 34px;\" align=\"right\" width=\"111\">Ranggrafik<\/td>\n<td style=\"border: 0px solid transparent; height: 34px;\" align=\"left\" width=\"129\"><img loading=\"lazy\" decoding=\"async\" class=\"alignnone size-full wp-image-3550\" src=\"https:\/\/sf-germany.org\/einheiten\/uss-artemis\/wp-content\/uploads\/2022\/09\/t-o1-1.png\" alt=\"\" width=\"128\" height=\"32\" \/><\/td>\n<\/tr>\n<tr style=\"height: 19px;\">\n<td style=\"border: 0px solid transparent; font-weight: bold; height: 19px;\" align=\"right\" width=\"111\">Rang<\/td>\n<td style=\"border: 0px solid transparent; height: 19px;\" align=\"left\" width=\"129\">Ensign<\/td>\n<\/tr>\n<tr style=\"height: 19px;\">\n<td style=\"border: 0px solid transparent; font-weight: bold; height: 19px;\" align=\"right\" width=\"111\">Posten<\/td>\n<td style=\"border: 0px solid transparent; height: 19px;\" align=\"left\" width=\"129\">sCM<\/td>\n<\/tr>\n<tr style=\"height: 19px;\">\n<td style=\"border: 0px solid transparent; font-weight: bold; height: 19px;\" align=\"right\" width=\"111\">Stationierung<\/td>\n<td style=\"border: 0px solid transparent; height: 19px;\" align=\"left\" width=\"129\">U.S.S. Artemis<\/td>\n<\/tr>\n<tr style=\"height: 19px;\">\n<td style=\"background: #555555; border: 0px solid #003366; font-weight: bold; border-radius: 1em; box-shadow: rgba(0, 0, 0, 0.75) 0.1em 0.1em 0.5em; height: 19px;\" colspan=\"2\" align=\"center\" width=\"250\">Biographische Informationen<\/td>\n<\/tr>\n<tr style=\"height: 19px;\">\n<td style=\"border: 0px solid transparent; font-weight: bold; height: 19px;\" align=\"right\" width=\"111\">Geburtstag<\/td>\n<td style=\"border: 0px solid transparent; height: 19px;\" align=\"left\" width=\"129\">2382<\/td>\n<\/tr>\n<tr style=\"height: 19px;\">\n<td style=\"border: 0px solid transparent; font-weight: bold; height: 19px;\" align=\"right\" width=\"111\">Geburtsort<\/td>\n<td style=\"border: 0px solid transparent; height: 19px;\" align=\"left\" width=\"129\">Leran Manev, Trill<\/td>\n<\/tr>\n<tr style=\"height: 10px;\">\n<td style=\"border: 0px solid transparent; font-weight: bold; height: 10px;\" align=\"right\" width=\"111\">Familienstand<\/td>\n<td style=\"border: 0px solid transparent; height: 10px;\" align=\"left\" width=\"129\">ledig<\/td>\n<\/tr>\n<tr style=\"height: 77px;\">\n<td style=\"border: 0px solid transparent; font-weight: bold; height: 77px;\" align=\"right\" width=\"111\">Eltern<\/td>\n<td style=\"border: 0px solid transparent; height: 77px;\" align=\"left\" width=\"129\">Joros Tulur, TSSK General a.D.<br \/>\nRezia Tulur, Archivarin<\/td>\n<\/tr>\n<tr style=\"height: 10px;\">\n<td style=\"border: 0px solid transparent; font-weight: bold; height: 10px;\" align=\"right\" width=\"111\">Geschwister<\/td>\n<td style=\"border: 0px solid transparent; height: 10px;\" align=\"left\" width=\"129\">Alo Tulur (m)<br \/>\nYara Tulur (w)<\/td>\n<\/tr>\n<tr style=\"height: 19px;\">\n<td style=\"background: #555555; border: 0px solid #003366; font-weight: bold; border-radius: 1em; box-shadow: rgba(0, 0, 0, 0.75) 0.1em 0.1em 0.5em; height: 19px;\" colspan=\"2\" align=\"center\" width=\"250\">Physische Beschreibung<\/td>\n<\/tr>\n<tr style=\"height: 10px;\">\n<td style=\"border: 0px solid transparent; font-weight: bold; height: 10px;\" align=\"right\" width=\"111\">Spezies<\/td>\n<td style=\"border: 0px solid transparent; height: 10px;\" align=\"left\" width=\"129\">Trill (unver.)<\/td>\n<\/tr>\n<tr style=\"height: 10px;\">\n<td style=\"border: 0px solid transparent; font-weight: bold; height: 10px;\" align=\"right\" width=\"111\">Geschlecht<\/td>\n<td style=\"border: 0px solid transparent; height: 10px;\" align=\"left\" width=\"129\">m\u00e4nnlich<\/td>\n<\/tr>\n<tr style=\"height: 19px;\">\n<td style=\"border: 0px solid transparent; font-weight: bold; height: 19px;\" align=\"right\" width=\"111\">Gr\u00f6\u00dfe<\/td>\n<td style=\"border: 0px solid transparent; height: 19px;\" align=\"left\" width=\"129\">1,84 m<\/td>\n<\/tr>\n<tr style=\"height: 19px;\">\n<td style=\"border: 0px solid transparent; font-weight: bold; height: 19px;\" align=\"right\" width=\"111\">Gewicht<\/td>\n<td style=\"border: 0px solid transparent; height: 19px;\" align=\"left\" width=\"129\">87 kg<\/td>\n<\/tr>\n<tr style=\"height: 19px;\">\n<td style=\"border: 0px solid transparent; font-weight: bold; height: 19px;\" align=\"right\" width=\"111\">Haarfarbe<\/td>\n<td style=\"border: 0px solid transparent; height: 19px;\" align=\"left\" width=\"129\">braun<\/td>\n<\/tr>\n<tr style=\"height: 19px;\">\n<td style=\"border: 0px solid transparent; font-weight: bold; height: 19px;\" align=\"right\" width=\"111\">Augenfarbe<\/td>\n<td style=\"border: 0px solid transparent; height: 19px;\" align=\"left\" width=\"129\">grau<\/td>\n<\/tr>\n<tr>\n<td style=\"border: 0px solid transparent; font-weight: bold; text-align: right;\">Hautfarbe<\/td>\n<td style=\"border: 0px solid transparent;\">hell<\/td>\n<\/tr>\n<tr style=\"height: 19px;\">\n<td style=\"background: #555555; border: 0px solid #003366; font-weight: bold; border-radius: 1em; box-shadow: rgba(0, 0, 0, 0.75) 0.1em 0.1em 0.5em; height: 19px;\" colspan=\"2\" align=\"center\" width=\"250\">Politische Informationen<\/td>\n<\/tr>\n<tr style=\"height: 10px;\">\n<td style=\"border: 0px solid transparent; font-weight: bold; height: 10px;\" align=\"right\" width=\"111\">B\u00fcrgerschaft<\/td>\n<td style=\"border: 0px solid transparent; height: 10px;\" align=\"left\" width=\"129\">UFP<\/td>\n<\/tr>\n<tr style=\"height: 10px;\">\n<td style=\"border: 0px solid transparent; font-weight: bold; height: 10px;\" align=\"right\" width=\"111\">\u00a0Religion<\/td>\n<td style=\"border: 0px solid transparent; height: 10px;\" align=\"left\" width=\"129\">Trill (nicht praktizierend)<\/td>\n<\/tr>\n<tr style=\"height: 36px;\">\n<td style=\"background: #555555; border: 0px solid #003366; font-weight: bold; border-radius: 1em; box-shadow: rgba(0, 0, 0, 0.75) 0.1em 0.1em 0.5em; height: 36px; width: 88.8889%;\" colspan=\"2\" align=\"center\" width=\"240\"><span style=\"font-size: 10pt; font-family: 'Titillium Web';\">Orden und Auszeichnungen<\/span><\/td>\n<\/tr>\n<tr style=\"height: 305px;\">\n<td style=\"border: 0px solid transparent; font-weight: bold; height: 10px; width: 255%;\" colspan=\"2\" align=\"center\" width=\"240\"><\/td>\n<\/tr>\n<tr style=\"height: 18px;\">\n<td style=\"border: 0px solid transparent; font-weight: bold; height: 18px; width: 88.8889%;\" colspan=\"2\" align=\"center\" width=\"240\"><span style=\"font-size: 10pt; font-family: 'Titillium Web';\"><b>Dienst Zertifikat<\/b><\/span><\/td>\n<\/tr>\n<\/tbody>\n<\/table>\n<\/div>\n<p><strong><span style=\"font-family: 'Big Shoulders Text'; font-size: 24pt;\">Spielhilfe<\/span><\/strong><\/p>\n<blockquote><p><em>Merzid lebt im selbstgew\u00e4hlten Exil, gefl\u00fcchtet vor einer traditionalistischen Gesellschaft, die Symbiose als h\u00f6chstes Lebensziel pr\u00e4sentiert. Aber Merzid will dies alles nicht, er will sein Leben leben, wie er m\u00f6chte und sich nicht den Zw\u00e4ngen seiner Kultur und Familie unterwerfen. Leben und Leben retten, das ist es, was der junge Trillarzt will.<\/em><\/p><\/blockquote>\n<p><strong><span style=\"font-family: 'Big Shoulders Text'; font-size: 24pt;\">Lebenslauf<\/span><\/strong><\/p>\n<p>Merzid hasst seine Herkunft. Es mag wie ein Jammern auf h\u00f6chstem Niveau klingen, die eigene Zugeh\u00f6rigkeit zur Oberschicht zu verfluchen. Auf Trill, seiner Heimat, mag diese gesellschaftliche Schichtung auf den ersten Blick nicht viel bedeuten, da alle Einwohner des Planeten \u00fcber einen hohen Lebensstandard, Bildung und Gesundheit verf\u00fcgen. Aber die Abstimmung sagt etwas dar\u00fcber aus, ob man es wirklich zu Prestige bringen kann, in der traditionellen Gesellschaft der Trill. Nach au\u00dfen hin predigt man Freiheit, Gleichheit und Toleranz, w\u00e4hrend im Inneren die Macht \u00fcber den Planeten bei einigen hundert alten Familien liegt. Merzids Vorfahren waren schon vieles, aber sie waren immer in h\u00f6chstem Ma\u00dfe an der Entwicklung Trills beteiligt: Als Politiker, Diplomaten, Wissenschaftler oder Guardians, aber vor allem als Wirte: Sie trugen uralte Symbionten in sich, Kahn, Nar, Peers und andere.<\/p>\n<p>Dem Willen von Merzids Eltern nach, der Vater General a. D. der Trill-Selbstverteidigungsstreitkr\u00e4fte, die Mutter Hauptarchivarin der Historischen Sammlung der Najanabibliothek, sollte ihr \u00e4ltester Sohn diese ihnen verwehrte Ehre erreichen. Seine ganze Jugend lang lie\u00dfen sie ihn darauf vorbereiten, in der Hoffnung, seine Chancen unter den vielen Bewerbern zu erh\u00f6hen. F\u00fcr sie waren immer nur perfekte Leistungen gut genug, ein wirkliches Leben au\u00dferhalb seiner Ausbildung war nicht vorgesehen.<\/p>\n<p>Es war wohl nur eine nat\u00fcrliche Folge, dass ein so eingeengtes Individuum irgendwann ausbrechen musste. Mit dem Ende seiner Schullaufbahn verlie\u00df Merzid gegen den Willen seiner Eltern Trill und begab sich zur Erde, dem Zentrum der Vereinigten F\u00f6deration der Planeten. Die f\u00fcr ihn neue, kleine blaue Welt wurde f\u00fcr ihn zur Wende in seinem Leben, denn hier konnte er frei vom Einfluss seiner Eltern sein, auch wenn er immer wieder Subnachrichten von ihnen erhielt, die er aber alle ignorierte. Nach einem Jahr des Herumreisens und Kennenlernens der neuen Welt entschied er sich, auf der Erde ein Studium anzufangen. Nach einem eher erfolglosen Semester in Subraumphysik an der Freien Universit\u00e4t Berlin fiel seine Wahl auf das Fach Medizin. Er fand aufgrund exzellenter Noten schnell einen Platz (das einzig Gute an den vorherigen Jahren der Tortur) an der traditionsreichen Medizinischen Fakult\u00e4t der Johann Wolfgang Goethe-Universit\u00e4t in Frankfurt am Main.<\/p>\n<p>Merzid lernte das studentische Leben lieben: Geselligkeit, Konzerte, Clubs und auch \u00fcbertriebener Alkoholkonsum waren ihm bisher Fremdworte gewesen und so er lie\u00df sich treiben im Nachtleben der Mainmetropole. Hier erlebte er auch seine erste Liebe, mit einer orionischen Biologiestudentin, die ihn kurz vor den Zwischenpr\u00fcfungen f\u00fcr einen Kommilitonen verlie\u00df. Man sollte trotzdem nicht davon ausgehen, dass Merzid sein Studium aus dem Blick verlor, der seit Jugend antrainierte Leistungsdrang war, auch zu seinem eigenen Unmut, nicht zu unterdr\u00fccken. 2406 schloss er sein Studium als Zweitbester seines Jahrgangs mit der Arbeit &#8220;Zur Verbesserung von F\u00f6derationshygieneprotokollen am Beispiel des Rigellianischen Fiebers&#8221; ab. Als ihm der Ausbruch einer schweren Anchillesfieberepidemie auf dem Kolonialplaneten Ravenna IV bekannt wurde, folgte er seinem Drang und meldete sich als freiwilliger Helfer. Als Bakteriologe konnte er bei der Bek\u00e4mpfung des Erregers mitwirken, die zwar zehntausende Kolonisten das Leben kostete, aber dank schneller F\u00f6derationshilfe Millionen verschonte.<\/p>\n<p>Die Pandemie hatte ihm gezeigt, wieviel der medizinische Dienst der Sternenflotte zu leisten vermochte. Sie wurde damit zum Ausl\u00f6ser einer Bewerbung bei der Sternenflotte, die wie immer dringend medizinisches Personal suchte. Er wurde angenommen und begann als Kadett des Jahrgangs von 2409 seine Zeit an der Akademie. Merzid sp\u00fcrte rasch, dass er zur Flotte passte und sie zu ihm. Man konnte hier schnell Freunde und Verb\u00fcndete finden und trotz aller Hierarchien lie\u00df ihm der Dienst doch viel Raum zur freien Entfaltung. Neben dem vertiefenden Studium der Medizin f\u00fcr den Gebrauch auf Raumschiffen besch\u00e4ftigte er sich aus Eigeninteresse mit Forschungen zur Mikrobiologie und seinem besonderen Steckenpferd Xenogeschichte. Mehrere Freundschaften, die ihn bis heute pr\u00e4gen, entstanden in dieser Zeit, unter anderem mit der caitianischen Soziologin Newara und seinem Zimmergenossen Elias Kelly, einem Transwarptheoretiker. Nach seinem Abschluss forschte er noch zwei Jahre im Medizinischen Hauptquartier der Sternenflotte an Kuren zum Rigellianischen Fieber.<\/p>\n<p>Seinen ersten Dienst leistete er 2415 auf der USS Asclepius als Zweiter Medizinischer Offizier. Auch wenn das Schiff nicht im direkten Kriegseinsatz war, konnte er doch wichtige Erfahrungen dar\u00fcber sammeln, wie praktische Medizin auf Raumschiffen funktioniert. Nach einem Jahr relativ ereignislosen Dienstes schlug sein CO die Versetzung auf einen leitenden medizinischen Posten vor: Merzid fand den Weg auf die &#8220;Artemis&#8221;.<\/p>\n<hr \/>\n<p><strong><span style=\"font-family: 'Big Shoulders Text'; font-size: 18pt;\">Tabellarischer Lebenslauf<\/span><\/strong><\/p>\n<ul>\n<li>2382 &#8211; Geburt in Leran Manev (Trill)<\/li>\n<li>2400 &#8211; Dauerhafte Immigration zur Erde<\/li>\n<li>2400-2408 &#8211; Ein Semester Subraumphysik in Berlin, dann Studium der Medizin in Frankfurt am Main (Erde)<\/li>\n<li>2408-2409 &#8211; Ziviler Assistenzarzt w\u00e4hrend der Anchillesfieber-Epidemie auf Ravenna IV<\/li>\n<li>2409-2413 &#8211; Sternenflottenakademie in San Francisco (Fokus neben Medizin auch Mikrobiologie und Xenogeschichte)<\/li>\n<li>2413-2415 &#8211; Forschungen zum Rigellianischen Fieber im Medizinischen Hauptquartier der Sternenflotte<\/li>\n<li>2415 &#8211; SM auf der USS Asclepius (Sanit\u00e4tsschiff)<\/li>\n<li>2416 &#8211; Versetzung als CM auf die USS Artemis<\/li>\n<\/ul>\n<hr \/>\n<p><strong><span style=\"font-family: 'Big Shoulders Text'; font-size: 24pt;\">Psychologisches Profil<\/span><\/strong><\/p>\n<p>&#8220;Ensign Tulurs Psyche ist als relativ stabil zu bezeichnen. Kameraden beschreiben ihn als freundliche und empathische Person mit viel Selbstreflexion. Er ist stressresistent und arbeitsam, speziell in Themengebieten, die ihn pers\u00f6nlich interessieren. Tulur kann als geselliger Typ gelten, der seine Freizeit gerne mit Freunden und Kollegen verbringt und neue Kontakte aufbaut.<\/p>\n<p>Negativ anzumerken ist, dass er mit Ablehnung, auf professioneller wie pers\u00f6nlicher Ebene, nur schwer umgehen kann. Zudem ist ihm ein gro\u00dfes Geltungsbed\u00fcrfnis zu unterstellen, aus der Masse hervorzustechen und der Beste zu sein, die Gr\u00fcnde hierf\u00fcr sind wohl in seiner Kindheit zu suchen. Auch gilt er unter Kollegen als &#8220;Besserwisser&#8221;.<\/p>\n<p>In seiner Studienzeit in Frankfurt hatte er eigenen Aussagen zufolge depressive Phasen, die mit seiner ersten Beziehung und Heimweh nach Trill (wenn auch, wieder nach eigener Aussage, nicht nach seiner Familie) zu tun hatten. Die unverarbeitete Trennung von seiner Familie k\u00f6nnte f\u00fcr die Zukunft Konfliktpotenzial bereithalten.\u201c<br \/>\n<em>&#8211; Counselor, Starfleet Academy<\/em><\/p>\n<hr \/>\n<h1>Medizinisches Profil<\/h1>\n<p>Ensign Tulur erlitt beim Gewichtstraining im M\u00e4rz 2411 einen Tr\u00fcmmerbruch der rechten Hand durch ein herunterfallendes Gewicht. Die Hand wurde rekonstruiert und ist v\u00f6llig verheilt.<\/p>\n<p>Er ist zudem, wie die meisten Trill, schwer allergisch auf Insektenstiche.<br \/>\nTulur ist laktoseintolerant.<\/p>\n<hr \/>\n<h2><span style=\"font-family: 'Big Shoulders Text'; font-size: 24pt;\">Hobbies<\/span><\/h2>\n<ul>\n<li>Badminton und Speedminton: Merzid hat an der Akademie diesen irdischen Sport gemeinsam mit Newara begonnen und freut sich \u00fcber jedes Holodeck, dass ihm ein sch\u00f6nes Feld zur Verf\u00fcgung stellen kann, auf dem er sich auspowern kann.<\/li>\n<li>Heavy Metal: Klingt ungew\u00f6hnlich, oder? Aber Merzid hat \u00fcber Elias Kelly eine Faszination f\u00fcr alte Erdenmusik aus dem 20. und 21. Jahrhundert entwickelt. Je h\u00e4rter, desto besser!<\/li>\n<li>(Historische) Literatur aller Arten: Merzid liebt Ronas Kewirs \u201eAntisymbiose\u201c. Und George Orwells \u201eMein Katalonien\u201c. Und den bolianischen \u201eMythos der Inseln\u201c. Und noch vieles mehr, Hauptsache, man kann lesend in fremden Welten versinken!<\/li>\n<\/ul>\n<h3><span style=\"font-family: 'Big Shoulders Text'; font-size: 24pt;\">St\u00e4rken<\/span><\/h3>\n<ul>\n<li>Theoretische Expertise in nahezu allen wichtigen Disziplinen der F\u00f6derationsmedizin<\/li>\n<li>Fokus auf Bakteriologie und Mikrobiologie, erweiterte Kenntnisse in Xenogeschichte<\/li>\n<li>Sehr empathisch und sozial<\/li>\n<li>Teamf\u00e4hig und kommunikativ<\/li>\n<\/ul>\n<h3><span style=\"font-family: 'Big Shoulders Display';\"><span style=\"font-size: 24pt;\">Schw\u00e4chen<\/span><\/span><\/h3>\n<ul>\n<li>Alkohol l\u00e4sst bei ihm leicht Hemmungen fallen<\/li>\n<li>Insektenstiche (altes Trillproblem)<\/li>\n<li>Gro\u00dfes Geltungsbed\u00fcrfnis und Hang, seine klassische Bildung herauszustellen<\/li>\n<\/ul>\n<h2>Vorlieben<\/h2>\n<ul>\n<li>Schwarzbier<\/li>\n<li>Au\u00dferhalb des Dienstes Replikate von Bandshirts der von ihm geh\u00f6rten Musikgruppen<\/li>\n<li>Aufenthalte in der Natur mit gen\u00fcgend Insektenspray<\/li>\n<\/ul>\n<h3>Abneigungen<\/h3>\n<ul>\n<li>Jedes Insekt mit Stacheln oder Kiefer<\/li>\n<li>Schwerelosigkeit<\/li>\n<li>Traditionalismus und Regelverbissenheit<\/li>\n<\/ul>\n<hr \/>\n<p><strong><span style=\"font-family: 'Big Shoulders Text'; font-size: 24pt;\">Klassifzierte Sektion<\/span><\/strong><\/p>\n<p>&#8211;<\/p>\n<hr \/>\n<p>&nbsp;<\/p>\n","protected":false},"excerpt":{"rendered":"<p>Merzid Tulur Merzid Tulur Status PC Spieler Georg Dienstliche Informationen Ranggrafik Rang Ensign Posten sCM Stationierung U.S.S. Artemis Biographische Informationen Geburtstag 2382 Geburtsort Leran Manev, Trill Familienstand ledig Eltern Joros Tulur, TSSK General a.D. Rezia Tulur, Archivarin Geschwister Alo Tulur (m) Yara Tulur (w) Physische Beschreibung Spezies Trill (unver.) Geschlecht m\u00e4nnlich Gr\u00f6\u00dfe 1,84 m Gewicht&#8230;<\/p>\n<p class=\"more-link-wrap\"><a href=\"https:\/\/sf-germany.org\/einheiten\/uss-artemis\/crew\/besatzung\/char-archiv\/merzid-tulur\/\" class=\"more-link\">Read More<span class=\"screen-reader-text\"> &ldquo;Merzid Tulur&rdquo;<\/span> &raquo;<\/a><\/p>\n","protected":false},"author":3,"featured_media":0,"parent":4455,"menu_order":0,"comment_status":"closed","ping_status":"closed","template":"","meta":{"footnotes":""},"class_list":["post-4950","page","type-page","status-publish","hentry"],"_links":{"self":[{"href":"https:\/\/sf-germany.org\/einheiten\/uss-artemis\/wp-json\/wp\/v2\/pages\/4950","targetHints":{"allow":["GET"]}}],"collection":[{"href":"https:\/\/sf-germany.org\/einheiten\/uss-artemis\/wp-json\/wp\/v2\/pages"}],"about":[{"href":"https:\/\/sf-germany.org\/einheiten\/uss-artemis\/wp-json\/wp\/v2\/types\/page"}],"author":[{"embeddable":true,"href":"https:\/\/sf-germany.org\/einheiten\/uss-artemis\/wp-json\/wp\/v2\/users\/3"}],"replies":[{"embeddable":true,"href":"https:\/\/sf-germany.org\/einheiten\/uss-artemis\/wp-json\/wp\/v2\/comments?post=4950"}],"version-history":[{"count":4,"href":"https:\/\/sf-germany.org\/einheiten\/uss-artemis\/wp-json\/wp\/v2\/pages\/4950\/revisions"}],"predecessor-version":[{"id":5007,"href":"https:\/\/sf-germany.org\/einheiten\/uss-artemis\/wp-json\/wp\/v2\/pages\/4950\/revisions\/5007"}],"up":[{"embeddable":true,"href":"https:\/\/sf-germany.org\/einheiten\/uss-artemis\/wp-json\/wp\/v2\/pages\/4455"}],"wp:attachment":[{"href":"https:\/\/sf-germany.org\/einheiten\/uss-artemis\/wp-json\/wp\/v2\/media?parent=4950"}],"curies":[{"name":"wp","href":"https:\/\/api.w.org\/{rel}","templated":true}]}}