{"id":4943,"date":"2023-02-19T19:41:08","date_gmt":"2023-02-19T18:41:08","guid":{"rendered":"https:\/\/sf-germany.org\/einheiten\/uss-artemis\/?page_id=4943"},"modified":"2023-02-19T19:42:25","modified_gmt":"2023-02-19T18:42:25","slug":"lucia-s-lopez","status":"publish","type":"page","link":"https:\/\/sf-germany.org\/einheiten\/uss-artemis\/crew\/abteilungen\/medizin\/lucia-s-lopez\/","title":{"rendered":"Lucia Sophia Lopez"},"content":{"rendered":"<table style=\"background: none; border: 0px solid #ffffff; font-weight: bold;\" border=\"0\" width=\"95%\" cellspacing=\"5\" cellpadding=\"5\" align=\"center\">\n<tbody>\n<tr>\n<td style=\"background: none; border-radius: 1em; border: 0px solid #003366; box-shadow: 0.1em 0.1em 0.5em rgba(0,0,0,0.75); -webkit-border-radius: 1em; -moz-border-radius: 1em; -moz-box-shadow: 0.1em 0.1em 0.5em rgba(0, 0, 0, 0.75); -webkit-box-shadow: 0.1em 0.1em 0.5em rgba(0, 0, 0, 0.75);\" colspan=\"5\" rowspan=\"3\" align=\"center\" valign=\"middle\">\n<h2>Lucia Sophia Lopez<\/h2>\n<\/td>\n<\/tr>\n<\/tbody>\n<\/table>\n<div style=\"float: left; margin-right: 15px; margin-bottom: 15px; font-size: 11px; width: 300px; padding-left: 10px; padding-right: 10px;\">\n<table style=\"background: none; border-radius: 1em; border: 0px solid #003366; margin-bottom: 15px; margin-right: 15px; float: left; box-shadow: 0.1em 0.1em 0.5em rgba(0,0,0,0.75); -webkit-border-radius: 1em; -moz-border-radius: 1em; -moz-box-shadow: 0.1em 0.1em 0.5em rgba(0, 0, 0, 0.75); -webkit-box-shadow: 0.1em 0.1em 0.5em rgba(0, 0, 0, 0.75); background-color: #1d2339; width: 250px;\" border=\"1\" width=\"250\" cellspacing=\"10\" align=\"left\">\n<tbody>\n<tr>\n<td style=\"border: 0px solid transparent; font-weight: bold;\" colspan=\"2\" align=\"center\" width=\"250\"><img loading=\"lazy\" decoding=\"async\" class=\"alignnone wp-image-4933 size-full\" src=\"https:\/\/sf-germany.org\/einheiten\/uss-artemis\/wp-content\/uploads\/2023\/02\/Lucia-Sophia-Lopez.png\" alt=\"\" width=\"1024\" height=\"1024\" srcset=\"https:\/\/sf-germany.org\/einheiten\/uss-artemis\/wp-content\/uploads\/2023\/02\/Lucia-Sophia-Lopez.png 1024w, https:\/\/sf-germany.org\/einheiten\/uss-artemis\/wp-content\/uploads\/2023\/02\/Lucia-Sophia-Lopez-300x300.png 300w, https:\/\/sf-germany.org\/einheiten\/uss-artemis\/wp-content\/uploads\/2023\/02\/Lucia-Sophia-Lopez-150x150.png 150w, https:\/\/sf-germany.org\/einheiten\/uss-artemis\/wp-content\/uploads\/2023\/02\/Lucia-Sophia-Lopez-768x768.png 768w\" sizes=\"auto, (max-width: 1024px) 100vw, 1024px\" \/><\/td>\n<\/tr>\n<tr>\n<td style=\"border: 0px solid transparent; font-weight: bold;\" colspan=\"2\" align=\"center\" width=\"250\">Lucia<\/td>\n<\/tr>\n<tr>\n<td style=\"border: 0px solid transparent; font-weight: bold;\" align=\"right\" width=\"111\">Status<\/td>\n<td style=\"border: 0px solid transparent;\" align=\"left\" width=\"129\">NPC<\/td>\n<\/tr>\n<tr>\n<td style=\"border: 0px solid transparent; font-weight: bold;\" align=\"right\" width=\"111\">Spieler<\/td>\n<td style=\"border: 0px solid transparent;\" align=\"left\" width=\"129\"><\/td>\n<\/tr>\n<tr>\n<td style=\"background: #555555; border-radius: 1em; border: 0px solid #003366; font-weight: bold; box-shadow: 0.1em 0.1em 0.5em rgba(0,0,0,0.75); -webkit-border-radius: 1em; -webkit-box-shadow: 0.1em 0.1em 0.5em rgba(0, 0, 0, 0.75);\" colspan=\"2\" align=\"center\" width=\"240\">Dienstliche Informationen<\/td>\n<\/tr>\n<tr>\n<td style=\"border: 0px solid transparent; font-weight: bold; vertical-align: middle;\" align=\"right\" width=\"111\">Ranggrafik<\/td>\n<td style=\"border: 0px solid transparent;\" align=\"left\" width=\"129\"><img loading=\"lazy\" decoding=\"async\" class=\"alignnone wp-image-3385 size-full\" src=\"https:\/\/sf-germany.org\/einheiten\/uss-artemis\/wp-content\/uploads\/2022\/09\/t-e8-1.png\" alt=\"\" width=\"128\" height=\"32\" \/><\/td>\n<\/tr>\n<tr>\n<td style=\"border: 0px solid transparent; font-weight: bold;\" align=\"right\" width=\"111\">Rang<\/td>\n<td style=\"border: 0px solid transparent;\" align=\"left\" width=\"129\">Senior Chief Petty Officer<\/td>\n<\/tr>\n<tr>\n<td style=\"border: 0px solid transparent; font-weight: bold;\" align=\"right\" width=\"111\">Posten<\/td>\n<td style=\"border: 0px solid transparent;\" align=\"left\" width=\"129\">Oberschwester<\/td>\n<\/tr>\n<tr>\n<td style=\"border: 0px solid transparent; font-weight: bold;\" align=\"right\" width=\"111\">Stationierung<\/td>\n<td style=\"border: 0px solid transparent;\" align=\"left\" width=\"129\">U.S.S. Artemis<\/td>\n<\/tr>\n<tr>\n<td style=\"background: #555555; border-radius: 1em; border: 0px solid #003366; font-weight: bold; box-shadow: 0.1em 0.1em 0.5em rgba(0,0,0,0.75); -webkit-border-radius: 1em; -webkit-box-shadow: 0.1em 0.1em 0.5em rgba(0, 0, 0, 0.75);\" colspan=\"2\" align=\"center\" width=\"250\">Biographische Informationen<\/td>\n<\/tr>\n<tr>\n<td style=\"border: 0px solid transparent; font-weight: bold;\" align=\"right\" width=\"111\">Geburtstag<\/td>\n<td style=\"border: 0px solid transparent;\" align=\"left\" width=\"129\">01.01.2384<\/td>\n<\/tr>\n<tr>\n<td style=\"border: 0px solid transparent; font-weight: bold;\" align=\"right\" width=\"111\">Geburtsort<\/td>\n<td style=\"border: 0px solid transparent;\" align=\"left\" width=\"129\">Erde, Mexiko<\/td>\n<\/tr>\n<tr>\n<td style=\"border: 0px solid transparent; font-weight: bold;\" align=\"right\" width=\"111\">Familienstand<\/td>\n<td style=\"border: 0px solid transparent;\" align=\"left\" width=\"129\">ledig<\/td>\n<\/tr>\n<tr>\n<td style=\"border: 0px solid transparent; font-weight: bold;\" align=\"right\" width=\"111\">Eltern<\/td>\n<td style=\"border: 0px solid transparent;\" align=\"left\" width=\"129\">Carlos &amp; Maria Lopez<\/td>\n<\/tr>\n<tr>\n<td style=\"border: 0px solid transparent; font-weight: bold;\" align=\"right\" width=\"111\">Geschwister<\/td>\n<td style=\"border: 0px solid transparent;\" align=\"left\" width=\"129\">&#8211;<\/td>\n<\/tr>\n<tr>\n<td style=\"border: 0px solid transparent; font-weight: bold;\" align=\"right\" width=\"111\">Kinder<\/td>\n<td style=\"border: 0px solid transparent;\" align=\"left\" width=\"129\">&#8211;<\/td>\n<\/tr>\n<tr>\n<td style=\"background: #555555; border-radius: 1em; border: 0px solid #003366; font-weight: bold; box-shadow: 0.1em 0.1em 0.5em rgba(0,0,0,0.75); -webkit-border-radius: 1em; -webkit-box-shadow: 0.1em 0.1em 0.5em rgba(0, 0, 0, 0.75);\" colspan=\"2\" align=\"center\" width=\"250\">Physische Beschreibung<\/td>\n<\/tr>\n<tr>\n<td style=\"border: 0px solid transparent; font-weight: bold;\" align=\"right\" width=\"111\">Spezies<\/td>\n<td style=\"border: 0px solid transparent;\" align=\"left\" width=\"129\">Mensch<\/td>\n<\/tr>\n<tr>\n<td style=\"border: 0px solid transparent; font-weight: bold;\" align=\"right\" width=\"111\">Geschlecht<\/td>\n<td style=\"border: 0px solid transparent;\" align=\"left\" width=\"129\">weiblich<\/td>\n<\/tr>\n<tr>\n<td style=\"border: 0px solid transparent; font-weight: bold;\" align=\"right\" width=\"111\">Gr\u00f6\u00dfe<\/td>\n<td style=\"border: 0px solid transparent;\" align=\"left\" width=\"129\">1,66 m<\/td>\n<\/tr>\n<tr>\n<td style=\"border: 0px solid transparent; font-weight: bold;\" align=\"right\" width=\"111\">Gewicht<\/td>\n<td style=\"border: 0px solid transparent;\" align=\"left\" width=\"129\">60 kg<\/td>\n<\/tr>\n<tr>\n<td style=\"border: 0px solid transparent; font-weight: bold;\" align=\"right\" width=\"111\">Haarfarbe<\/td>\n<td style=\"border: 0px solid transparent;\" align=\"left\" width=\"129\">dunkelbraun<\/td>\n<\/tr>\n<tr>\n<td style=\"border: 0px solid transparent; font-weight: bold;\" align=\"right\" width=\"111\">Augenfarbe<\/td>\n<td style=\"border: 0px solid transparent;\" align=\"left\" width=\"129\">braun<\/td>\n<\/tr>\n<tr>\n<td style=\"background: #555555; border-radius: 1em; border: 0px solid #003366; font-weight: bold; box-shadow: 0.1em 0.1em 0.5em rgba(0,0,0,0.75); -webkit-border-radius: 1em; -webkit-box-shadow: 0.1em 0.1em 0.5em rgba(0, 0, 0, 0.75);\" colspan=\"2\" align=\"center\" width=\"250\">Politische Informationen<\/td>\n<\/tr>\n<tr>\n<td style=\"border: 0px solid transparent; font-weight: bold;\" align=\"right\" width=\"111\">B\u00fcrgerschaft<\/td>\n<td style=\"border: 0px solid transparent;\" align=\"left\" width=\"129\">UFP<\/td>\n<\/tr>\n<tr>\n<td style=\"border: 0px solid transparent; font-weight: bold;\" align=\"right\" width=\"111\">\u00a0Religion<\/td>\n<td style=\"border: 0px solid transparent;\" align=\"left\" width=\"129\">Katholik<\/td>\n<\/tr>\n<\/tbody>\n<\/table>\n<\/div>\n<p><strong><span style=\"font-family: 'Big Shoulders Text'; font-size: 24pt;\">Spielhilfe<\/span><\/strong><\/p>\n<blockquote><p><em>Temperamentvoll.<\/em><\/p><\/blockquote>\n<hr \/>\n<p><strong><span style=\"font-family: 'Big Shoulders Text'; font-size: 18pt;\">Tabellarischer Lebenslauf<\/span><\/strong><\/p>\n<ul>\n<li>01.2384 (Geburt) Geburt in Mexiko in einem Dorf nahe der Grenze zu Guatemala<\/li>\n<li>2390 Start der schulischen Ausbildung<\/li>\n<li>2402 Abschluss der schulischen Ausbildung<\/li>\n<li>2402 -2404 Hat eine \u201eHeilerin\/ Dorfkrankenschwester\u201c begleitet<\/li>\n<li>2402 Hochzeit mit Antoni<\/li>\n<li>2404 \u2013 2407 Ausbildung zur Krankenschwester, am Klinikum Mexiko- Stadt<\/li>\n<li>2407 Trennung von ihrem Ehemann<\/li>\n<li>2407 \u2013 2409 Ausbildung an der Sternenflottenakademie (Unteroffizierslaufbahn)<\/li>\n<li>2409 \u2013 2416 Stationiert im Sternenflotten-Hospital San Francisco<\/li>\n<li>2416 Scheidung<\/li>\n<li>2416 Versetzung auf die USS Artemis \u2013 Oberschwester<\/li>\n<\/ul>\n<hr \/>\n<h4>Lebenslauf<\/h4>\n<p>Lucia wurde in einem kleinen Dorf nahe der Grenze geboren. Die Einwohner des Dorfes waren sehr stolz darauf sich noch so viel ihrer urspr\u00fcnglichen Kultur bewahrt zu haben und ihre Traditionen zu leben.<\/p>\n<p>Sicher es gab immer mal wieder Probleme mit der Stromversorgung, aber daf\u00fcr war die Natur spektakul\u00e4r und oft wurde die Gegend von Urlaubern besucht.<\/p>\n<p>Lucia wuchs auf einer kleinen Farm auf und lernte fr\u00fch war beim Anbau von Getreide zu beachten war, wie man die Farbger\u00e4te programmierte und steuerte um die Ernte einzufahren. Das es wichtig war das Wetter im Auge zu halten um einen guten Ertrag zu bekommen. Schon fr\u00fch lernte sie den Umgang mit Tieren und versuchte ihnen zu helfen, wenn sie sich verletzt hatten.<\/p>\n<p>Sie war die \u00c4lteste von f\u00fcnf Geschwistern und musste schon fr\u00fch auf die drei Br\u00fcder und die kleine Schwester achtgeben.<\/p>\n<p>Ihre Eltern arbeiteten viel und so wurde die wilde Rasselband \u00fcberwiegend von der Gro\u00dfmutter und Urgro\u00dfmutter aufgezogen.<\/p>\n<p>Lucia kann auf eine sehr sch\u00f6ne Kindheit zur\u00fcckblicken, in der sie viel in der Natur unterwegs war und eine Menge Unfug mit den Geschwistern angestellt hat.<\/p>\n<p>Schon fr\u00fch interessiert Lucia sich daf\u00fcr anderen Wesen zu helfen und begleitete nach der Schule den Tierarzt, oder die Dorfkrankenschwester. Erst trug sie nur die Taschen, sp\u00e4ter durfte sie dann auch schon bei kleineren Dingen assistieren.<\/p>\n<p>In der Schule war Lucia gar nicht so schlecht, jedoch etwas faul, sie hatte sich schon immer f\u00fcr andere Dinge als den Unterricht interessiert und tat demzufolge nur das n\u00f6tigste um im Mittelfeld der Schule mitspielen zu k\u00f6nnen.<\/p>\n<p>Mit knapp 18 lernte Lucia ihren sp\u00e4teren Mann kennen, der charmante Mann versprach ihr das Blaue vom Himmel, allerdings musste sie sp\u00e4ter schmerzlich erkennen, das seiner sch\u00f6nen Worte oft mehr Schein als Sein waren und er weit davon entfernt war seinen Worten auch wirklich Taten folgen zu lassen.<\/p>\n<p>Scheiden lassen konnte und wollte Lucia sich nicht, vielleicht war sie daf\u00fcr zu katholisch erzogen worden, vielleicht glaubte sie auch daran dass er sich eines Tages \u00e4ndern w\u00fcrde.<\/p>\n<p>Dennoch trennten die Beiden sich und Lucia, schrieb sich nach ihrer Ausbildung am Hospital an der Sternenflottenakademie zur Unteroffizierslaufbahn ein, vielleicht auch um etwas Abstand zu ihrer Familie zu bekommen. Auch wenn ihre Familie es Lucia nie spuren lies oder Andeutungen machte, sie selbst f\u00fchlte sich als h\u00e4tte sie alle entt\u00e4uscht, weil sie nicht bereits drei kleine s\u00fc\u00dfe Kinder hatte und mit ihnen und ihrem Ehemann gl\u00fccklich und in Frieden lebte.<\/p>\n<hr \/>\n<p><strong><span style=\"font-family: 'Big Shoulders Text'; font-size: 24pt;\">Psychologisches Profil<\/span><\/strong><\/p>\n<p>Lucia ist eine freundliche Person, die es liebt Anderen helfen zu k\u00f6nnen. Sie ist allerdingt sehr temperametvoll und mitunter etwas aufbrausend.\u00a0Sie flucht gern in ihrer Muttersprache und verspr\u00fcht fast unfreiwillig stets einen gewissen Charme ihrer Heimat.<\/p>\n<p>Leider sagt Lucia oft was sie denkt, das kommt mitunter nicht immer gut an, aber da sie viel Selbstbewusstsein besitzt kann sie damit gut umgehen, das hei\u00dft jedoch nicht das sie keine R\u00fccksicht auf die Gef\u00fchle Andere nimmt. Es gibt jedoch Dinge die gesagt werden m\u00fcssen, ob sie nun sch\u00f6n sind oder nicht.<\/p>\n<p>Lucia ist realistisch\u00a0 und mit ihren Mitte- Drei\u00dfig auch schon so lebenserfahren um nicht auf jede L\u00fcge, jeden dummen Spruch oder \u00e4hnliches hereinfallen zu m\u00fcssen.<\/p>\n<p>Die Mexikanerin liebt die Traditionen ihrer Kultur und lebt diese gern aus. Sie ist ebenfalls sehr katholisch, so wie es sich in ihrer Familie seit Generationen einfach geh\u00f6rt.<\/p>\n<hr \/>\n<p><strong><span style=\"font-family: 'Big Shoulders Text'; font-size: 24pt;\">Hobbies<\/span><\/strong><\/p>\n<ul>\n<li>Tanzen<\/li>\n<li>Musik<\/li>\n<li>Kr\u00e4uter f\u00fcr Tees ziehen<\/li>\n<li>Spazieren<\/li>\n<li>Gute Unterhaltungen<\/li>\n<li>Lesen<\/li>\n<\/ul>\n<hr \/>\n<h3><strong>St\u00e4rken &amp; Schw\u00e4chen<\/strong><\/h3>\n<h4><strong>St\u00e4rken<\/strong><\/h4>\n<ul>\n<li>Sagt immer was sie denkt<\/li>\n<li>Gute T\u00e4nzerin (Jarabe Tapatio)<\/li>\n<li>Intelligent<\/li>\n<li>Gibt im Beruf immer 100 %, liebt die Medizin und helfen zu k\u00f6nnen<\/li>\n<li>Besitzt viel Wissen \u00fcber Heil-Tees und altert\u00fcmliche Medizin \u2013 kann Wunden noch n\u00e4hen<\/li>\n<li>Steht zu ihrem Wort und Taten<\/li>\n<li>Ist sehr loyal und willensstark<\/li>\n<\/ul>\n<h4><strong>Schw\u00e4chen<\/strong><\/h4>\n<ul>\n<li>Sagt immer was sie denkt<\/li>\n<li>Ein klein wenig eitel<\/li>\n<li>Stur<\/li>\n<li>Aufbrausend \u2013 etwas zu temperamentvoll ab und zu<\/li>\n<li>L\u00e4sst Dinge zu nah an sich heran<\/li>\n<\/ul>\n<hr \/>\n<h3><strong>Vorlieben &amp; Abneigungen<\/strong><\/h3>\n<h4><strong>Vorlieben<\/strong><\/h4>\n<ul>\n<li>Musik \u2013 Mexikanische Folklore<\/li>\n<li>Bunt und laut<\/li>\n<li>Liebt mexikanische Br\u00e4uche und Traditionen (z.B. Dia de Los Muertos)<\/li>\n<li>Kochen \u2013 mexikanisch (Enchilada, Tacos)<\/li>\n<li>Caf\u00e9 de Olle (Kaffee aus dem Tontopf)<\/li>\n<li>Kr\u00e4uter ziehen f\u00fcr Tees<\/li>\n<li>Tequila<\/li>\n<li>Mexikanische Trachtenkleider<\/li>\n<li>Lucha Libre \u2013mexikanisches Wrestling<\/li>\n<li>Quitapesares \u2013 kleine Stoffp\u00fcppchen die Gl\u00fcck bringen sollen, bzw. den Schmerz und die Krankheiten aufnehmen<\/li>\n<\/ul>\n<h4><strong>Abneigungen<\/strong><\/h4>\n<ul>\n<li>Krankheiten<\/li>\n<li>Langeweile<\/li>\n<li>Verklemmte Menschen<\/li>\n<li>Besserwisser<\/li>\n<li>Nervige Diskussionen, in denen ihr Gegen\u00fcber einfach nicht einsehen will das sie IMMER recht hat<\/li>\n<li>Unh\u00f6flichkeit<\/li>\n<li>Ungeziefer (Spinnen, K\u00e4fer und \u00e4hnliches)<\/li>\n<\/ul>\n<h3>Medizinisches Profil<\/h3>\n<p>n\/a<\/p>\n<h3><strong>Haustier<\/strong><\/h3>\n<p>Auf der Erde besitzt Lucia, zwei Pferde und viele H\u00fchner, darunter auch einen wundersch\u00f6nen Hahn. Auf ihre H\u00fchner ist Lucia besonders stolz, da ihrer Familie die Tiere seit Generationen z\u00fcchten.<\/p>\n","protected":false},"excerpt":{"rendered":"<p>Lucia Sophia Lopez Lucia Status NPC Spieler Dienstliche Informationen Ranggrafik Rang Senior Chief Petty Officer Posten Oberschwester Stationierung U.S.S. Artemis Biographische Informationen Geburtstag 01.01.2384 Geburtsort Erde, Mexiko Familienstand ledig Eltern Carlos &amp; Maria Lopez Geschwister &#8211; Kinder &#8211; Physische Beschreibung Spezies Mensch Geschlecht weiblich Gr\u00f6\u00dfe 1,66 m Gewicht 60 kg Haarfarbe dunkelbraun Augenfarbe braun Politische&#8230;<\/p>\n<p class=\"more-link-wrap\"><a href=\"https:\/\/sf-germany.org\/einheiten\/uss-artemis\/crew\/abteilungen\/medizin\/lucia-s-lopez\/\" class=\"more-link\">Read More<span class=\"screen-reader-text\"> &ldquo;Lucia Sophia Lopez&rdquo;<\/span> &raquo;<\/a><\/p>\n","protected":false},"author":3,"featured_media":0,"parent":77,"menu_order":0,"comment_status":"closed","ping_status":"closed","template":"","meta":{"footnotes":""},"class_list":["post-4943","page","type-page","status-publish","hentry"],"_links":{"self":[{"href":"https:\/\/sf-germany.org\/einheiten\/uss-artemis\/wp-json\/wp\/v2\/pages\/4943","targetHints":{"allow":["GET"]}}],"collection":[{"href":"https:\/\/sf-germany.org\/einheiten\/uss-artemis\/wp-json\/wp\/v2\/pages"}],"about":[{"href":"https:\/\/sf-germany.org\/einheiten\/uss-artemis\/wp-json\/wp\/v2\/types\/page"}],"author":[{"embeddable":true,"href":"https:\/\/sf-germany.org\/einheiten\/uss-artemis\/wp-json\/wp\/v2\/users\/3"}],"replies":[{"embeddable":true,"href":"https:\/\/sf-germany.org\/einheiten\/uss-artemis\/wp-json\/wp\/v2\/comments?post=4943"}],"version-history":[{"count":2,"href":"https:\/\/sf-germany.org\/einheiten\/uss-artemis\/wp-json\/wp\/v2\/pages\/4943\/revisions"}],"predecessor-version":[{"id":4945,"href":"https:\/\/sf-germany.org\/einheiten\/uss-artemis\/wp-json\/wp\/v2\/pages\/4943\/revisions\/4945"}],"up":[{"embeddable":true,"href":"https:\/\/sf-germany.org\/einheiten\/uss-artemis\/wp-json\/wp\/v2\/pages\/77"}],"wp:attachment":[{"href":"https:\/\/sf-germany.org\/einheiten\/uss-artemis\/wp-json\/wp\/v2\/media?parent=4943"}],"curies":[{"name":"wp","href":"https:\/\/api.w.org\/{rel}","templated":true}]}}