{"id":4911,"date":"2023-01-16T22:54:55","date_gmt":"2023-01-16T21:54:55","guid":{"rendered":"http:\/\/sf-germany.org\/einheiten\/uss-artemis\/?page_id=4911"},"modified":"2025-08-26T23:45:03","modified_gmt":"2025-08-26T21:45:03","slug":"inactive_sharika-reen","status":"publish","type":"page","link":"https:\/\/sf-germany.org\/einheiten\/uss-artemis\/crew\/besatzung\/inactive_sharika-reen\/","title":{"rendered":"Sharika &#8220;Shari&#8221; Reen [INAKTIV]"},"content":{"rendered":"<table style=\"background: none; border: 0px solid #ffffff; font-weight: bold;\" border=\"0\" width=\"95%\" cellspacing=\"5\" cellpadding=\"5\" align=\"center\">\n<tbody>\n<tr>\n<td style=\"background: none; border-radius: 1em; border: 0px solid #003366; box-shadow: 0.1em 0.1em 0.5em rgba(0,0,0,0.75); -webkit-border-radius: 1em; -moz-border-radius: 1em; -moz-box-shadow: 0.1em 0.1em 0.5em rgba(0, 0, 0, 0.75); -webkit-box-shadow: 0.1em 0.1em 0.5em rgba(0, 0, 0, 0.75);\" colspan=\"5\" rowspan=\"3\" align=\"center\" valign=\"middle\">\n<h2><strong>Sharika &#8220;Shari&#8221; Reen<\/strong><\/h2>\n<\/td>\n<\/tr>\n<\/tbody>\n<\/table>\n<p>&nbsp;<\/p>\n<div style=\"float: left; margin-right: 15px; margin-bottom: 15px; font-size: 11px; width: 300px; padding-left: 10px; padding-right: 10px;\">\n<table style=\"background: none; border: 0px solid #003366; margin-bottom: 15px; margin-right: 15px; float: left; border-radius: 1em; box-shadow: rgba(0, 0, 0, 0.75) 0.1em 0.1em 0.5em; width: 82.668%;\" border=\"1\" width=\"250\" cellspacing=\"10\" align=\"right\">\n<tbody>\n<tr>\n<td style=\"border: 0px solid transparent; font-weight: bold; width: 87.9518%;\" colspan=\"2\" align=\"center\" width=\"250\"><a href=\"https:\/\/sf-germany.org\/einheiten\/uss-artemis\/wp-content\/uploads\/2023\/02\/Sharika2.jpg\" rel=\"lightbox-0\"><img loading=\"lazy\" decoding=\"async\" class=\"alignnone wp-image-3749\" src=\"https:\/\/sf-germany.org\/einheiten\/uss-artemis\/wp-content\/uploads\/2023\/02\/Sharika2.jpg\" alt=\"\" width=\"226\" height=\"226\" \/><\/a><\/td>\n<\/tr>\n<tr>\n<td style=\"border: 0px solid transparent; font-weight: bold; width: 87.9518%;\" colspan=\"2\" align=\"center\" width=\"250\">Sharika &#8220;Shari&#8221; Reene<\/td>\n<\/tr>\n<tr>\n<td style=\"border: 0px solid transparent; font-weight: bold; width: 41.3655%;\" align=\"right\" width=\"111\">Status<\/td>\n<td style=\"border: 0px solid transparent; width: 46.5863%;\" align=\"left\" width=\"129\">PC<\/td>\n<\/tr>\n<tr>\n<td style=\"border: 0px solid transparent; font-weight: bold; width: 41.3655%;\" align=\"right\" width=\"111\">Spieler<\/td>\n<td style=\"border: 0px solid transparent; width: 46.5863%;\" align=\"left\" width=\"129\">Assets<\/td>\n<\/tr>\n<tr>\n<td style=\"background: #555555; border: 0px solid #003366; font-weight: bold; border-radius: 1em; box-shadow: rgba(0, 0, 0, 0.75) 0.1em 0.1em 0.5em; width: 87.9518%;\" colspan=\"2\" align=\"center\" width=\"240\">Dienstliche Informationen<\/td>\n<\/tr>\n<tr>\n<td style=\"border: 0px solid transparent; font-weight: bold; vertical-align: middle; width: 41.3655%;\" align=\"right\" width=\"111\">Ranggrafik<\/td>\n<td style=\"border: 0px solid transparent; width: 46.5863%;\" align=\"left\" width=\"129\"><img loading=\"lazy\" decoding=\"async\" class=\"alignnone wp-image-3619\" src=\"https:\/\/sf-germany.org\/einheiten\/uss-artemis\/wp-content\/uploads\/2022\/09\/y-o2-1.png\" alt=\"Lt. (jg.)\" width=\"100\" height=\"25\" \/><\/td>\n<\/tr>\n<tr>\n<td style=\"border: 0px solid transparent; font-weight: bold; width: 41.3655%;\" align=\"right\" width=\"111\">Rang<\/td>\n<td style=\"border: 0px solid transparent; width: 46.5863%;\" align=\"left\" width=\"129\">Lieutenant junior grade<\/td>\n<\/tr>\n<tr>\n<td style=\"border: 0px solid transparent; font-weight: bold; width: 41.3655%;\" align=\"right\" width=\"111\">Posten<\/td>\n<td style=\"border: 0px solid transparent; width: 46.5863%;\" align=\"left\" width=\"129\">sOPS<\/td>\n<\/tr>\n<tr>\n<td style=\"border: 0px solid transparent; font-weight: bold; width: 41.3655%;\" align=\"right\" width=\"111\">Stationierung<\/td>\n<td style=\"border: 0px solid transparent; width: 46.5863%;\" align=\"left\" width=\"129\">USS Artemis<\/td>\n<\/tr>\n<tr>\n<td style=\"background: #555555; border: 0px solid #003366; font-weight: bold; border-radius: 1em; box-shadow: rgba(0, 0, 0, 0.75) 0.1em 0.1em 0.5em; width: 87.9518%;\" colspan=\"2\" align=\"center\" width=\"250\">Biographische Informationen<\/td>\n<\/tr>\n<tr>\n<td style=\"border: 0px solid transparent; font-weight: bold; width: 41.3655%;\" align=\"right\" width=\"111\">Geburtsdatum<\/td>\n<td style=\"border: 0px solid transparent; width: 46.5863%;\" align=\"left\" width=\"129\">26.01.2388<\/td>\n<\/tr>\n<tr>\n<td style=\"border: 0px solid transparent; font-weight: bold; width: 41.3655%;\" align=\"right\" width=\"111\">Geburtsort<\/td>\n<td style=\"border: 0px solid transparent; width: 46.5863%;\" align=\"left\" width=\"129\">Trr&#8217;gchk<\/td>\n<\/tr>\n<tr>\n<td style=\"border: 0px solid transparent; font-weight: bold; width: 41.3655%;\" align=\"right\" width=\"111\">Familienstand<\/td>\n<td style=\"border: 0px solid transparent; width: 46.5863%;\" align=\"left\" width=\"129\">ledig<\/td>\n<\/tr>\n<tr>\n<td style=\"border: 0px solid transparent; font-weight: bold; width: 41.3655%;\" align=\"right\" width=\"111\">Vater<\/td>\n<td style=\"border: 0px solid transparent; width: 46.5863%;\" align=\"left\" width=\"129\">Ramarsh<\/td>\n<\/tr>\n<tr>\n<td style=\"border: 0px solid transparent; font-weight: bold; width: 41.3655%;\" align=\"right\" width=\"111\">Mutter<\/td>\n<td style=\"border: 0px solid transparent; width: 46.5863%;\" align=\"left\" width=\"129\">Isidora Moonchild<\/td>\n<\/tr>\n<tr>\n<td style=\"border: 0px solid transparent; font-weight: bold; width: 41.3655%;\" align=\"right\" width=\"111\">Zwillingsschwester<\/td>\n<td style=\"border: 0px solid transparent; width: 46.5863%;\" align=\"left\" width=\"129\">Kira<\/td>\n<\/tr>\n<tr>\n<td style=\"background: #555555; border: 0px solid #003366; font-weight: bold; border-radius: 1em; box-shadow: rgba(0, 0, 0, 0.75) 0.1em 0.1em 0.5em; width: 87.9518%;\" colspan=\"2\" align=\"center\" width=\"250\">Physische Beschreibung<\/td>\n<\/tr>\n<tr>\n<td style=\"border: 0px solid transparent; font-weight: bold; width: 41.3655%;\" align=\"right\" width=\"111\">Spezies<\/td>\n<td style=\"border: 0px solid transparent; width: 46.5863%;\" align=\"left\" width=\"129\">Asgon \/ Iskyra<\/td>\n<\/tr>\n<tr>\n<td style=\"border: 0px solid transparent; font-weight: bold; width: 41.3655%;\" align=\"right\" width=\"111\">Geschlecht<\/td>\n<td style=\"border: 0px solid transparent; width: 46.5863%;\" align=\"left\" width=\"129\">weiblich<\/td>\n<\/tr>\n<tr>\n<td style=\"border: 0px solid transparent; font-weight: bold; width: 41.3655%;\" align=\"right\" width=\"111\">Gr\u00f6\u00dfe<\/td>\n<td style=\"border: 0px solid transparent; width: 46.5863%;\" align=\"left\" width=\"129\">1,74 m<\/td>\n<\/tr>\n<tr>\n<td style=\"border: 0px solid transparent; font-weight: bold; width: 41.3655%;\" align=\"right\" width=\"111\">Gewicht<\/td>\n<td style=\"border: 0px solid transparent; width: 46.5863%;\" align=\"left\" width=\"129\">68 kg<\/td>\n<\/tr>\n<tr>\n<td style=\"border: 0px solid transparent; font-weight: bold; width: 41.3655%;\" align=\"right\" width=\"111\">Haarfarbe<\/td>\n<td style=\"border: 0px solid transparent; width: 46.5863%;\" align=\"left\" width=\"129\">silbern, Kurzhaarfrisur, in die Stirn fallende Str\u00e4hnen \/ wei\u00dfes, d\u00fcnnes, kurzes Fell am gesamten K\u00f6rper<\/td>\n<\/tr>\n<tr>\n<td style=\"border: 0px solid transparent; font-weight: bold; width: 41.3655%;\" align=\"right\" width=\"111\">Augenfarbe<\/td>\n<td style=\"border: 0px solid transparent; width: 46.5863%;\" align=\"left\" width=\"129\">blau<\/td>\n<\/tr>\n<tr>\n<td style=\"background: #555555; border: 0px solid #003366; font-weight: bold; border-radius: 1em; box-shadow: rgba(0, 0, 0, 0.75) 0.1em 0.1em 0.5em; width: 87.9518%;\" colspan=\"2\" align=\"center\" width=\"250\">Politische Informationen<\/td>\n<\/tr>\n<tr>\n<td style=\"border: 0px solid transparent; font-weight: bold; width: 41.3655%;\" align=\"right\" width=\"111\">B\u00fcrgerschaft<\/td>\n<td style=\"border: 0px solid transparent; width: 46.5863%;\" align=\"left\" width=\"129\">UFP<\/td>\n<\/tr>\n<tr>\n<td style=\"border: 0px solid transparent; font-weight: bold; width: 41.3655%;\" align=\"right\" width=\"111\">\u00a0Religion<\/td>\n<td style=\"border: 0px solid transparent; width: 46.5863%;\" align=\"left\" width=\"129\">&#8211;<\/td>\n<\/tr>\n<\/tbody>\n<\/table>\n<\/div>\n<p><strong><span style=\"font-family: 'Big Shoulders Text'; font-size: 24pt;\">Lebenslauf<\/span><\/strong><\/p>\n<p><b>Werdegang (Achtung, siehe klassifizierte Sektion)<\/b><\/p>\n<p>Sharika kam am 26.01.2388 auf Trr&#8217;gshk zur Welt.<\/p>\n<p>Ihre Eltern waren Werft-Arbeiter auf dem Mond Torch.<\/p>\n<p>Sharika wuchs auf Trr&#8217;gchk und Torch im Wechsel auf, sie besuchte hier die Schule und erlernte durch ihre Mutter die Gebr\u00e4uche der Asgon, durch ihren Vater die der Iskyra. Ihre Mutter geh\u00f6rt einem niederen und nicht angesehenen Haus Asgons an und kam als &#8220;Zofe&#8221; einer Dame aus dem Hochadel nach Trr&#8217;gchk, wo sie blieb, als sie sich in Sharis Vater verliebte.<\/p>\n<p>In jungem Erwachsenenalter besuchte Shari die Universit\u00e4t auf der Erde, studierte Geologie und arbeitete eine zeitlang als Wissenschaftlerin in privater Anstellung bei der Suche nach Rohstoffen und beim Terraforming.<\/p>\n<p>Sie absolvierte die Akademie der Sternenflotte und zeichnete sich aus in Astrogation, Navigation, Organisation und Kommunikation.<\/p>\n<p><strong><span style=\"font-family: 'Big Shoulders Text'; font-size: 24pt;\">Tabellarischer Lebenslauf<\/span><\/strong><\/p>\n<ul>\n<li>26.01.2388 Geboren auf Trr&#8217;gchk<\/li>\n<li>2395 Schulausbildung<\/li>\n<li>2405 Studium der Geologie<\/li>\n<li>2410 Abschluss des Studiums, Bewerbung bei &#8220;Kirna-Volta Inc.&#8221;, Arbeit als Wissenschaftlerin (Rohstofferkundung und Terraforming) &#8211; Firma wurde geschlossen, da der Inhaber starb und es keine Nachfolge gab.<\/li>\n<li>2412 Ausbildung auf der Sternenflottenakademie<\/li>\n<li>2414 Versetzung auf Starbase 1<\/li>\n<li>2415 Bef\u00f6rderung zum Lt.jg.<\/li>\n<li>2416 Versetzung auf die USS Artemis<\/li>\n<\/ul>\n<hr \/>\n<p><strong><span style=\"font-family: 'Big Shoulders Text'; font-size: 24pt;\">Besondere F\u00e4higkeiten<\/span><\/strong><\/p>\n<p>Sharika hat gute Kenntnisse in Geologie, Astrogation und Pilotenzulassungen f\u00fcr viele Schiffsklassen der Sternenflotte<\/p>\n<p>Sie treibt Sport, ist in Selbstverteidigung geschult.<\/p>\n<p>Sharika spielt Gitarre und singt gern, zur Musikerin reicht es aber lange nicht.<\/p>\n<p>Ihre Mutter vererbte Shari latente Empathen-F\u00e4higkeiten, die bei k\u00f6rperlichen Ber\u00fchrungen auftreten, sie hat diese nicht unter Kontrolle (beide Wege! Ihre Gef\u00fchle k\u00f6nnen versehentlich in seltenen F\u00e4llen bei Kontakt \u00fcbertragen werden)<\/p>\n<p><b>&#8211; Besonderheiten der Spezies &#8211;<\/b><\/p>\n<p><i>Das Erbe ihres Iskyra-Vaters:<\/i><\/p>\n<p>Leicht verbessertes Geh\u00f6r und Geruchssinn. Leichte Kurzsichtigkeit.<br \/>\nWei\u00dfes, d\u00fcnnes Fell am ganzen K\u00f6rper<br \/>\nDie Ohren sind etwas h\u00f6her am Kopf als bei Menschen und laufen spitz zu<br \/>\nFinger und Fu\u00dfn\u00e4gel sind h\u00e4rter und schmaler als bei Menschen.<\/p>\n<p><i>Das Erbe ihrer Asgon-Mutter:<\/i><\/p>\n<p>Unempfindlichkeit gegen K\u00e4lte<br \/>\nHellwei\u00dfe Haut (Fell), silberne Haare<br \/>\nLatente Empathie. Asgon haben Psionik-Fertigkeiten, wenige sind Telepathen, alle Empathen, die auch die Gef\u00fchle anderer steuern k\u00f6nnen (Was gegen\u00fcber h\u00f6her gestellten Personen ein absolutes Tabu ist). Shari kann nur bei Ber\u00fchrung f\u00fchlen, was diese Person f\u00fchlt, es kommt in seltenen F\u00e4llen dazu, dass ihre eigenen Gef\u00fchle an die andere Person \u00fcbertragen wird. Sie hat keine Kontrolle dar\u00fcber.<\/p>\n<hr \/>\n<p><strong><span style=\"font-family: 'Big Shoulders Text'; font-size: 24pt;\">Psychologisches Profil<\/span><\/strong><\/p>\n<p>Sharika ist pflichtbewusst und lernt gerne dazu. Wenn sie etwas interessiert, kann sie sich komplett darauf konzentrieren und alles rundherum vergessen.<\/p>\n<p>Sie ist offen f\u00fcr andere Wesen und gesellig, zumeist gut gelaunt. Sie wuchs beh\u00fctet auf und Angst hat sie selten, Neugierde brachte sie macnhmal in komplizierte Situationen.<\/p>\n<p>Sharika hat ein ausgepr\u00e4gtes Gerechtigkeitsempfinden. Zu Ungerechtigkeiten w\u00fcrde sie nie schweigen.<\/p>\n<p>Selten kommt es zu melancholischen Episoden, die sie auf dem Holodeck auslebt, genau wie ihren selten durchbrechenden Jagdtrieb, ein\u00a0Erbe ihres Iskyravaters.<\/p>\n<hr \/>\n<p><strong><span style=\"font-family: 'Big Shoulders Text'; font-size: 24pt;\">Hobbies<\/span><\/strong><\/p>\n<p>Sport: Shari liebt das Klettern, egal ob in freier Natur, im Gebirge, an B\u00e4umen oder in der Kletterhalle, frei klettern oder seilbasierte Klettertechnik.<br \/>\nSelbstverteidigungstechniken trainiert sie regelm\u00e4ssig, aber nicht verbissen und mit hohem Anspruch.<\/p>\n<p>Gitarrespiel und Gesang zum Spa\u00df, aber ungern vor anderen Personen, nur mit guten Bekannten und Freunden.<\/p>\n<hr \/>\n<p><strong><span style=\"font-family: 'Big Shoulders Text'; font-size: 24pt;\">St\u00e4rken &amp; Schw\u00e4chen<\/span><\/strong><\/p>\n<p><b>St\u00e4rken<\/b><\/p>\n<ul>\n<li>Sie bleibt in den meisten Situationen gelassen, versucht immer den \u00dcberblick zu halten und ihr \u00fcbertragene Aufgaben so gut es geht zu erledigen. Pflichtbewusst.<\/li>\n<li>Shari ist aufgeschlossen allen Personen gegen\u00fcber, sie schlie\u00dft schnell Freundschaften.<\/li>\n<li>Shari spricht eine Handvoll Sprachen gut und von vielen weiteren einige wenige S\u00e4tze, sie lernt Grundz\u00fcge von Sprachen relativ schnell.<\/li>\n<\/ul>\n<p><b>Schw\u00e4chen<\/b><\/p>\n<ul>\n<li>Bei einem Hauch von (vermeintlicher) Ungerechtigkeit reagiert Shari aggressiv, Missverst\u00e4ndnisse k\u00f6nnen ausarten.<\/li>\n<li>Melancholische Episoden, ihr fehlt ihre Schwester und ihre &#8220;Heimat&#8221;<\/li>\n<li>Manchmal vorlaut und respektlos, sie versucht das zu unterdr\u00fccken, ab und an rutscht ihr aber etwas B\u00f6ses oder Dummes raus.<\/li>\n<li>Impulsiv. Insbesondere in der Freizeit. Wenn ihr da eine Idee kommt, muss sie diese sofort umsetzen.<\/li>\n<li>Ber\u00fchrungen anderer Personen k\u00f6nnen dazu f\u00fchren, dass sie ungewollt deren Empfindungen aufnimmt. Sie mag das nicht und noch weniger, wenn ganz selten ihre eigenen Empfindungen bei der anderen Person landen.<\/li>\n<\/ul>\n<hr \/>\n<p><strong><span style=\"font-family: 'Big Shoulders Text'; font-size: 24pt;\">Vorlieben &amp; Abneigungen<\/span><\/strong><\/p>\n<p><b>Vorlieben<\/b><\/p>\n<ul>\n<li>Ausgepr\u00e4gt Carnivor. Tierische Proteine zieht sie pfanzlichen immer vor. Ein blutiges Steak ist das H\u00f6chste.<\/li>\n<li>Mit Freunden etwas unternehmen, egal ob Holodeck, Bar oder herumziehen. Am liebsten aber irgendwas spielen! Gesellschafts- oder Kartenspiele sind toll! Sportliche Aktivit\u00e4ten gern, aber nie verbissen, sondern nur zum Spa\u00df.<\/li>\n<li>Klettern!<\/li>\n<li>Singen und Gitarre spielen, aber nur mit guten Freunden oder allein<\/li>\n<\/ul>\n<p><b>Abneigungen<\/b><\/p>\n<ul>\n<li>Rauschmittel jeglicher Art. Das f\u00e4ngt bei Schmerzmitteln an und h\u00f6rt bei Drogen jeglicher Art auf.<\/li>\n<li>Direkte Ber\u00fchrungen anderer, sie gibt auch ungern die Hand, nur gute Freunde d\u00fcrfen das<\/li>\n<li>Langeweile und gezwungen sin, nichts zu tun. Shari hat zwar kein Hyperaktivit\u00e4tssyndrom, aber Unt\u00e4tigkeit ist ihr ein Graus.<\/li>\n<\/ul>\n<hr \/>\n<p><span style=\"font-family: 'Big Shoulders Text'; font-size: 24pt;\"><strong>Medizinisches Profil<\/strong><\/span><\/p>\n<p>Sehr gute Fitness. Kleinere Narben, die alle gut verheilt sind, schwere Verletzungen hat sie bisher keine erlitten.<\/p>\n<p>Geh\u00f6r und Geruchssinn sind etwas st\u00e4rker ausgebildet, als es bei Menschen der Fall ist.<\/p>\n<p>Sharikas Ohren sind etwas h\u00f6her am Kopf, als es bei Menschen der Fall ist, sie sind leicht spitz zulaufend. Wei\u00dfes, d\u00fcnnes, kurzes Fell bedeckt ihren K\u00f6rper. Ihre Fingern\u00e4gel sind von Natur aus etwas spitzer und h\u00e4rter als bei Menschen.<\/p>\n<hr \/>\n<p><span style=\"font-family: 'Big Shoulders Text'; font-size: 24pt;\"><strong><span id=\"Haustier\" class=\"mw-headline\">Haustier<\/span><\/strong><\/span><\/p>\n<p>keines<\/p>\n<hr \/>\n<p><strong><span style=\"font-family: 'Big Shoulders Text'; font-size: 24pt;\">Klassifzierte Sektion<\/span><\/strong><\/p>\n<p><b>Tats\u00e4chlicher Lebenslauf:<\/b><\/p>\n<p>Sharika kam am 26.01.2409 auf der USS Avalon zur Welt, ihre Schwester Kira kurz nach ihr. Beide Eltern waren damals leitende Offiziere, Akira Silverhawk war die CO, Assets Careen der EO. Akira war zuvor Chef-Pilotin gewesen, Assets Sicherheitschef.<\/p>\n<p>Als die Avalon au\u00dfer Dienst gestellt wurde, gingen Akira und Assets auf den Planeten Trr&#8217;gchk, wo Sharika und Kira ihre Kindheit verbrachten. Die Eltern entschieden, um ihnen eine Ausbildung zu erm\u00f6glichen, auf Akiras Heimatwelt Asgon \u00fcberzusiedeln und so landete Familie Careen-Silverhawk auf diesem Planeten, wo die Zwillinge die Schule besuchten und die gesellschaftlichen Regeln der asgonidischen Gesellschaft erlernten.<\/p>\n<p>Nach Abschlu\u00df der Schule, wandten sich die Zwillingsschwestern dem Studium zu, sie bekamen Pl\u00e4tze an einer irdischen Universit\u00e4t. Sharika studierte Geologie, Kira Physik. Beide kamen zu dem Schlu\u00df, dass sie nicht als Wissenschaftler arbeiten wollten, keinen B\u00fcrojob, sondern etwas erleben und reisen, ihre Eltern waren Offiziere der Sternenflotte gewesen, also lag der Schlu\u00df nahe, selbst die Akademie zu besuchen.<\/p>\n<p>Kira fand schnell ihre Berufung darin, logisch und taktisch zu arbeiten als\u00a0TAK, Sharika wandte sich dem Fliegen zu und der Astrogation und Organisation.<\/p>\n<p>Nach der Ausbildung wurden beide versetzt auf die USS Ibn Battuta, ein Forschungsschiff mit dem Auftrag der Kartografierung und Erkundung wenig bekannter Sektoren.<\/p>\n<p>Bei einer Fernortung wurde ein Asteroidenfeld durch die Battuta entdeckt, das den Anschein machte, Duranium-Vorkommen zu beherbergen. Sharika bekam den Auftrag, mit einem Shuttle nachzusehen, das Vorkommen zu best\u00e4tigen und zu kartografieren. Sie fand vor Ort eine unbekannte, kristalline Substanz, von der sie Proben mitnahm. Beim Einschalten des Warpantriebes wurde sie bewusstlos und erwachte in der Vergangenheit.<\/p>\n<p>Gefunden wurde Shari von Sharom Ventra, er sorgte daf\u00fcr, dass Shari nicht zu sehr in die Mangel genommen wurde. Dem Flottenkommando wurde Meldung erstattet, Ventra konnte aber die Gruppe derjenigen, die etwas wissen mussten, stark einschr\u00e4nken und dank der Hilfe des Vice-Admirals Bj\u00f6rn Jorgensens und nach einigen missgl\u00fcckten Versuchen Shari wieder in &#8220;ihre&#8221; Zeit zu schicken, wurde Shari als Ensign nach Starbase 1 geschickt, wo sie im Auge behalten wurde. Das Vertrauen des Admirals zu Shari wuchs einerseits, andererseits bestand immer die Gefahr, dass hier jemand auftauchen k\u00f6nnte, der die seltene Spezies-Kombination erkannte und Fragen stellte. Shari wurde also versetzt &#8211; erneut in die N\u00e4he Sharom Ventras und fern von gef\u00e4hrlichen Begegnungen.<\/p>\n<p><b>Tabellarischer Lebenslauf<\/b><\/p>\n<ul>\n<li>26.01.2409 Geboren auf der USS Avalon<\/li>\n<li>2412 Die Familie zieht nach Trr&#8217;gchk<\/li>\n<li>2417 Die Familie zieht nach Asgon. Schulische Ausbildung<\/li>\n<li>2428 Die Zwillinge beginnen das Studium auf der Erde, Shari studiert Geologie<\/li>\n<li>2433 Abschluss des Studiums, die Zwillinge gehen zur Sternenflottenakademie<\/li>\n<li>2435 Abschluss der Akademie, Versetzung auf die USS Ibn Battuta<\/li>\n<li>2439 Shari verschwindet auf einer Au\u00dfenmission und taucht in der Vergangenheit (2415) wieder auf.<\/li>\n<\/ul>\n<p><i><br \/>\nVater: Assets Careen<br \/>\nMutter: Akira Silverhawk<br \/>\nGeschwister: Zwillingsschwester Kira<\/i><\/p>\n<p><b>Geburtstag: 26.01.2409<\/b><br \/>\n<b>Im Jahre 2416 (heute) ist die &#8220;fr\u00fchere&#8221; Shari 7 Jahre alt. <\/b><\/p>\n","protected":false},"excerpt":{"rendered":"<p>Sharika &#8220;Shari&#8221; Reen &nbsp; Sharika &#8220;Shari&#8221; Reene Status PC Spieler Assets Dienstliche Informationen Ranggrafik Rang Lieutenant junior grade Posten sOPS Stationierung USS Artemis Biographische Informationen Geburtsdatum 26.01.2388 Geburtsort Trr&#8217;gchk Familienstand ledig Vater Ramarsh Mutter Isidora Moonchild Zwillingsschwester Kira Physische Beschreibung Spezies Asgon \/ Iskyra Geschlecht weiblich Gr\u00f6\u00dfe 1,74 m Gewicht 68 kg Haarfarbe silbern, Kurzhaarfrisur,&#8230;<\/p>\n<p class=\"more-link-wrap\"><a href=\"https:\/\/sf-germany.org\/einheiten\/uss-artemis\/crew\/besatzung\/inactive_sharika-reen\/\" class=\"more-link\">Read More<span class=\"screen-reader-text\"> &ldquo;Sharika &#8220;Shari&#8221; Reen [INAKTIV]&rdquo;<\/span> &raquo;<\/a><\/p>\n","protected":false},"author":2,"featured_media":0,"parent":3736,"menu_order":8,"comment_status":"closed","ping_status":"closed","template":"","meta":{"footnotes":""},"class_list":["post-4911","page","type-page","status-publish","hentry"],"_links":{"self":[{"href":"https:\/\/sf-germany.org\/einheiten\/uss-artemis\/wp-json\/wp\/v2\/pages\/4911","targetHints":{"allow":["GET"]}}],"collection":[{"href":"https:\/\/sf-germany.org\/einheiten\/uss-artemis\/wp-json\/wp\/v2\/pages"}],"about":[{"href":"https:\/\/sf-germany.org\/einheiten\/uss-artemis\/wp-json\/wp\/v2\/types\/page"}],"author":[{"embeddable":true,"href":"https:\/\/sf-germany.org\/einheiten\/uss-artemis\/wp-json\/wp\/v2\/users\/2"}],"replies":[{"embeddable":true,"href":"https:\/\/sf-germany.org\/einheiten\/uss-artemis\/wp-json\/wp\/v2\/comments?post=4911"}],"version-history":[{"count":7,"href":"https:\/\/sf-germany.org\/einheiten\/uss-artemis\/wp-json\/wp\/v2\/pages\/4911\/revisions"}],"predecessor-version":[{"id":5237,"href":"https:\/\/sf-germany.org\/einheiten\/uss-artemis\/wp-json\/wp\/v2\/pages\/4911\/revisions\/5237"}],"up":[{"embeddable":true,"href":"https:\/\/sf-germany.org\/einheiten\/uss-artemis\/wp-json\/wp\/v2\/pages\/3736"}],"wp:attachment":[{"href":"https:\/\/sf-germany.org\/einheiten\/uss-artemis\/wp-json\/wp\/v2\/media?parent=4911"}],"curies":[{"name":"wp","href":"https:\/\/api.w.org\/{rel}","templated":true}]}}