{"id":4802,"date":"2022-12-05T16:55:30","date_gmt":"2022-12-05T15:55:30","guid":{"rendered":"http:\/\/sf-germany.org\/einheiten\/uss-artemis\/?page_id=4802"},"modified":"2023-02-01T09:01:20","modified_gmt":"2023-02-01T08:01:20","slug":"francis-felidae","status":"publish","type":"page","link":"https:\/\/sf-germany.org\/einheiten\/uss-artemis\/crew\/besatzung\/panalek-2\/francis-felidae\/","title":{"rendered":"Francis"},"content":{"rendered":"<table style=\"background: none; border: 0px solid #ffffff; font-weight: bold;\" border=\"0\" width=\"95%\" cellspacing=\"5\" cellpadding=\"5\" align=\"center\">\n<tbody>\n<tr>\n<td style=\"background: none; border-radius: 1em; border: 0px solid #003366; box-shadow: 0.1em 0.1em 0.5em rgba(0,0,0,0.75); -webkit-border-radius: 1em; -moz-border-radius: 1em; -moz-box-shadow: 0.1em 0.1em 0.5em rgba(0, 0, 0, 0.75); -webkit-box-shadow: 0.1em 0.1em 0.5em rgba(0, 0, 0, 0.75);\" colspan=\"5\" rowspan=\"3\" align=\"center\" valign=\"middle\">\n<h2><strong>Francis Felidae<\/strong><\/h2>\n<\/td>\n<\/tr>\n<\/tbody>\n<\/table>\n<p>&nbsp;<\/p>\n<div style=\"float: left; margin-right: 15px; margin-bottom: 15px; font-size: 11px; width: 300px; padding-left: 10px; padding-right: 10px;\">\n<table style=\"height: 592px; background: none; border: 0px solid #003366; margin-bottom: 15px; margin-right: 15px; float: left; border-radius: 1em; box-shadow: rgba(0, 0, 0, 0.75) 0.1em 0.1em 0.5em; width: 82.668%; background-color: #1d2339;\" border=\"1\" width=\"82.668%\" cellspacing=\"10\" align=\"right\">\n<tbody>\n<tr style=\"height: 231px;\">\n<td style=\"border: 0px solid transparent; font-weight: bold; width: 87.9518%; height: 231px;\" colspan=\"2\" align=\"center\" width=\"250\"><a href=\"https:\/\/sf-germany.org\/einheiten\/uss-artemis\/wp-content\/uploads\/2022\/12\/yes-cat.png\" rel=\"lightbox-0\"><img loading=\"lazy\" decoding=\"async\" class=\"alignnone wp-image-4803 size-full\" src=\"https:\/\/sf-germany.org\/einheiten\/uss-artemis\/wp-content\/uploads\/2022\/12\/yes-cat.png\" alt=\"\" width=\"1024\" height=\"1024\" srcset=\"https:\/\/sf-germany.org\/einheiten\/uss-artemis\/wp-content\/uploads\/2022\/12\/yes-cat.png 1024w, https:\/\/sf-germany.org\/einheiten\/uss-artemis\/wp-content\/uploads\/2022\/12\/yes-cat-300x300.png 300w, https:\/\/sf-germany.org\/einheiten\/uss-artemis\/wp-content\/uploads\/2022\/12\/yes-cat-150x150.png 150w, https:\/\/sf-germany.org\/einheiten\/uss-artemis\/wp-content\/uploads\/2022\/12\/yes-cat-768x768.png 768w\" sizes=\"auto, (max-width: 1024px) 100vw, 1024px\" \/><\/a><\/td>\n<\/tr>\n<tr style=\"height: 19px;\">\n<td style=\"border: 0px solid transparent; font-weight: bold; width: 87.9518%; height: 19px;\" colspan=\"2\" align=\"center\" width=\"250\">Francis Felidae<\/td>\n<\/tr>\n<tr style=\"height: 19px;\">\n<td style=\"border: 0px solid transparent; font-weight: bold; width: 41.3655%; height: 19px;\" align=\"right\" width=\"111\">Status<\/td>\n<td style=\"border: 0px solid transparent; width: 46.5863%; height: 19px;\" align=\"left\" width=\"129\">Haustier von Panalek<\/td>\n<\/tr>\n<tr style=\"height: 19px;\">\n<td style=\"border: 0px solid transparent; font-weight: bold; width: 41.3655%; height: 19px;\" align=\"right\" width=\"111\">Spieler<\/td>\n<td style=\"border: 0px solid transparent; width: 46.5863%; height: 19px;\" align=\"left\" width=\"129\">Fynn<\/td>\n<\/tr>\n<tr style=\"height: 19px;\">\n<td style=\"background: #555555; border: 0px solid #003366; font-weight: bold; border-radius: 1em; box-shadow: rgba(0, 0, 0, 0.75) 0.1em 0.1em 0.5em; width: 87.9518%; height: 19px;\" colspan=\"2\" align=\"center\" width=\"250\">Biographische Informationen<\/td>\n<\/tr>\n<tr style=\"height: 19px;\">\n<td style=\"border: 0px solid transparent; font-weight: bold; width: 41.3655%; height: 19px;\" align=\"right\" width=\"111\">Entwicklung<\/td>\n<td style=\"border: 0px solid transparent; width: 46.5863%; height: 19px;\" align=\"left\" width=\"129\">2414 &#8211; 2416<\/td>\n<\/tr>\n<tr style=\"height: 19px;\">\n<td style=\"border: 0px solid transparent; font-weight: bold; width: 41.3655%; height: 19px;\" align=\"right\" width=\"111\">Fertigstellung<\/td>\n<td style=\"border: 0px solid transparent; width: 46.5863%; height: 19px;\" align=\"left\" width=\"129\">13. Mai 2416<\/td>\n<\/tr>\n<tr style=\"height: 19px;\">\n<td style=\"border: 0px solid transparent; font-weight: bold; width: 41.3655%; height: 19px;\" align=\"right\" width=\"111\">Herstellungsort<\/td>\n<td style=\"border: 0px solid transparent; width: 46.5863%; height: 19px;\" align=\"left\" width=\"129\">Dundee, Schottland<\/td>\n<\/tr>\n<tr style=\"height: 19px;\">\n<td style=\"border: 0px solid transparent; font-weight: bold; width: 41.3655%; height: 19px;\" align=\"right\" width=\"111\">Hersteller<\/td>\n<td style=\"border: 0px solid transparent; width: 46.5863%; height: 19px;\" align=\"left\" width=\"129\">Panalek<\/td>\n<\/tr>\n<tr style=\"height: 19px;\">\n<td style=\"border: 0px solid transparent; font-weight: bold; width: 41.3655%; height: 19px;\" align=\"right\" width=\"111\">OS<\/td>\n<td style=\"border: 0px solid transparent; width: 46.5863%; height: 19px;\" align=\"left\" width=\"129\">ACAPA 1.1<\/td>\n<\/tr>\n<tr style=\"height: 19px;\">\n<td style=\"background: #555555; border: 0px solid #003366; font-weight: bold; border-radius: 1em; box-shadow: rgba(0, 0, 0, 0.75) 0.1em 0.1em 0.5em; width: 87.9518%; height: 19px;\" colspan=\"2\" align=\"center\" width=\"250\">Physische Beschreibung<\/td>\n<\/tr>\n<tr style=\"height: 19px;\">\n<td style=\"border: 0px solid transparent; font-weight: bold; width: 41.3655%; height: 19px;\" align=\"right\" width=\"111\">Spezies<\/td>\n<td style=\"border: 0px solid transparent; width: 46.5863%; height: 19px;\" align=\"left\" width=\"129\">Androide<\/td>\n<\/tr>\n<tr style=\"height: 19px;\">\n<td style=\"border: 0px solid transparent; font-weight: bold; width: 41.3655%; height: 19px;\" align=\"right\" width=\"111\">Erscheinung<\/td>\n<td style=\"border: 0px solid transparent; width: 46.5863%; height: 19px;\" align=\"left\" width=\"129\">Irdische Hauskatze<\/td>\n<\/tr>\n<tr style=\"height: 19px;\">\n<td style=\"border: 0px solid transparent; font-weight: bold; width: 41.3655%; height: 19px;\" align=\"right\" width=\"111\">Rumpfh\u00f6he<\/td>\n<td style=\"border: 0px solid transparent; width: 46.5863%; height: 19px;\" align=\"left\" width=\"129\">30,35 cm<\/td>\n<\/tr>\n<tr style=\"height: 19px;\">\n<td style=\"border: 0px solid transparent; font-weight: bold; width: 41.3655%; height: 19px; text-align: right;\"><strong>Rumpfl\u00e4nge<\/strong><\/td>\n<td style=\"border: 0px solid transparent; width: 46.5863%; height: 19px;\">51,29 cm<\/td>\n<\/tr>\n<tr style=\"height: 19px;\">\n<td style=\"border: 0px solid transparent; font-weight: bold; width: 41.3655%; text-align: right; height: 19px;\"><strong>Schwanzl\u00e4nge<\/strong><\/td>\n<td style=\"border: 0px solid transparent; width: 46.5863%; height: 19px;\">25,91 cm<\/td>\n<\/tr>\n<tr style=\"height: 19px;\">\n<td style=\"border: 0px solid transparent; font-weight: bold; width: 41.3655%; height: 19px;\" align=\"right\" width=\"111\">Gewicht<\/td>\n<td style=\"border: 0px solid transparent; width: 46.5863%; height: 19px;\" align=\"left\" width=\"129\">9,53 kg<\/td>\n<\/tr>\n<tr style=\"height: 19px;\">\n<td style=\"border: 0px solid transparent; font-weight: bold; width: 41.3655%; height: 19px;\" align=\"right\" width=\"111\">Prim\u00e4rfarbe<\/td>\n<td style=\"border: 0px solid transparent; width: 46.5863%; height: 19px;\" align=\"left\" width=\"129\">wei\u00df, matt<\/td>\n<\/tr>\n<tr style=\"height: 19px;\">\n<td style=\"border: 0px solid transparent; font-weight: bold; width: 41.3655%; height: 19px;\" align=\"right\" width=\"111\">Augenfarbe<\/td>\n<td style=\"border: 0px solid transparent; width: 46.5863%; height: 19px;\" align=\"left\" width=\"129\"><em>wechselnd<\/em><\/td>\n<\/tr>\n<tr style=\"height: 19px;\">\n<td style=\"border: 0px solid transparent; font-weight: bold; width: 41.3655%; height: 19px;\" align=\"right\" width=\"111\">Fell<\/td>\n<td style=\"border: 0px solid transparent; width: 46.5863%; height: 19px;\" align=\"left\" width=\"129\">Wenig, wei\u00df<\/td>\n<\/tr>\n<\/tbody>\n<\/table>\n<\/div>\n<p><strong><span style=\"font-family: 'Big Shoulders Text'; font-size: 24pt;\">Herkunft<\/span><\/strong><\/p>\n<p>Francis ist die neueste Kreation von Panalek (USS Artemis CING) und basiert zu Teilen auf dessen vorherigen, inzwischen eingestampften Droiden. Francis ist dabei der ganze Stolz seines Sch\u00f6pfers. Seine Planung begann bereits 2414 in der Japori-Frontwerft im holografischen Labor und endete schlie\u00dflich mit der Fertigstellung seines physischen K\u00f6rpers in Dundee, Schottland, auf der Erde im Sommer 2416, wo er zum ersten Mal aktiviert wurde.<\/p>\n<hr \/>\n<p><strong><span style=\"font-family: 'Big Shoulders Text'; font-size: 24pt;\">Pers\u00f6nlichkeits-Matrix<\/span><\/strong><\/p>\n<p>Die Pers\u00f6nlichkeit des Androiden basiert prim\u00e4r auf historischen anthropomorphisierten Katzen und katzenartigen Wesen der Popkultur f\u00f6derierter Spezies. Der Grund hierf\u00fcr ist, dass Francis \u00fcber die gleichen sprachlichen und mobilen Subroutinen verf\u00fcgt, wie moderne und komplexe Hologramme, allerdings nur \u00fcber den K\u00f6rper eines Katzendroiden. Seine Pers\u00f6nlichkeit spiegelt diesen Mix wieder, sodass sich Francis bewusst ist, ein androider Kater zu sein und entsprechend agiert und kommuniziert. In seiner Stimme liegt oft ein subtiles Schnurren.<\/p>\n<p>Die endg\u00fcltige Pers\u00f6nlichkeit befindet sich noch immer in der Reifung, sodass Francis zuweilen von jetzt auf gleich anders reagieren kann, als zuvor.<\/p>\n<hr \/>\n<p><strong><span style=\"font-family: 'Big Shoulders Text'; font-size: 24pt;\">Physische Parameter<\/span><\/strong><\/p>\n<p>Francis&#8217; Au\u00dfenh\u00fclle besteht aus einem semi-elastischen Nanopolymer, dass ihn leicht und robust zugleich macht. Der Skelettaufbau und die Au\u00dfenh\u00fclle sind darauf ausgelegt worden, ihn sich so geschmeidig wie eine reale Katze bewegen zu lassen.<\/p>\n<p>Nur Schnauze und Kinn sind mit einem Kunstfell versehen, an dem auch Schnurrhaare aus Kunstfaser angebracht sind, um ihm ein freundlicheres, animalisches Aussehen zu verleihen.<\/p>\n<p>Francis ist in der Lage, seine Augenfarbe anzupassen. Im neutralen Modus bleiben sie meist perlmutt-artig. Bei Neugierde zum Beispiel wechseln sie, angelehnt an eine k\u00fcnstliche Form von Instinkt, zu einem satten gr\u00fcn oder auch blau.<\/p>\n<p>Die Ohren sind flexibel, ebenso der lange Schwanz.<\/p>\n<p>Aufgrund der verbauten Robotik ist Francis in der Lage sehr schnell zu rennen und sehr hoch zu springen. Seine F\u00e4higkeiten \u00fcbersteigen dabei jedoch software-gesteuert nicht die durchschnittlichen M\u00f6glichkeiten von biologischen Katzen.<\/p>\n<hr \/>\n<p><strong><span style=\"font-family: 'Big Shoulders Text'; font-size: 24pt;\">Neuronales Netz<\/span><\/strong><\/p>\n<p>Das in Francis verbaute physische neuronale Netz bedingt seine von der Software abgeleiteten F\u00e4higkeiten. Er kann lernen, erkennen, begreifen und einen scheinbar eigenen Willen formulieren, der auf seinen Pers\u00f6nlichkeitssubroutinen basiert. Die Klassifizierung seiner K\u00fcnstlichen Intelligenz ist &#8220;Theta 3&#8221;, und somit keine als Lebensform anerkannte Entit\u00e4t. Eher gleichzusetzen mit einem \u00fcberzeugend programmierten Hologram \u00e1 la Vic Fontaine oder MHN Typ VII.<\/p>\n<hr \/>\n<p><span style=\"font-family: 'Big Shoulders Text'; font-size: 24pt;\"><strong>Sicherheitsfreigabe<\/strong><\/span><\/p>\n<p>Francis kann sich per Uplink mit g\u00e4ngigen LCARS-Systemen vernetzen, besitzt jedoch keine Sicherheitsfreigabe. Aus einem Uplink kann er sich Updates ziehen (Sprachen, OS-Update, aktualisierte Subroutinen) oder auch Informationen zur Verf\u00fcgung stellen, die auf seinem Speicher liegen. Unter anderem Bild-, Ton- und Videoaufnahmen seiner optischen Sensoren.<\/p>\n<p>Der Computer erkennt Francis als eigenst\u00e4ndige Entit\u00e4t und gestattet Zugang durch T\u00fcren und Turbolifts zu Bereichen, die nicht einer Sicherheitsbeschr\u00e4nkung unterliegen. Allerdings hat er die Erlaubnis des CING erhalten, sich im Maschinenraum aufzuhalten.<\/p>\n<hr \/>\n<p><span style=\"font-family: 'Big Shoulders Text'; font-size: 24pt;\"><strong><span id=\"Haustier\" class=\"mw-headline\">Haustier<\/span><\/strong><\/span><\/p>\n<p>Nein, d&#8217;uh.<\/p>\n<hr \/>\n<p><strong><span style=\"font-family: 'Big Shoulders Text'; font-size: 24pt;\">Klassifzierte Sektion<\/span><\/strong><\/p>\n<p>nichts<\/p>\n<p>&nbsp;<\/p>\n<p>&nbsp;<\/p>\n","protected":false},"excerpt":{"rendered":"<p>Francis Felidae &nbsp; Francis Felidae Status Haustier von Panalek Spieler Fynn Biographische Informationen Entwicklung 2414 &#8211; 2416 Fertigstellung 13. Mai 2416 Herstellungsort Dundee, Schottland Hersteller Panalek OS ACAPA 1.1 Physische Beschreibung Spezies Androide Erscheinung Irdische Hauskatze Rumpfh\u00f6he 30,35 cm Rumpfl\u00e4nge 51,29 cm Schwanzl\u00e4nge 25,91 cm Gewicht 9,53 kg Prim\u00e4rfarbe wei\u00df, matt Augenfarbe wechselnd Fell Wenig,&#8230;<\/p>\n<p class=\"more-link-wrap\"><a href=\"https:\/\/sf-germany.org\/einheiten\/uss-artemis\/crew\/besatzung\/panalek-2\/francis-felidae\/\" class=\"more-link\">Read More<span class=\"screen-reader-text\"> &ldquo;Francis&rdquo;<\/span> &raquo;<\/a><\/p>\n","protected":false},"author":3,"featured_media":0,"parent":1908,"menu_order":1,"comment_status":"closed","ping_status":"closed","template":"","meta":{"footnotes":""},"class_list":["post-4802","page","type-page","status-publish","hentry"],"_links":{"self":[{"href":"https:\/\/sf-germany.org\/einheiten\/uss-artemis\/wp-json\/wp\/v2\/pages\/4802","targetHints":{"allow":["GET"]}}],"collection":[{"href":"https:\/\/sf-germany.org\/einheiten\/uss-artemis\/wp-json\/wp\/v2\/pages"}],"about":[{"href":"https:\/\/sf-germany.org\/einheiten\/uss-artemis\/wp-json\/wp\/v2\/types\/page"}],"author":[{"embeddable":true,"href":"https:\/\/sf-germany.org\/einheiten\/uss-artemis\/wp-json\/wp\/v2\/users\/3"}],"replies":[{"embeddable":true,"href":"https:\/\/sf-germany.org\/einheiten\/uss-artemis\/wp-json\/wp\/v2\/comments?post=4802"}],"version-history":[{"count":7,"href":"https:\/\/sf-germany.org\/einheiten\/uss-artemis\/wp-json\/wp\/v2\/pages\/4802\/revisions"}],"predecessor-version":[{"id":4820,"href":"https:\/\/sf-germany.org\/einheiten\/uss-artemis\/wp-json\/wp\/v2\/pages\/4802\/revisions\/4820"}],"up":[{"embeddable":true,"href":"https:\/\/sf-germany.org\/einheiten\/uss-artemis\/wp-json\/wp\/v2\/pages\/1908"}],"wp:attachment":[{"href":"https:\/\/sf-germany.org\/einheiten\/uss-artemis\/wp-json\/wp\/v2\/media?parent=4802"}],"curies":[{"name":"wp","href":"https:\/\/api.w.org\/{rel}","templated":true}]}}