{"id":4499,"date":"2022-10-22T19:01:33","date_gmt":"2022-10-22T17:01:33","guid":{"rendered":"http:\/\/sf-germany.org\/einheiten\/uss-artemis\/?page_id=4499"},"modified":"2024-03-25T00:14:48","modified_gmt":"2024-03-24T23:14:48","slug":"dramatis-personae","status":"publish","type":"page","link":"https:\/\/sf-germany.org\/einheiten\/uss-artemis\/kosmos\/dramatis-personae\/","title":{"rendered":"Dramatis Personae"},"content":{"rendered":"<p><img loading=\"lazy\" decoding=\"async\" class=\"aligncenter wp-image-3724\" src=\"https:\/\/sf-germany.org\/einheiten\/uss-artemis\/wp-content\/uploads\/2022\/09\/Logo_prefinal.png\" alt=\"\" width=\"150\" height=\"137\" \/><\/p>\n<h2 style=\"text-align: center;\"><big>Dramatis Personae<\/big><\/h2>\n<hr \/>\n<div><\/div>\n<div style=\"text-align: right;\"><strong>Legende:<br \/>\n<\/strong>Auf dieser Seite befindet sich eine Sammlung aktiver und ehemaliger Charaktere.<br \/>\n\u00dcber das Inhaltsverzeichnis kann schnell zu den entsprechenden Bereiche gesprungen werden<\/div>\n<hr \/>\n<div style=\"overflow-x: auto;\">\n<table class=\" aligncenter\" style=\"height: 261px; width: 93.0131%; border-collapse: collapse; border-style: hidden;\">\n<tbody>\n<tr style=\"height: 28px;\">\n<td style=\"background-color: #2f3746; height: 10px; border-top-left-radius: 80px; width: 63.8449%; border-top-right-radius: 80px; border-width: 0px;\" colspan=\"5\"><\/td>\n<\/tr>\n<tr style=\"height: 28px;\">\n<td style=\"height: 111px; width: 1.52561%; background-color: #2f3746; border-width: 0px;\" rowspan=\"2\"><\/td>\n<td style=\"width: 16.3686%; height: 29px; background-color: #515f78; border-width: 0px;\"><span style=\"color: #ffffff;\"><strong>Gegenwart &amp; Zukunft<a id=\"DP-Oben\"><\/a><\/strong><\/span><\/td>\n<td style=\"width: 29.9608%; height: 29px; background-color: #515f78; border-width: 0px;\"><\/td>\n<td style=\"width: 13.7398%; height: 29px; background-color: #515f78; border-width: 0px;\"><\/td>\n<td style=\"width: 2.25007%; height: 111px; background-color: #2f3746; border-width: 0px;\" rowspan=\"2\"><\/td>\n<\/tr>\n<tr style=\"height: 48px;\">\n<td style=\"vertical-align: top; height: 10px; width: 16.3686%; background-color: rgba(0, 0, 0, 0); border-width: 0px;\" width=\"130\"><a href=\"#FKOMAnker\">FKOM-Personal<\/a><\/td>\n<td style=\"vertical-align: top; height: 10px; width: 29.9608%; background-color: rgba(0, 0, 0, 0); border-width: 0px;\"><a href=\"#JT-Anker\">Janus Terminal (The Eye)<\/a><\/td>\n<td style=\"vertical-align: top; height: 10px; width: 13.7398%; background-color: rgba(0, 0, 0, 0); border-width: 0px;\"><\/td>\n<\/tr>\n<tr style=\"height: 28px;\">\n<td style=\"width: 63.8449%; border-bottom-left-radius: 80px; height: 41px; border-bottom-right-radius: 80px; text-align: right; vertical-align: top; background-color: #2f3746; border-width: 0px;\" colspan=\"5\"><\/td>\n<\/tr>\n<\/tbody>\n<\/table>\n<\/div>\n<h4>FKOM-Personal<a id=\"FKOMAnker\"><\/a><\/h4>\n<p><em>Das Flottenkommando (FKOM) untersteht dem F\u00f6derationsrat und dem Kommandierenden Admiral (KOMAD) und ist damit die oberste Instanz f\u00fcr die Einheiten der Sternenflotte. Hauptaufgaben f\u00fcr das Flottenkommando ist das koordinieren der Einheiten, das vorbereiten und erteilen von Missionsbefehlen sowie die Personalverwaltung. Zust\u00e4ndig f\u00fcr die U.S.S. Artemis und den Sektor, in dem sie unterwegs ist:<\/em><\/p>\n<div style=\"overflow-x: auto;\">\n<table style=\"height: 248px; width: 100%; border-collapse: collapse; border-style: solid;\">\n<tbody>\n<tr style=\"height: 28px;\">\n<td style=\"background-color: #670001; height: 39px; border-top-left-radius: 80px; width: 99.9759%; border-style: hidden; border-width: 0px;\" colspan=\"7\">\n<h6 style=\"text-align: right;\"><span style=\"font-family: 'Big Shoulders Text';\"><strong><span style=\"color: #ffffff;\">FLOTTENKOMMANDO<\/span><\/strong><\/span><\/h6>\n<\/td>\n<\/tr>\n<tr style=\"height: 28px;\">\n<td style=\"height: 29px; width: 1.74676%; border-width: 0px; background-color: rgba(0, 0, 0, 0);\"><\/td>\n<td style=\"width: 12.2809%; height: 29px; background-color: rgba(0, 0, 0, 0); border-width: 0px;\"><em>Abzeichen<\/em><\/td>\n<td style=\"width: 19.3076%; height: 29px; background-color: rgba(0, 0, 0, 0); border-width: 0px;\"><em>Rang<\/em><\/td>\n<td style=\"width: 24.3294%; height: 29px; background-color: rgba(0, 0, 0, 0); border-width: 0px;\"><em>Name<\/em><\/td>\n<td style=\"width: 13.7398%; height: 29px; background-color: rgba(0, 0, 0, 0); border-width: 0px;\"><em>Spezies<\/em><\/td>\n<td style=\"width: 19.7442%; height: 29px; background-color: rgba(0, 0, 0, 0); border-width: 0px;\"><em>Position<\/em><\/td>\n<td style=\"width: 8.82719%; height: 29px; background-color: rgba(0, 0, 0, 0); border-width: 0px;\"><em>Priorit\u00e4t<\/em><\/td>\n<\/tr>\n<tr style=\"height: 48px;\">\n<td style=\"vertical-align: top; width: 1.74676%; height: 152px; border-width: 0px; background-color: rgba(0, 0, 0, 0);\" rowspan=\"9\"><\/td>\n<td style=\"vertical-align: top; height: 10px; width: 12.2809%; border-width: 0px;\" width=\"130\"><img loading=\"lazy\" decoding=\"async\" class=\"alignnone size-full wp-image-3518\" src=\"https:\/\/sf-germany.org\/einheiten\/uss-artemis\/wp-content\/uploads\/2022\/09\/r-a1-2.png\" alt=\"\" width=\"128\" height=\"32\" \/><\/td>\n<td style=\"vertical-align: top; height: 10px; width: 19.3076%; border-width: 0px;\">Commodore<\/td>\n<td style=\"vertical-align: top; height: 10px; width: 24.3294%; border-width: 0px;\"><a href=\"https:\/\/sf-germany.com\/infocenter\/welten-zivilisationen\/foederation\/starfleet\/fkom\/commodore-taurik\/\" target=\"_blank\" rel=\"noopener\">Taurik<\/a><\/td>\n<td style=\"vertical-align: top; height: 10px; width: 13.7398%; border-width: 0px;\">Vulkanier (m)<\/td>\n<td style=\"vertical-align: top; height: 10px; width: 19.7442%; border-width: 0px;\">FKOM-OPS<\/td>\n<td style=\"vertical-align: top; height: 10px; width: 8.82719%; border-width: 0px;\">1<\/td>\n<\/tr>\n<tr style=\"height: 10px;\">\n<td style=\"vertical-align: top; height: 10px; width: 12.2809%; border-width: 0px;\" width=\"130\"><img loading=\"lazy\" decoding=\"async\" class=\"alignnone size-full wp-image-3602\" src=\"https:\/\/sf-germany.org\/einheiten\/uss-artemis\/wp-content\/uploads\/2022\/09\/w-o5-1.png\" alt=\"\" width=\"128\" height=\"32\" \/><\/td>\n<td style=\"vertical-align: top; height: 10px; width: 19.3076%; border-width: 0px;\">Chief Inspector<\/td>\n<td style=\"vertical-align: top; height: 10px; width: 24.3294%; border-width: 0px;\">Lianha Bur<\/td>\n<td style=\"vertical-align: top; height: 10px; width: 13.7398%; border-width: 0px;\">Trill (w)<\/td>\n<td style=\"vertical-align: top; height: 10px; width: 19.7442%; border-width: 0px;\">SFI-OPS<\/td>\n<td style=\"vertical-align: top; height: 10px; width: 8.82719%; border-width: 0px;\">1<\/td>\n<\/tr>\n<tr style=\"height: 21px;\">\n<td style=\"vertical-align: top; height: 21px; width: 12.2809%; border-width: 0px;\" width=\"130\"><\/td>\n<td style=\"vertical-align: top; height: 21px; width: 19.3076%; border-width: 0px;\"><\/td>\n<td style=\"vertical-align: top; height: 21px; width: 24.3294%; border-width: 0px;\"><\/td>\n<td style=\"vertical-align: top; height: 21px; width: 13.7398%; border-width: 0px;\"><\/td>\n<td style=\"vertical-align: top; height: 21px; width: 19.7442%; border-width: 0px;\"><\/td>\n<td style=\"vertical-align: top; height: 21px; width: 8.82719%; border-width: 0px;\"><\/td>\n<\/tr>\n<tr style=\"height: 17px;\">\n<td style=\"vertical-align: top; height: 17px; width: 12.2809%; border-width: 0px;\" width=\"130\"><\/td>\n<td style=\"vertical-align: top; height: 17px; width: 19.3076%; border-width: 0px;\"><\/td>\n<td style=\"vertical-align: top; height: 17px; width: 24.3294%; border-width: 0px;\"><\/td>\n<td style=\"vertical-align: top; height: 17px; width: 13.7398%; border-width: 0px;\"><\/td>\n<td style=\"vertical-align: top; height: 17px; width: 19.7442%; border-width: 0px;\"><\/td>\n<td style=\"vertical-align: top; height: 17px; width: 8.82719%; border-width: 0px;\"><\/td>\n<\/tr>\n<tr style=\"height: 20px;\">\n<td style=\"vertical-align: top; height: 20px; width: 12.2809%; border-width: 0px;\" width=\"130\"><\/td>\n<td style=\"vertical-align: top; height: 20px; width: 19.3076%; border-width: 0px;\"><\/td>\n<td style=\"vertical-align: top; height: 20px; width: 24.3294%; border-width: 0px;\"><\/td>\n<td style=\"vertical-align: top; height: 20px; width: 13.7398%; border-width: 0px;\"><\/td>\n<td style=\"vertical-align: top; height: 20px; width: 19.7442%; border-width: 0px;\"><\/td>\n<td style=\"vertical-align: top; height: 20px; width: 8.82719%; border-width: 0px;\"><\/td>\n<\/tr>\n<tr style=\"height: 20px;\">\n<td style=\"vertical-align: top; height: 20px; width: 12.2809%; border-width: 0px;\" width=\"130\"><\/td>\n<td style=\"vertical-align: top; height: 20px; width: 19.3076%; border-width: 0px;\"><\/td>\n<td style=\"vertical-align: top; height: 20px; width: 24.3294%; border-width: 0px;\"><\/td>\n<td style=\"vertical-align: top; height: 20px; width: 13.7398%; border-width: 0px;\"><\/td>\n<td style=\"vertical-align: top; height: 20px; width: 19.7442%; border-width: 0px;\"><\/td>\n<td style=\"vertical-align: top; height: 20px; width: 8.82719%; border-width: 0px;\"><\/td>\n<\/tr>\n<tr style=\"height: 32px;\">\n<td style=\"vertical-align: top; height: 32px; width: 12.2809%; border-width: 0px;\" width=\"130\"><\/td>\n<td style=\"vertical-align: top; height: 32px; width: 19.3076%; border-width: 0px;\"><\/td>\n<td style=\"vertical-align: top; height: 32px; width: 24.3294%; border-width: 0px;\"><\/td>\n<td style=\"vertical-align: top; height: 32px; width: 13.7398%; border-width: 0px;\"><\/td>\n<td style=\"vertical-align: top; height: 32px; width: 19.7442%; border-width: 0px;\"><\/td>\n<td style=\"vertical-align: top; height: 32px; width: 8.82719%; border-width: 0px;\"><\/td>\n<\/tr>\n<tr style=\"height: 10px;\">\n<td style=\"height: 10px; width: 12.2809%; vertical-align: middle; border-width: 0px;\" width=\"130\"><\/td>\n<td style=\"height: 10px; width: 19.3076%; vertical-align: middle; border-width: 0px;\"><\/td>\n<td style=\"height: 10px; width: 24.3294%; vertical-align: middle; border-width: 0px;\"><\/td>\n<td style=\"height: 10px; width: 13.7398%; vertical-align: middle; border-width: 0px;\"><\/td>\n<td style=\"vertical-align: top; height: 10px; width: 19.7442%; border-width: 0px;\"><\/td>\n<td style=\"height: 10px; width: 8.82719%; vertical-align: top; border-width: 0px;\"><\/td>\n<\/tr>\n<tr style=\"height: 39px;\">\n<td style=\"vertical-align: top; height: 12px; width: 12.2809%; border-width: 0px;\" width=\"130\"><\/td>\n<td style=\"vertical-align: top; height: 12px; width: 19.3076%; border-width: 0px;\"><\/td>\n<td style=\"vertical-align: top; height: 12px; width: 24.3294%; border-width: 0px;\"><\/td>\n<td style=\"vertical-align: top; height: 12px; width: 13.7398%; border-width: 0px;\"><\/td>\n<td style=\"vertical-align: top; height: 12px; width: 19.7442%; border-width: 0px;\"><\/td>\n<td style=\"vertical-align: top; height: 12px; width: 8.82719%; border-width: 0px;\"><\/td>\n<\/tr>\n<tr style=\"height: 28px;\">\n<td style=\"background-color: #670001; width: 99.9759%; border-bottom-left-radius: 80px; height: 28px; text-align: right; vertical-align: top; border-width: 0px;\" colspan=\"7\"><span style=\"color: #ffffff;\"><a style=\"color: #ffffff;\" href=\"#DP-Oben\">Nach oben<\/a><\/span><\/td>\n<\/tr>\n<\/tbody>\n<\/table>\n<\/div>\n<hr \/>\n<h4>Janus Terminal<a id=\"JT-Anker\"><\/a><\/h4>\n<p><em>Das Janus Terminal, auch &#8220;The Eye&#8221; genannt, ist die neueste Raumstation des Sternenflotten-Geheimdienstes (SFI) im Desiderium-System. Die Station befindet sich in der oberen Atmosph\u00e4re eines Gasriesen. Das Wissen um die Existenz der Station und ihre Koordinaten sind nur mit SFI-Freigabe zug\u00e4nglich.<\/em><\/p>\n<div style=\"overflow-x: auto;\">\n<table style=\"height: 219px; width: 100%; border-collapse: collapse; border-style: hidden;\">\n<tbody>\n<tr style=\"height: 28px;\">\n<td style=\"background-color: #670001; height: 10px; border-top-left-radius: 80px; width: 99.9759%; border-style: hidden; border-width: 0px;\" colspan=\"7\">\n<h6 style=\"text-align: right;\"><span style=\"font-family: 'Big Shoulders Text';\"><strong><span style=\"color: #ffffff;\">JANUS TERMINAL<\/span><\/strong><\/span><\/h6>\n<\/td>\n<\/tr>\n<tr style=\"height: 28px;\">\n<td style=\"height: 29px; width: 1.09173%; border-width: 0px; background-color: rgba(0, 0, 0, 0);\"><\/td>\n<td style=\"width: 15.163%; height: 29px; background-color: rgba(0, 0, 0, 0); border-width: 0px;\"><em>Abzeichen<\/em><\/td>\n<td style=\"width: 14.133%; height: 29px; background-color: rgba(0, 0, 0, 0); border-width: 0px;\"><em>Rang<\/em><\/td>\n<td style=\"width: 27.277%; height: 29px; background-color: rgba(0, 0, 0, 0); border-width: 0px;\"><em>Name<\/em><\/td>\n<td style=\"width: 13.7398%; height: 29px; background-color: rgba(0, 0, 0, 0); border-width: 0px;\"><em>Spezies<\/em><\/td>\n<td style=\"width: 19.7442%; height: 29px; background-color: rgba(0, 0, 0, 0); border-width: 0px;\"><em>Position<\/em><\/td>\n<td style=\"width: 8.82719%; height: 29px; background-color: rgba(0, 0, 0, 0); border-width: 0px;\"><em>Priorit\u00e4t<\/em><\/td>\n<\/tr>\n<tr style=\"height: 48px;\">\n<td style=\"vertical-align: top; width: 1.09173%; height: 152px; border-width: 0px; background-color: rgba(0, 0, 0, 0);\" rowspan=\"9\"><\/td>\n<td style=\"vertical-align: top; height: 10px; width: 15.163%; border-width: 0px;\" width=\"130\"><img loading=\"lazy\" decoding=\"async\" class=\"alignnone size-full wp-image-3602\" src=\"https:\/\/sf-germany.org\/einheiten\/uss-artemis\/wp-content\/uploads\/2022\/09\/w-o6-1.png\" alt=\"\" width=\"128\" height=\"32\" \/><\/td>\n<td style=\"vertical-align: top; height: 10px; width: 14.133%; border-width: 0px;\">Chief Agent<\/td>\n<td style=\"vertical-align: top; height: 10px; width: 27.277%; border-width: 0px;\"><a href=\"https:\/\/sf-germany.org\/einheiten\/uss-artemis\/chief-agent-zorh-troq\/\">Zorh T&#8217;roq<\/a><\/td>\n<td style=\"vertical-align: top; height: 10px; width: 13.7398%; border-width: 0px;\">unbekannt<\/td>\n<td style=\"vertical-align: top; height: 10px; width: 19.7442%; border-width: 0px;\">Sektionskommandant<\/td>\n<td style=\"vertical-align: top; height: 10px; width: 8.82719%; border-width: 0px;\">1<\/td>\n<\/tr>\n<tr style=\"height: 10px;\">\n<td style=\"vertical-align: top; height: 10px; width: 15.163%; border-width: 0px;\" width=\"130\"><img loading=\"lazy\" decoding=\"async\" class=\"alignnone size-full wp-image-3530\" src=\"https:\/\/sf-germany.org\/einheiten\/uss-artemis\/wp-content\/uploads\/2022\/09\/r-o4-1.png\" alt=\"Lieutenant Commander\" width=\"128\" height=\"32\" \/><\/td>\n<td style=\"vertical-align: top; height: 10px; width: 14.133%; border-width: 0px;\">LtCmdr.<\/td>\n<td style=\"vertical-align: top; height: 10px; width: 27.277%; border-width: 0px;\"><a href=\"https:\/\/sf-germany.org\/einheiten\/uss-artemis\/crew\/besatzung\/char-archiv\/soraya-alizadeh\/\">Soraya Alizadeh<\/a><\/td>\n<td style=\"vertical-align: top; height: 10px; width: 13.7398%; border-width: 0px;\">Mensch<\/td>\n<td style=\"vertical-align: top; height: 10px; width: 19.7442%; border-width: 0px;\">wiss. Leiterin<\/td>\n<td style=\"vertical-align: top; height: 10px; width: 8.82719%; border-width: 0px;\">0 (Linda)<\/td>\n<\/tr>\n<tr style=\"height: 21px;\">\n<td style=\"vertical-align: top; height: 21px; width: 15.163%; border-width: 0px;\" width=\"130\"><\/td>\n<td style=\"vertical-align: top; height: 21px; width: 14.133%; border-width: 0px;\"><\/td>\n<td style=\"vertical-align: top; height: 21px; width: 27.277%; border-width: 0px;\"><\/td>\n<td style=\"vertical-align: top; height: 21px; width: 13.7398%; border-width: 0px;\"><\/td>\n<td style=\"vertical-align: top; height: 21px; width: 19.7442%; border-width: 0px;\"><\/td>\n<td style=\"vertical-align: top; height: 21px; width: 8.82719%; border-width: 0px;\"><\/td>\n<\/tr>\n<tr style=\"height: 17px;\">\n<td style=\"vertical-align: top; height: 17px; width: 15.163%; border-width: 0px;\" width=\"130\"><\/td>\n<td style=\"vertical-align: top; height: 17px; width: 14.133%; border-width: 0px;\"><\/td>\n<td style=\"vertical-align: top; height: 17px; width: 27.277%; border-width: 0px;\"><\/td>\n<td style=\"vertical-align: top; height: 17px; width: 13.7398%; border-width: 0px;\"><\/td>\n<td style=\"vertical-align: top; height: 17px; width: 19.7442%; border-width: 0px;\"><\/td>\n<td style=\"vertical-align: top; height: 17px; width: 8.82719%; border-width: 0px;\"><\/td>\n<\/tr>\n<tr style=\"height: 20px;\">\n<td style=\"vertical-align: top; height: 20px; width: 15.163%; border-width: 0px;\" width=\"130\"><\/td>\n<td style=\"vertical-align: top; height: 20px; width: 14.133%; border-width: 0px;\"><\/td>\n<td style=\"vertical-align: top; height: 20px; width: 27.277%; border-width: 0px;\"><\/td>\n<td style=\"vertical-align: top; height: 20px; width: 13.7398%; border-width: 0px;\"><\/td>\n<td style=\"vertical-align: top; height: 20px; width: 19.7442%; border-width: 0px;\"><\/td>\n<td style=\"vertical-align: top; height: 20px; width: 8.82719%; border-width: 0px;\"><\/td>\n<\/tr>\n<tr style=\"height: 20px;\">\n<td style=\"vertical-align: top; height: 20px; width: 15.163%; border-width: 0px;\" width=\"130\"><\/td>\n<td style=\"vertical-align: top; height: 20px; width: 14.133%; border-width: 0px;\"><\/td>\n<td style=\"vertical-align: top; height: 20px; width: 27.277%; border-width: 0px;\"><\/td>\n<td style=\"vertical-align: top; height: 20px; width: 13.7398%; border-width: 0px;\"><\/td>\n<td style=\"vertical-align: top; height: 20px; width: 19.7442%; border-width: 0px;\"><\/td>\n<td style=\"vertical-align: top; height: 20px; width: 8.82719%; border-width: 0px;\"><\/td>\n<\/tr>\n<tr style=\"height: 32px;\">\n<td style=\"vertical-align: top; height: 32px; width: 15.163%; border-width: 0px;\" width=\"130\"><\/td>\n<td style=\"vertical-align: top; height: 32px; width: 14.133%; border-width: 0px;\"><\/td>\n<td style=\"vertical-align: top; height: 32px; width: 27.277%; border-width: 0px;\"><\/td>\n<td style=\"vertical-align: top; height: 32px; width: 13.7398%; border-width: 0px;\"><\/td>\n<td style=\"vertical-align: top; height: 32px; width: 19.7442%; border-width: 0px;\"><\/td>\n<td style=\"vertical-align: top; height: 32px; width: 8.82719%; border-width: 0px;\"><\/td>\n<\/tr>\n<tr style=\"height: 10px;\">\n<td style=\"height: 10px; width: 15.163%; vertical-align: middle; border-width: 0px;\" width=\"130\"><\/td>\n<td style=\"height: 10px; width: 14.133%; vertical-align: middle; border-width: 0px;\"><\/td>\n<td style=\"height: 10px; width: 27.277%; vertical-align: middle; border-width: 0px;\"><\/td>\n<td style=\"height: 10px; width: 13.7398%; vertical-align: middle; border-width: 0px;\"><\/td>\n<td style=\"vertical-align: top; height: 10px; width: 19.7442%; border-width: 0px;\"><\/td>\n<td style=\"height: 10px; width: 8.82719%; vertical-align: top; border-width: 0px;\"><\/td>\n<\/tr>\n<tr style=\"height: 39px;\">\n<td style=\"vertical-align: top; height: 12px; width: 15.163%; border-width: 0px;\" width=\"130\"><\/td>\n<td style=\"vertical-align: top; height: 12px; width: 14.133%; border-width: 0px;\"><\/td>\n<td style=\"vertical-align: top; height: 12px; width: 27.277%; border-width: 0px;\"><\/td>\n<td style=\"vertical-align: top; height: 12px; width: 13.7398%; border-width: 0px;\"><\/td>\n<td style=\"vertical-align: top; height: 12px; width: 19.7442%; border-width: 0px;\"><\/td>\n<td style=\"vertical-align: top; height: 12px; width: 8.82719%; border-width: 0px;\"><\/td>\n<\/tr>\n<tr style=\"height: 28px;\">\n<td style=\"background-color: #670001; width: 99.9759%; border-bottom-left-radius: 80px; height: 28px; vertical-align: top; border-width: 0px; text-align: right;\" colspan=\"7\"><span style=\"color: #ffffff;\"><a style=\"color: #ffffff;\" href=\"#DP-Oben\">Nach oben<\/a><\/span><\/td>\n<\/tr>\n<\/tbody>\n<\/table>\n<\/div>\n<hr \/>\n<p>&nbsp;<\/p>\n<div style=\"overflow-x: auto;\"><\/div>\n<hr \/>\n","protected":false},"excerpt":{"rendered":"<p>Dramatis Personae Legende: Auf dieser Seite befindet sich eine Sammlung aktiver und ehemaliger Charaktere. \u00dcber das Inhaltsverzeichnis kann schnell zu den entsprechenden Bereiche gesprungen werden Gegenwart &amp; Zukunft FKOM-Personal Janus Terminal (The Eye) FKOM-Personal Das Flottenkommando (FKOM) untersteht dem F\u00f6derationsrat und dem Kommandierenden Admiral (KOMAD) und ist damit die oberste Instanz f\u00fcr die Einheiten der&#8230;<\/p>\n<p class=\"more-link-wrap\"><a href=\"https:\/\/sf-germany.org\/einheiten\/uss-artemis\/kosmos\/dramatis-personae\/\" class=\"more-link\">Read More<span class=\"screen-reader-text\"> &ldquo;Dramatis Personae&rdquo;<\/span> &raquo;<\/a><\/p>\n","protected":false},"author":3,"featured_media":0,"parent":4333,"menu_order":2,"comment_status":"closed","ping_status":"closed","template":"","meta":{"footnotes":""},"class_list":["post-4499","page","type-page","status-publish","hentry"],"_links":{"self":[{"href":"https:\/\/sf-germany.org\/einheiten\/uss-artemis\/wp-json\/wp\/v2\/pages\/4499","targetHints":{"allow":["GET"]}}],"collection":[{"href":"https:\/\/sf-germany.org\/einheiten\/uss-artemis\/wp-json\/wp\/v2\/pages"}],"about":[{"href":"https:\/\/sf-germany.org\/einheiten\/uss-artemis\/wp-json\/wp\/v2\/types\/page"}],"author":[{"embeddable":true,"href":"https:\/\/sf-germany.org\/einheiten\/uss-artemis\/wp-json\/wp\/v2\/users\/3"}],"replies":[{"embeddable":true,"href":"https:\/\/sf-germany.org\/einheiten\/uss-artemis\/wp-json\/wp\/v2\/comments?post=4499"}],"version-history":[{"count":24,"href":"https:\/\/sf-germany.org\/einheiten\/uss-artemis\/wp-json\/wp\/v2\/pages\/4499\/revisions"}],"predecessor-version":[{"id":5198,"href":"https:\/\/sf-germany.org\/einheiten\/uss-artemis\/wp-json\/wp\/v2\/pages\/4499\/revisions\/5198"}],"up":[{"embeddable":true,"href":"https:\/\/sf-germany.org\/einheiten\/uss-artemis\/wp-json\/wp\/v2\/pages\/4333"}],"wp:attachment":[{"href":"https:\/\/sf-germany.org\/einheiten\/uss-artemis\/wp-json\/wp\/v2\/media?parent=4499"}],"curies":[{"name":"wp","href":"https:\/\/api.w.org\/{rel}","templated":true}]}}