{"id":4426,"date":"2022-10-19T18:30:41","date_gmt":"2022-10-19T16:30:41","guid":{"rendered":"http:\/\/sf-germany.org\/einheiten\/uss-artemis\/?page_id=4426"},"modified":"2022-11-08T14:39:50","modified_gmt":"2022-11-08T13:39:50","slug":"janus-terminal","status":"publish","type":"page","link":"https:\/\/sf-germany.org\/einheiten\/uss-artemis\/kosmos\/desiderium\/janus-terminal\/","title":{"rendered":"Janus Terminal"},"content":{"rendered":"<h6>&#8220;The Eye&#8221;<\/h6>\n<p><span style=\"color: #993300;\"><strong>Warnung:<\/strong><\/span><span style=\"color: #993300;\">Teile der hier enthaltenen Daten unterliegen der Geheimhaltung. Zugriff auf klassifiziertes Material ist nur mit einer SFI-Freigabe m\u00f6glich. Freigabe-Stufe Delta-3 (\u0394-3) oder h\u00f6her.\u00a0<\/span><br \/>\n<em><span style=\"color: #993300;\">&lt;NRPG&gt; Gekennzeichnete Informationen sind f\u00fcr gew\u00f6hnliches Sternenflottenpersonal ohne Geheimdienstfreigabe nicht einsehbar. &lt;\/NRPG&gt;<\/span><\/em><\/p>\n<hr \/>\n<details>\n<summary><strong>1. Die Geschichte <img loading=\"lazy\" decoding=\"async\" class=\"alignnone wp-image-4566\" src=\"https:\/\/sf-germany.org\/einheiten\/uss-artemis\/wp-content\/uploads\/2022\/10\/blue-2_2.gif\" alt=\"\" width=\"14\" height=\"12\" \/><\/strong><\/summary>\n<p>2298 wurde das Desiderium-System zum ersten Mal durch ein Schiff der Sternenflotte erfasst. Es wurde allerdings erst 2302 gezielt kartografiert. Die Wissenschaftler der U.S.S. Everest wurden aufgrund der hohen Menge an biolumineszierenden Radioplanktons schnell auf den als \u201eG18NT-3457-M\u201c erfassten Gasriesen aufmerksam, das einen gro\u00dffl\u00e4chigen und prim\u00e4r gr\u00fcnlich schimmernden Effekt in der oberen Atmosph\u00e4re des Gasriesens erzeugte. Die U.S.S. Everest verweilte vier Tage im System bevor ein vorl\u00e4ufiger Bericht an das Wissenschaftscorps der Sternenflotte gesendet wurde.<\/p>\n<p>2355 wurde das Desiderium-System vom FKOM als gesch\u00fctztes Bioreservat-System deklariert, dessen Anflug einer Genehmigung des FKOM bedurfte.<\/p>\n<p><span style=\"color: #993300;\">2375 begann der SFI mit dem Bau einer Raumstation im Desiderium-System im hohen Orbit um den Gasriesen.<\/span><\/p>\n<p><span style=\"color: #993300;\">Anfang 2416 war der Bau der Station abgeschlossen und die Station begann mit dem Sinkflug in die obere Atmosph\u00e4re des Gasriesen. Aufgrund der Masse der Station und der bautechnisch bedingten Triebwerksleistung w\u00fcrde dieser Sinkflug mehrere Monate dauern.<\/span><\/p>\n<p><span style=\"color: #993300;\">Zu Sternzeit 281108.1 erreichte die Station ihren endg\u00fcltigen, station\u00e4ren Orbit.<\/span><\/p>\n<\/details>\n<details open=\"open\">\n<summary><strong><span style=\"color: #993300;\">2. Die Station <img loading=\"lazy\" decoding=\"async\" class=\"alignnone wp-image-4572\" src=\"https:\/\/sf-germany.org\/einheiten\/uss-artemis\/wp-content\/uploads\/2022\/10\/red-2_2.gif\" alt=\"\" width=\"16\" height=\"13\" \/><\/span><\/strong><\/summary>\n<table style=\"height: 601px; width: 33.4058%; border-collapse: collapse; border-style: hidden;\">\n<tbody>\n<tr style=\"height: 28px;\">\n<td style=\"width: 21.8241%; height: 28px; background-color: #700000; border-top-left-radius: 80px; border-width: 0px;\" colspan=\"4\"><\/td>\n<\/tr>\n<tr style=\"height: 28px;\">\n<td style=\"width: 3.2023%; height: 28px; background-color: #700000; border-width: 0px;\"><\/td>\n<td style=\"width: 4.73224%; text-align: right; height: 28px; background-color: rgba(0, 0, 0, 0.8); border-width: 0px;\"><span style=\"color: #993300;\"><strong>Name<\/strong><\/span><\/td>\n<td style=\"width: 1%; height: 254px; background-color: rgba(0, 0, 0, 0.8); border-width: 0px; background-image: url('https:\/\/sf-germany.org\/einheiten\/uss-artemis\/wp-content\/uploads\/2022\/10\/try-5-rot.gif'); background-repeat: no-repeat; background-size: cover; background-position: center center;\" rowspan=\"10\"><\/td>\n<td style=\"width: 10.6216%; height: 28px; background-color: rgba(0, 0, 0, 0.8); border-width: 0px;\"><span style=\"color: #993300;\">Janus Terminal<\/span><\/td>\n<\/tr>\n<tr style=\"height: 28px;\">\n<td style=\"width: 3.2023%; background-color: #700000; border-width: 0px; height: 28px;\"><\/td>\n<td style=\"width: 4.73224%; text-align: right; background-color: rgba(0, 0, 0, 0.8); border-width: 0px; height: 28px;\"><span style=\"color: #993300;\"><strong>Spitzname<\/strong><\/span><\/td>\n<td style=\"width: 10.6216%; background-color: rgba(0, 0, 0, 0.8); border-width: 0px; height: 28px;\"><span style=\"color: #993300;\">The Eye<\/span><\/td>\n<\/tr>\n<tr style=\"height: 28px;\">\n<td style=\"width: 3.2023%; height: 28px; background-color: #700000; border-width: 0px;\"><\/td>\n<td style=\"width: 4.73224%; text-align: right; height: 28px; background-color: rgba(0, 0, 0, 0.8); border-width: 0px;\"><span style=\"color: #993300;\"><strong>Klasse<\/strong><\/span><\/td>\n<td style=\"width: 10.6216%; height: 28px; background-color: rgba(0, 0, 0, 0.8); border-width: 0px;\"><span style=\"color: #993300;\">Coriolis<\/span><\/td>\n<\/tr>\n<tr style=\"height: 28px;\">\n<td style=\"width: 3.2023%; height: 28px; background-color: #700000; border-width: 0px;\"><\/td>\n<td style=\"width: 4.73224%; text-align: right; height: 28px; background-color: rgba(0, 0, 0, 0.8); border-width: 0px;\"><span style=\"color: #993300;\"><strong>Ma\u00dfe<\/strong><\/span><\/td>\n<td style=\"width: 10.6216%; height: 28px; background-color: rgba(0, 0, 0, 0.8); border-width: 0px;\"><span style=\"color: #993300;\">2019x2019x2019 m<\/span><\/td>\n<\/tr>\n<tr style=\"height: 28px;\">\n<td style=\"width: 3.2023%; height: 28px; background-color: #700000; border-width: 0px;\"><\/td>\n<td style=\"width: 4.73224%; text-align: right; height: 28px; background-color: rgba(0, 0, 0, 0.8); border-width: 0px;\"><span style=\"color: #993300;\"><strong>Masse<\/strong><\/span><\/td>\n<td style=\"width: 10.6216%; height: 28px; background-color: rgba(0, 0, 0, 0.8); border-width: 0px;\"><span style=\"color: #993300;\">16.150 Mt<\/span><\/td>\n<\/tr>\n<tr>\n<td style=\"width: 3.2023%; background-color: #700000; border-width: 0px;\"><\/td>\n<td style=\"width: 4.73224%; text-align: right; background-color: rgba(0, 0, 0, 0.8); border-width: 0px;\"><span style=\"color: #993300;\"><strong>Decks<\/strong><\/span><\/td>\n<td style=\"width: 10.6216%; background-color: rgba(0, 0, 0, 0.8); border-width: 0px;\"><span style=\"color: #993300;\">521<\/span><\/td>\n<\/tr>\n<tr style=\"height: 28px;\">\n<td style=\"width: 3.2023%; height: 28px; background-color: #700000; border-width: 0px;\"><\/td>\n<td style=\"width: 4.73224%; text-align: right; height: 28px; background-color: rgba(0, 0, 0, 0.8); border-width: 0px;\"><span style=\"color: #993300;\"><strong>Form<\/strong><\/span><\/td>\n<td style=\"width: 10.6216%; height: 28px; background-color: rgba(0, 0, 0, 0.8); border-width: 0px;\"><span style=\"color: #993300;\">Kuboctahedron<\/span><\/td>\n<\/tr>\n<tr style=\"height: 28px;\">\n<td style=\"width: 3.2023%; height: 28px; background-color: #700000; border-width: 0px;\"><\/td>\n<td style=\"width: 4.73224%; text-align: right; height: 28px; background-color: rgba(0, 0, 0, 0.8); border-width: 0px;\"><span style=\"color: #993300;\"><strong>Produktion<\/strong><\/span><\/td>\n<td style=\"width: 10.6216%; height: 28px; background-color: rgba(0, 0, 0, 0.8); border-width: 0px;\"><span style=\"color: #993300;\">2375 &#8211; 2416<\/span><\/td>\n<\/tr>\n<tr style=\"height: 28px;\">\n<td style=\"width: 3.2023%; height: 28px; background-color: #700000; border-width: 0px;\"><\/td>\n<td style=\"width: 4.73224%; text-align: right; height: 28px; background-color: rgba(0, 0, 0, 0.8); border-width: 0px;\"><span style=\"color: #993300;\"><strong>Kommando<\/strong><\/span><\/td>\n<td style=\"width: 10.6216%; height: 28px; background-color: rgba(0, 0, 0, 0.8); border-width: 0px;\"><span style=\"color: #993300;\">SFI<\/span><\/td>\n<\/tr>\n<tr style=\"height: 30px;\">\n<td style=\"width: 3.2023%; height: 30px; background-color: #700000; border-width: 0px;\"><\/td>\n<td style=\"width: 4.73224%; text-align: right; height: 30px; background-color: rgba(0, 0, 0, 0.8); border-width: 0px;\"><span style=\"color: #993300;\"><strong>Status<\/strong><\/span><\/td>\n<td style=\"width: 10.6216%; height: 30px; background-color: rgba(0, 0, 0, 0.8); border-width: 0px;\"><span style=\"color: #993300;\">Streng Geheim <sup>(\u0394-3+)<\/sup><\/span><\/td>\n<\/tr>\n<tr style=\"height: 291px;\">\n<td style=\"width: 3.2023%; background-color: #700000; border-width: 0px; height: 291px;\"><\/td>\n<td style=\"text-align: right; background-color: rgba(0, 0, 0, 0.8); border-width: 0px; height: 291px; width: 18.6218%;\" colspan=\"3\"><span style=\"color: #993300;\"><img loading=\"lazy\" decoding=\"async\" class=\"\" src=\"https:\/\/sf-germany.org\/einheiten\/uss-artemis\/wp-content\/uploads\/2022\/10\/coriolis-large-transparent.png\" alt=\"Schematische Vorderansicht der Station\" width=\"410\" height=\"414\" \/><\/span><\/td>\n<\/tr>\n<tr style=\"height: 28px;\">\n<td style=\"width: 3.2023%; background-color: #700000; border-width: 0px; height: 28px;\"><\/td>\n<td style=\"width: 18.6218%; background-color: #700000; border-width: 0px; height: 28px; border-bottom-right-radius: 80px; text-align: right;\" colspan=\"3\"><span style=\"color: #993300;\">\u00a0<\/span><\/td>\n<\/tr>\n<\/tbody>\n<\/table>\n<h6>Coriolis<\/h6>\n<p>Coriolis beschreibt den Einfluss, den die Rotation eines Planeten auf dessen Klima und Ozeane hat. Dabei sorgt sie unter anderem daf\u00fcr, dass zum Beispiel auf der Erde St\u00fcrme auf der Nordhalbkugel des Planeten entgegen dem Uhrzeigersinn und auf der S\u00fcdhalbkugel mit dem Uhrzeitgersinn wirbeln. Damit ist sie als Kraft eines von drei Teilen der klassischen Mechanik in einem rotierenden Bezugssystem.<\/p>\n<p>Dabei hat Coriolis als ungreifbare Kraft einen direkten physischen Effekt auf seine Umgebung, ohne als solche selbst wahrgenommen werden zu k\u00f6nnen &#8211; solange sich die Beobachtenden auf der Oberfl\u00e4che des Planeten befinden. Erst aus dem Orbit l\u00e4sst sich erkennen ob ein Himmelsk\u00f6rper rotiert und wenn ja, in welche Richtung.<\/p>\n<h6>Janus Terminal<\/h6>\n<p>Janus war einer der \u00e4ltesten r\u00f6mischen Schutzg\u00f6tter und bekannt f\u00fcr seine Doppelgesichtigkeit. Er symbolisierte seit je her polare Bez\u00fcge wie Ein- und Ausgang, Anfang und Ende aber auch den Ursprung, Licht und die Sonne.<\/p>\n<p>Terminal bezeichnet neben dem Ende einer Empfangskette, einem nicht-widerlegbaren Zeichen und eine direkt an einer Str\u00f6mung gelegenen Anlegestelle auch einen Ort des Empfangs.<\/p>\n<p>Auf diese Weise lie\u00dfe sich der Namen Janus Terminal auf verschiedene Weisen interpretieren, zum Beispiel: &#8220;Kai des Ursprungs&#8221; oder &#8220;Das Ende von Anfang und Ende&#8221; (Initium et finis).<\/p>\n<p>Damit reiht sich der Name der Station, dessen Urheber unbekannt ist, in die Mystik der Terminologie der Station ein.<\/p>\n<\/details>\n<details>\n<summary><span style=\"color: #993300;\"><strong>3. Position der Station<a id=\"POS-Anker\"><\/a> <img loading=\"lazy\" decoding=\"async\" class=\"alignnone wp-image-4572\" src=\"https:\/\/sf-germany.org\/einheiten\/uss-artemis\/wp-content\/uploads\/2022\/10\/red-2_2.gif\" alt=\"\" width=\"16\" height=\"13\" \/><\/strong><\/span><\/summary>\n<p><a href=\"https:\/\/sf-germany.org\/einheiten\/uss-artemis\/wp-content\/uploads\/2022\/10\/artemis-meets-coriolis.png\" rel=\"lightbox-0\"><img loading=\"lazy\" decoding=\"async\" class=\"alignleft wp-image-4303\" src=\"https:\/\/sf-germany.org\/einheiten\/uss-artemis\/wp-content\/uploads\/2022\/10\/arti-cori-lcars-closeip-300x177.png\" alt=\"\" width=\"608\" height=\"359\" srcset=\"https:\/\/sf-germany.org\/einheiten\/uss-artemis\/wp-content\/uploads\/2022\/10\/arti-cori-lcars-closeip-300x177.png 300w, https:\/\/sf-germany.org\/einheiten\/uss-artemis\/wp-content\/uploads\/2022\/10\/arti-cori-lcars-closeip-1024x606.png 1024w, https:\/\/sf-germany.org\/einheiten\/uss-artemis\/wp-content\/uploads\/2022\/10\/arti-cori-lcars-closeip-768x454.png 768w, https:\/\/sf-germany.org\/einheiten\/uss-artemis\/wp-content\/uploads\/2022\/10\/arti-cori-lcars-closeip.png 1217w\" sizes=\"auto, (max-width: 608px) 100vw, 608px\" \/><\/a><span style=\"color: #993300;\">Aufgrund der Geheimhaltungsstufe und der subatmosph\u00e4rischen Lage im Orbit um Uhari, ist Janus Terminal nicht leicht aufzufinden.<\/span><br \/>\n<span style=\"color: #993300;\">Der intensive Strahlungsfluss von Desiderium A erschwert die Sensorabtastung zus\u00e4tzlich.<\/span><br \/>\n<span style=\"color: #993300;\">Piloten der Sternenflotte und des SFI<sup><span style=\"color: #993300;\">(<\/span>\u0394-3+)\u00a0<\/sup> erhalten eindeutige Hilfestellung zum Anfliegen der Station.<\/span><\/p>\n<p><span style=\"color: #993300;\">Das Janus Terminal befindet sich in einem station\u00e4ren Orbit &#8211; sodass sie sich geografisch immer \u00fcber demselben Lokal des Planeten befindet. Der Leitstrahl besteht aus drei im A-Ring von Uhari versteckten Niedrigfrequenzbojen. Ein Anflug erfolgt aus dem hohen Orbit am inneren Radius des A-Ring entlang:<\/span><\/p>\n<p><span style=\"color: #993300;\"><br \/>\n<img loading=\"lazy\" decoding=\"async\" class=\"\" src=\"https:\/\/sf-germany.org\/einheiten\/uss-artemis\/wp-content\/uploads\/2022\/10\/luna-anflug-2_transparent.png\" alt=\"Aproximation des Anflugwinkels\" width=\"890\" height=\"359\" \/><\/span><\/p>\n<hr \/>\n<\/details>\n","protected":false},"excerpt":{"rendered":"<p>&#8220;The Eye&#8221; Warnung:Teile der hier enthaltenen Daten unterliegen der Geheimhaltung. Zugriff auf klassifiziertes Material ist nur mit einer SFI-Freigabe m\u00f6glich. Freigabe-Stufe Delta-3 (\u0394-3) oder h\u00f6her.\u00a0 &lt;NRPG&gt; Gekennzeichnete Informationen sind f\u00fcr gew\u00f6hnliches Sternenflottenpersonal ohne Geheimdienstfreigabe nicht einsehbar. &lt;\/NRPG&gt; 1. Die Geschichte 2298 wurde das Desiderium-System zum ersten Mal durch ein Schiff der Sternenflotte erfasst. Es wurde&#8230;<\/p>\n<p class=\"more-link-wrap\"><a href=\"https:\/\/sf-germany.org\/einheiten\/uss-artemis\/kosmos\/desiderium\/janus-terminal\/\" class=\"more-link\">Read More<span class=\"screen-reader-text\"> &ldquo;Janus Terminal&rdquo;<\/span> &raquo;<\/a><\/p>\n","protected":false},"author":3,"featured_media":0,"parent":4246,"menu_order":1,"comment_status":"closed","ping_status":"closed","template":"","meta":{"footnotes":""},"class_list":["post-4426","page","type-page","status-publish","hentry"],"_links":{"self":[{"href":"https:\/\/sf-germany.org\/einheiten\/uss-artemis\/wp-json\/wp\/v2\/pages\/4426","targetHints":{"allow":["GET"]}}],"collection":[{"href":"https:\/\/sf-germany.org\/einheiten\/uss-artemis\/wp-json\/wp\/v2\/pages"}],"about":[{"href":"https:\/\/sf-germany.org\/einheiten\/uss-artemis\/wp-json\/wp\/v2\/types\/page"}],"author":[{"embeddable":true,"href":"https:\/\/sf-germany.org\/einheiten\/uss-artemis\/wp-json\/wp\/v2\/users\/3"}],"replies":[{"embeddable":true,"href":"https:\/\/sf-germany.org\/einheiten\/uss-artemis\/wp-json\/wp\/v2\/comments?post=4426"}],"version-history":[{"count":12,"href":"https:\/\/sf-germany.org\/einheiten\/uss-artemis\/wp-json\/wp\/v2\/pages\/4426\/revisions"}],"predecessor-version":[{"id":4789,"href":"https:\/\/sf-germany.org\/einheiten\/uss-artemis\/wp-json\/wp\/v2\/pages\/4426\/revisions\/4789"}],"up":[{"embeddable":true,"href":"https:\/\/sf-germany.org\/einheiten\/uss-artemis\/wp-json\/wp\/v2\/pages\/4246"}],"wp:attachment":[{"href":"https:\/\/sf-germany.org\/einheiten\/uss-artemis\/wp-json\/wp\/v2\/media?parent=4426"}],"curies":[{"name":"wp","href":"https:\/\/api.w.org\/{rel}","templated":true}]}}