{"id":4179,"date":"2022-10-10T00:08:02","date_gmt":"2022-10-09T22:08:02","guid":{"rendered":"http:\/\/sf-germany.org\/einheiten\/uss-artemis\/?page_id=4179"},"modified":"2022-10-10T16:17:31","modified_gmt":"2022-10-10T14:17:31","slug":"csel","status":"publish","type":"page","link":"https:\/\/sf-germany.org\/einheiten\/uss-artemis\/crew\/abteilungen\/technik\/csel\/","title":{"rendered":"Csel"},"content":{"rendered":"<table style=\"background: none; border: 0px solid #ffffff; font-weight: bold;\" border=\"0\" width=\"95%\" cellspacing=\"5\" cellpadding=\"5\" align=\"center\">\n<tbody>\n<tr>\n<td style=\"background: none; border-radius: 1em; border: 0px solid #003366; box-shadow: 0.1em 0.1em 0.5em rgba(0,0,0,0.75); -webkit-border-radius: 1em; -moz-border-radius: 1em; -moz-box-shadow: 0.1em 0.1em 0.5em rgba(0, 0, 0, 0.75); -webkit-box-shadow: 0.1em 0.1em 0.5em rgba(0, 0, 0, 0.75);\" colspan=\"5\" rowspan=\"3\" align=\"center\" valign=\"middle\">\n<h2>Csel<\/h2>\n<\/td>\n<\/tr>\n<\/tbody>\n<\/table>\n<div style=\"float: left; margin-right: 15px; margin-bottom: 15px; font-size: 11px; width: 300px; padding-left: 10px; padding-right: 10px;\">\n<table style=\"background: none; border-radius: 1em; border: 0px solid #003366; margin-bottom: 15px; margin-right: 15px; float: left; box-shadow: 0.1em 0.1em 0.5em rgba(0,0,0,0.75); -webkit-border-radius: 1em; -moz-border-radius: 1em; -moz-box-shadow: 0.1em 0.1em 0.5em rgba(0, 0, 0, 0.75); -webkit-box-shadow: 0.1em 0.1em 0.5em rgba(0, 0, 0, 0.75); background-color: #1d2339; width: 250px;\" border=\"1\" width=\"250\" cellspacing=\"10\" align=\"left\">\n<tbody>\n<tr>\n<td style=\"border: 0px solid transparent; font-weight: bold;\" colspan=\"2\" align=\"center\" width=\"250\"><img loading=\"lazy\" decoding=\"async\" class=\"alignnone size-medium wp-image-4180\" src=\"https:\/\/sf-germany.org\/einheiten\/uss-artemis\/wp-content\/uploads\/2022\/10\/Csel-300x248.png\" alt=\"\" width=\"300\" height=\"248\" srcset=\"https:\/\/sf-germany.org\/einheiten\/uss-artemis\/wp-content\/uploads\/2022\/10\/Csel-300x248.png 300w, https:\/\/sf-germany.org\/einheiten\/uss-artemis\/wp-content\/uploads\/2022\/10\/Csel.png 358w\" sizes=\"auto, (max-width: 300px) 100vw, 300px\" \/><\/td>\n<\/tr>\n<tr>\n<td style=\"border: 0px solid transparent; font-weight: bold;\" colspan=\"2\" align=\"center\" width=\"250\">Csel<\/td>\n<\/tr>\n<tr>\n<td style=\"border: 0px solid transparent; font-weight: bold;\" align=\"right\" width=\"111\">Status<\/td>\n<td style=\"border: 0px solid transparent;\" align=\"left\" width=\"129\">NPC<\/td>\n<\/tr>\n<tr>\n<td style=\"border: 0px solid transparent; font-weight: bold;\" align=\"right\" width=\"111\">Spieler<\/td>\n<td style=\"border: 0px solid transparent;\" align=\"left\" width=\"129\">Fynn<\/td>\n<\/tr>\n<tr>\n<td style=\"background: #555555; border-radius: 1em; border: 0px solid #003366; font-weight: bold; box-shadow: 0.1em 0.1em 0.5em rgba(0,0,0,0.75); -webkit-border-radius: 1em; -webkit-box-shadow: 0.1em 0.1em 0.5em rgba(0, 0, 0, 0.75);\" colspan=\"2\" align=\"center\" width=\"240\">Dienstliche Informationen<\/td>\n<\/tr>\n<tr>\n<td style=\"border: 0px solid transparent; font-weight: bold; vertical-align: middle;\" align=\"right\" width=\"111\">Ranggrafik<\/td>\n<td style=\"border: 0px solid transparent;\" align=\"left\" width=\"129\"><img loading=\"lazy\" decoding=\"async\" class=\"alignnone size-full wp-image-3413\" src=\"https:\/\/sf-germany.org\/einheiten\/uss-artemis\/wp-content\/uploads\/2022\/09\/y-e0.png\" alt=\"\" width=\"128\" height=\"32\" \/><\/td>\n<\/tr>\n<tr>\n<td style=\"border: 0px solid transparent; font-weight: bold;\" align=\"right\" width=\"111\">Rang<\/td>\n<td style=\"border: 0px solid transparent;\" align=\"left\" width=\"129\">Specialist (NCO)<\/td>\n<\/tr>\n<tr>\n<td style=\"border: 0px solid transparent; font-weight: bold;\" align=\"right\" width=\"111\">Posten<\/td>\n<td style=\"border: 0px solid transparent;\" align=\"left\" width=\"129\">Shuttle-Ingenieur<\/td>\n<\/tr>\n<tr>\n<td style=\"border: 0px solid transparent; font-weight: bold;\" align=\"right\" width=\"111\">Stationierung<\/td>\n<td style=\"border: 0px solid transparent;\" align=\"left\" width=\"129\">U.S.S. Artemis<\/td>\n<\/tr>\n<tr>\n<td style=\"background: #555555; border-radius: 1em; border: 0px solid #003366; font-weight: bold; box-shadow: 0.1em 0.1em 0.5em rgba(0,0,0,0.75); -webkit-border-radius: 1em; -webkit-box-shadow: 0.1em 0.1em 0.5em rgba(0, 0, 0, 0.75);\" colspan=\"2\" align=\"center\" width=\"250\">Biographische Informationen<\/td>\n<\/tr>\n<tr>\n<td style=\"border: 0px solid transparent; font-weight: bold;\" align=\"right\" width=\"111\">Geburtstag<\/td>\n<td style=\"border: 0px solid transparent;\" align=\"left\" width=\"129\">2387<\/td>\n<\/tr>\n<tr>\n<td style=\"border: 0px solid transparent; font-weight: bold;\" align=\"right\" width=\"111\">Geburtsort<\/td>\n<td style=\"border: 0px solid transparent;\" align=\"left\" width=\"129\">Caern, Cait<\/td>\n<\/tr>\n<tr>\n<td style=\"border: 0px solid transparent; font-weight: bold;\" align=\"right\" width=\"111\">Familienstand<\/td>\n<td style=\"border: 0px solid transparent;\" align=\"left\" width=\"129\">ledig<\/td>\n<\/tr>\n<tr>\n<td style=\"border: 0px solid transparent; font-weight: bold;\" align=\"right\" width=\"111\">Eltern<\/td>\n<td style=\"border: 0px solid transparent;\" align=\"left\" width=\"129\">Mrrak (w) und C&#8217;ol (m)<\/td>\n<\/tr>\n<tr>\n<td style=\"border: 0px solid transparent; font-weight: bold;\" align=\"right\" width=\"111\">Geschwister<\/td>\n<td style=\"border: 0px solid transparent;\" align=\"left\" width=\"129\">3 Br\u00fcder, 2 Schwestern:<\/td>\n<\/tr>\n<tr>\n<td style=\"border: 0px solid transparent; font-weight: bold;\"><\/td>\n<td style=\"border: 0px solid transparent;\">Rrelar, Merel, Moral<br \/>\nCsula, S&#8217;Taia<\/td>\n<\/tr>\n<tr>\n<td style=\"border: 0px solid transparent; font-weight: bold;\" align=\"right\" width=\"111\">Kinder<\/td>\n<td style=\"border: 0px solid transparent;\" align=\"left\" width=\"129\">Keine<\/td>\n<\/tr>\n<tr>\n<td style=\"background: #555555; border-radius: 1em; border: 0px solid #003366; font-weight: bold; box-shadow: 0.1em 0.1em 0.5em rgba(0,0,0,0.75); -webkit-border-radius: 1em; -webkit-box-shadow: 0.1em 0.1em 0.5em rgba(0, 0, 0, 0.75);\" colspan=\"2\" align=\"center\" width=\"250\">Physische Beschreibung<\/td>\n<\/tr>\n<tr>\n<td style=\"border: 0px solid transparent; font-weight: bold;\" align=\"right\" width=\"111\">Spezies<\/td>\n<td style=\"border: 0px solid transparent;\" align=\"left\" width=\"129\">Caitianer<\/td>\n<\/tr>\n<tr>\n<td style=\"border: 0px solid transparent; font-weight: bold;\" align=\"right\" width=\"111\">Geschlecht<\/td>\n<td style=\"border: 0px solid transparent;\" align=\"left\" width=\"129\">m\u00e4nnlich<\/td>\n<\/tr>\n<tr>\n<td style=\"border: 0px solid transparent; font-weight: bold;\" align=\"right\" width=\"111\">Gr\u00f6\u00dfe<\/td>\n<td style=\"border: 0px solid transparent;\" align=\"left\" width=\"129\">1,69 m<\/td>\n<\/tr>\n<tr>\n<td style=\"border: 0px solid transparent; font-weight: bold;\" align=\"right\" width=\"111\">Gewicht<\/td>\n<td style=\"border: 0px solid transparent;\" align=\"left\" width=\"129\">76 kg<\/td>\n<\/tr>\n<tr>\n<td style=\"border: 0px solid transparent; font-weight: bold;\" align=\"right\" width=\"111\">Fellfarbe<\/td>\n<td style=\"border: 0px solid transparent;\" align=\"left\" width=\"129\">sand, kurz<\/td>\n<\/tr>\n<tr>\n<td style=\"border: 0px solid transparent; font-weight: bold;\" align=\"right\" width=\"111\">Augenfarbe<\/td>\n<td style=\"border: 0px solid transparent;\" align=\"left\" width=\"129\">braun<\/td>\n<\/tr>\n<tr>\n<td style=\"background: #555555; border-radius: 1em; border: 0px solid #003366; font-weight: bold; box-shadow: 0.1em 0.1em 0.5em rgba(0,0,0,0.75); -webkit-border-radius: 1em; -webkit-box-shadow: 0.1em 0.1em 0.5em rgba(0, 0, 0, 0.75);\" colspan=\"2\" align=\"center\" width=\"250\">Politische Informationen<\/td>\n<\/tr>\n<tr>\n<td style=\"border: 0px solid transparent; font-weight: bold;\" align=\"right\" width=\"111\">B\u00fcrgerschaft<\/td>\n<td style=\"border: 0px solid transparent;\" align=\"left\" width=\"129\">UFP<\/td>\n<\/tr>\n<tr>\n<td style=\"border: 0px solid transparent; font-weight: bold;\" align=\"right\" width=\"111\">\u00a0Religion<\/td>\n<td style=\"border: 0px solid transparent;\" align=\"left\" width=\"129\">n\/a<\/td>\n<\/tr>\n<\/tbody>\n<\/table>\n<\/div>\n<p><strong><span style=\"font-family: 'Big Shoulders Text'; font-size: 24pt;\">Spielhilfe<\/span><\/strong><\/p>\n<blockquote><p><em>Jung, voller Elan und ohne gezogenes R sprechend. Ein Raumschiff-Designass und nur an Bord f\u00fcr Wartung und Beaufsichtigung der Blackwell, an deren Entwicklung er als Student ma\u00dfgeblich Anteil hatte. Vergisst hin und wieder, dass nicht alle Spezies so k\u00f6rperkontaktaffin sind wie Caitianer.<\/em><\/p><\/blockquote>\n<hr \/>\n<p><strong><span style=\"font-family: 'Big Shoulders Text'; font-size: 18pt;\">Tabellarischer Lebenslauf<\/span><\/strong><\/p>\n<ul>\n<li>2387 &#8211; Geburt auf Cait, in der Siedlung &#8220;Caern&#8221;.<\/li>\n<li>2392 &#8211; Beginn der Schulausbildung in Caern.<\/li>\n<li>2399 &#8211; Beginn der Ausbildung zum Flotteningenieur in Rr&#8217;kal, Cait<\/li>\n<li>2403 &#8211; Beginn des Designstudiums an der Universit\u00e4t Berlin, Fachrichtung &#8220;Raumschiffdesign&#8221;<\/li>\n<li>2404 &#8211; Neben dem Studium angestellt bei Space Design Enterprises als Werkstudent<\/li>\n<li>2405 &#8211; Headhunted von der Sternenflotte und dem SFI aufgrund von besonderen Leistungen, als ziviler Berater<\/li>\n<li>2406 &#8211; Abschluss des Studiums: Bachelor (Spacefare Designer)<\/li>\n<li>2406 &#8211; Vollanstellung als ziviler Berater und Designer auf Utopia Planitia, Beginn des Orca-Projektes<\/li>\n<li>2416 &#8211; Abschluss des Orca-Projektes auf UP, Erhalt einer zeitlich begrenzten Feldkommission und Versetzung als Orca-Shuttle Subject Matter Expert im non-commissioned Rang eines &#8220;Specialist&#8221; auf die U.S.S. Artemis<\/li>\n<\/ul>\n<hr \/>\n<p><strong><span style=\"font-family: 'Big Shoulders Text'; font-size: 24pt;\">Spezialgebiete<\/span><\/strong><\/p>\n<ul>\n<li>Shuttle-, Sonden- und Raumschiffdesign<\/li>\n<li>SME f\u00fcr das Orca-Shuttle &#8220;Blackwell&#8221;<\/li>\n<\/ul>\n<hr \/>\n<p><strong><span style=\"font-family: 'Big Shoulders Text'; font-size: 24pt;\">Psychologisches Profil<\/span><\/strong><\/p>\n<p>&#8220;Specialist Csel ist kein Sternenflottenoffizier, ja, nicht einmal Kadett. Er erhielt auf Utopia Planitia mit seiner Feldkommission eine dreimonatige Vorbereitung auf den Dienst in der Flotte und ist dementsprechend unflottenhaft. Sein Charakter und seine Arbeitsmoral sind vorbildlich und doch fehlt es ihm an den Strukturen und dem Anpassungsprozess den Kadetten auf der Akademie durchlaufen.<\/p>\n<p>Nun gut. Mister Csel hat ein frohes und aufgeschlossenes Wesen und neigt zu ungefragtem K\u00f6rperkontakt. Meistens beschr\u00e4nkt sich das auf eine Hand auf einer Schulter oder einen Klaps auf den R\u00fccken &#8211; es kam jedoch schon vor, dass Crewmen und Offiziere unaufgefordert umarmt wurden.<\/p>\n<hr \/>\n<p><strong><span style=\"font-family: 'Big Shoulders Text'; font-size: 24pt;\">Hobbies<\/span><\/strong><\/p>\n<ul>\n<li>Singen und Songwriting<\/li>\n<li>Raumschiffmodelle basteln<\/li>\n<li>Holzschnitzerei<\/li>\n<\/ul>\n<hr \/>\n<p><strong><span style=\"font-family: 'Big Shoulders Text'; font-size: 24pt;\">Besonderheiten der Spezies<\/span><\/strong><\/p>\n<ul>\n<li>Krallen<\/li>\n<li>Nachtsicht<\/li>\n<li>Hohe Agilit\u00e4t und Sprungkraft<\/li>\n<li>Vierbeinige Fortbewegung ist m\u00f6glich<\/li>\n<li>Langer Schwanz<\/li>\n<li>Kurze Schnurrhaare mit denen Luftvibrationen erfasst werden k\u00f6nnen<\/li>\n<li>Weit \u00fcberdurchschnittliche H\u00f6rfrequenzen und audioaffinit\u00e4t<\/li>\n<li>Ausgezeichnete r\u00e4umliche Vorstellung<\/li>\n<li>Orientierungslos in Schwerelosigkeit<\/li>\n<\/ul>\n<hr \/>\n<p><strong><span style=\"font-family: 'Big Shoulders Text'; font-size: 24pt;\">RPG-Ausz\u00fcge<\/span><\/strong><\/p>\n<p><a href=\"https:\/\/sfg.groups.io\/g\/RPG-Universe\/message\/62\" target=\"_blank\" rel=\"noopener\">Csel<\/a><\/p>\n<p class=\"DefangedMsoNormal\">&#8220;Wenn ich die Deadline nicht schaffe, wird das meine Zukunft bei SDE mit Sicherheit beenden.&#8221;<\/p>\n<p class=\"DefangedMsoNormal\">&#8220;Warum solltest du die Deadline nicht schaffen? Du bist einer der talentiertesten Schiffdesigner unserer Generation. Kein anderer aus unserem Kurs wurde von SDE eingestellt. Deine koaxiale Sonde hat war der Hammer!&#8221;<\/p>\n<p class=\"DefangedMsoNormal\">&#8220;Es ist das eine, eine Sonde zu entwerfen und etwas ganz anderes, ein ganzes Raumschiff zu bauen, Liv.&#8221;<\/p>\n<p class=\"DefangedMsoNormal\">&#8220;Niemand verlangt ein ganzes Raumschiff von dir allein. Soweit ich das verstanden habe, sollst du lediglich einen Teil beitragen.&#8221;<\/p>\n<p class=\"DefangedMsoNormal\">&#8220;Die Sensorharmoniken in einem thermogenetischen EM-Umfeld optimieren&#8230; ja&#8230;&#8221;<\/p>\n<p class=\"DefangedMsoNormal\">&#8220;Und wenn du deinen Teil beitr\u00e4gst und der Rest des Teams auch nur ansatzweise so gut ist wie du, dann wird das Design ein voller Erfolg und ich k\u00f6nnte mir vorstellen, dass die Sternenflotte es sogar bauen wird.&#8221;<\/p>\n<p class=\"DefangedMsoNormal\">&#8220;Die Sternenflotte&#8230;&#8221;, grummelte Csel und zuckte mit den Schultern. Sein Schwanz hatte erneut zu zucken begonnen.<br \/>\n&#8220;Ich bin kein Fan der Sternenflotte.&#8221;<\/p>\n<hr \/>\n<p class=\"DefangedMsoNormal\">Die N\u00e4chte auf Ferasa im Herbst waren angenehm mild. Das tropische Klima des saftigen, von Grassteppen und Dschungeln dominierten Planeten sorgte daf\u00fcr. Die Abendd\u00e4mmerung hatte schon vor einer Weile eingesetzt und Csel sa\u00df, in einen Badeschurz gekleidet, im wei\u00dfen Sand des Strandes seiner Heimatstadt und blickte zu den Monden Rea und Sura auf.<\/p>\n<p class=\"DefangedMsoNormal\">Einige hundert Meter entfernt hatte sich eine Gruppe, darunter Freunde von ihm, um ein gro\u00dfes, prasselndes Feuer versammelt und tanzten zu handgemachter Musik. Csels spitze Ohren fingen die Musik und undeutlichen Singsang der Truppe auf, das Rauschen des Windes im an den Strand angrenzenden Urwald, die Ger\u00e4usche des Waldes. Und wie der warme Wind so in sein Fell fuhr und f\u00fcr eine wohlige G\u00e4nsehaut sorgte, seufzte der junge Kater und aalte sich in einem Gef\u00fchl absoluter Vollkommenheit.<\/p>\n<p class=\"DefangedMsoNormal\">Er wusste nicht genau, wie lange er einfach nur dort gesessen und zu sein genossen hatte, als eine ihm vertraute Stimme in sein Bewusstsein drang.<\/p>\n<p class=\"DefangedMsoNormal\">&#8220;Csel, Csel! Komm, du musst mitsingen!&#8221;, rief die Stimme und Csel \u00f6ffnete die Augen. Abendlicht fing sich in seinen feliden Augen und reflektierte, als er den Kopf drehte, sodass er den Urheber der Stimme mit leuchtenden Augen ansah. Ein Anblick, der auf Ferasa nur allzu normal war.<\/p>\n<p class=\"DefangedMsoNormal\">&#8220;Was singen wir denn?&#8221;, fragte er und schmunzelte w\u00e4hrend er sich Sand von den Handfl\u00e4chen klopfte und sich anschickte, sich zu erheben.<\/p>\n<p class=\"DefangedMsoNormal\">Eine kurzgewachsene, grau-befellte Katze mit floralem Kopfschmuck trottete auf ihn zu. Csels feine Nase nahm ihren Geruch auf; den Geruch der Gruppe, der ihr anhaftete und er nahm wahr, dass sie s\u00fc\u00dflichen Alkohol getrunken hatte.<\/p>\n<p class=\"DefangedMsoNormal\">&#8220;Du k\u00f6nntest das Donnerlied singen.&#8221;, schlug die Katze vor als sie bei ihm angekommen war und sich mit interessiert zuckender Schwanzspitze vor ihn kniete.<\/p>\n<p class=\"DefangedMsoNormal\">Csel war in seinen Kreisen ber\u00fchmt f\u00fcr dieses Lied. Es war eines von seinen Selbstgeschriebenen. &#8220;Nur, wenn ihr mitsingt. Ich bin nicht in der Stimmung f\u00fcr ein Solo.&#8221;, verlangte der Kater und die Katze rollte mit den Augen, ehe sie ihn sanft in die Schulter knuffte. Dann beugte sie sich, sich auf ihren H\u00e4nden im Sand abst\u00fctzend, vor und rieb ihre Wange an eben jener Schulter. Anerkennend, zugewandt und nicht wenig manipulativ. Auf eine gute, vertraute Weise.<\/p>\n<p class=\"DefangedMsoNormal\">&#8220;Ab der 2. Strophe, ja?&#8221;, schlug sie vor und schnurrte un\u00fcberh\u00f6rbar als sie sich wieder auf die F\u00fc\u00dfe begab und ihn ansah.<\/p>\n<p class=\"DefangedMsoNormal\">&#8220;Naa guuut&#8230;&#8221;, \u00e4chzte Csel gespielt genervt und erhob sich, ebenfalls schnurrend.<\/p>\n","protected":false},"excerpt":{"rendered":"<p>Csel Csel Status NPC Spieler Fynn Dienstliche Informationen Ranggrafik Rang Specialist (NCO) Posten Shuttle-Ingenieur Stationierung U.S.S. Artemis Biographische Informationen Geburtstag 2387 Geburtsort Caern, Cait Familienstand ledig Eltern Mrrak (w) und C&#8217;ol (m) Geschwister 3 Br\u00fcder, 2 Schwestern: Rrelar, Merel, Moral Csula, S&#8217;Taia Kinder Keine Physische Beschreibung Spezies Caitianer Geschlecht m\u00e4nnlich Gr\u00f6\u00dfe 1,69 m Gewicht 76&#8230;<\/p>\n<p class=\"more-link-wrap\"><a href=\"https:\/\/sf-germany.org\/einheiten\/uss-artemis\/crew\/abteilungen\/technik\/csel\/\" class=\"more-link\">Read More<span class=\"screen-reader-text\"> &ldquo;Csel&rdquo;<\/span> &raquo;<\/a><\/p>\n","protected":false},"author":3,"featured_media":0,"parent":75,"menu_order":3,"comment_status":"closed","ping_status":"closed","template":"","meta":{"footnotes":""},"class_list":["post-4179","page","type-page","status-publish","hentry"],"_links":{"self":[{"href":"https:\/\/sf-germany.org\/einheiten\/uss-artemis\/wp-json\/wp\/v2\/pages\/4179","targetHints":{"allow":["GET"]}}],"collection":[{"href":"https:\/\/sf-germany.org\/einheiten\/uss-artemis\/wp-json\/wp\/v2\/pages"}],"about":[{"href":"https:\/\/sf-germany.org\/einheiten\/uss-artemis\/wp-json\/wp\/v2\/types\/page"}],"author":[{"embeddable":true,"href":"https:\/\/sf-germany.org\/einheiten\/uss-artemis\/wp-json\/wp\/v2\/users\/3"}],"replies":[{"embeddable":true,"href":"https:\/\/sf-germany.org\/einheiten\/uss-artemis\/wp-json\/wp\/v2\/comments?post=4179"}],"version-history":[{"count":5,"href":"https:\/\/sf-germany.org\/einheiten\/uss-artemis\/wp-json\/wp\/v2\/pages\/4179\/revisions"}],"predecessor-version":[{"id":4192,"href":"https:\/\/sf-germany.org\/einheiten\/uss-artemis\/wp-json\/wp\/v2\/pages\/4179\/revisions\/4192"}],"up":[{"embeddable":true,"href":"https:\/\/sf-germany.org\/einheiten\/uss-artemis\/wp-json\/wp\/v2\/pages\/75"}],"wp:attachment":[{"href":"https:\/\/sf-germany.org\/einheiten\/uss-artemis\/wp-json\/wp\/v2\/media?parent=4179"}],"curies":[{"name":"wp","href":"https:\/\/api.w.org\/{rel}","templated":true}]}}