{"id":2794,"date":"2022-08-23T14:11:31","date_gmt":"2022-08-23T12:11:31","guid":{"rendered":"http:\/\/www.sf-germany.org\/einheiten\/uss-odyssey\/?page_id=2794"},"modified":"2025-08-26T23:47:54","modified_gmt":"2025-08-26T21:47:54","slug":"inactive_sharom-ventra","status":"publish","type":"page","link":"https:\/\/sf-germany.org\/einheiten\/uss-artemis\/crew\/besatzung\/inactive_sharom-ventra\/","title":{"rendered":"Sharom Ventra [INAKTIV]"},"content":{"rendered":"<table style=\"background: none; border: 0px solid #ffffff; font-weight: bold;\" border=\"0\" width=\"95%\" cellspacing=\"5\" cellpadding=\"5\" align=\"center\">\n<tbody>\n<tr>\n<td style=\"background: none; border-radius: 1em; border: 0px solid #003366; box-shadow: 0.1em 0.1em 0.5em rgba(0,0,0,0.75); -webkit-border-radius: 1em; -moz-border-radius: 1em; -moz-box-shadow: 0.1em 0.1em 0.5em rgba(0, 0, 0, 0.75); -webkit-box-shadow: 0.1em 0.1em 0.5em rgba(0, 0, 0, 0.75);\" colspan=\"5\" rowspan=\"3\" align=\"center\" valign=\"middle\">\n<h2><strong>Sharom Ventra<\/strong><\/h2>\n<\/td>\n<\/tr>\n<\/tbody>\n<\/table>\n<p>&nbsp;<\/p>\n<div style=\"float: left; margin-left: 15px; margin-bottom: 15px; font-size: 11px; width: 300px; padding-left: 10px; padding-right: 10px;\">\n<table style=\"background: none; border: 0px solid #003366; margin-bottom: 15px; margin-right: 15px; float: left; border-radius: 1em; box-shadow: rgba(0, 0, 0, 0.75) 0.1em 0.1em 0.5em; width: 82.668%;\" border=\"1\" width=\"250\" cellspacing=\"10\" align=\"left\">\n<tbody>\n<tr>\n<td style=\"border: 0px solid transparent; font-weight: bold; width: 87.9518%;\" colspan=\"2\" align=\"center\" width=\"250\"><a href=\"https:\/\/sf-germany.org\/einheiten\/uss-artemis\/wp-content\/uploads\/2023\/11\/SharomVentraFuhler.jpg\" rel=\"lightbox-0\"><img loading=\"lazy\" decoding=\"async\" class=\"aligncenter wp-image-3749\" src=\"https:\/\/sf-germany.org\/einheiten\/uss-artemis\/wp-content\/uploads\/2023\/11\/SharomVentraFuhler.jpg\" alt=\"\" width=\"238\" height=\"134\" \/><\/a><\/td>\n<\/tr>\n<tr>\n<td style=\"border: 0px solid transparent; font-weight: bold; width: 87.9518%;\" colspan=\"2\" align=\"center\" width=\"250\">Sharom Ventra<\/td>\n<\/tr>\n<tr>\n<td style=\"border: 0px solid transparent; font-weight: bold; width: 41.7671%;\" align=\"right\" width=\"111\">Status<\/td>\n<td style=\"border: 0px solid transparent; width: 46.1847%;\" align=\"left\" width=\"129\">PC<\/td>\n<\/tr>\n<tr>\n<td style=\"border: 0px solid transparent; font-weight: bold; width: 41.7671%;\" align=\"right\" width=\"111\">Spieler<\/td>\n<td style=\"border: 0px solid transparent; width: 46.1847%;\" align=\"left\" width=\"129\">S\u00f6ren K.<\/td>\n<\/tr>\n<tr>\n<td style=\"background: #555555; border: 0px solid #003366; font-weight: bold; border-radius: 1em; box-shadow: rgba(0, 0, 0, 0.75) 0.1em 0.1em 0.5em; width: 87.9518%;\" colspan=\"2\" align=\"center\" width=\"240\">Dienstliche Informationen<\/td>\n<\/tr>\n<tr>\n<td style=\"border: 0px solid transparent; font-weight: bold; vertical-align: middle; width: 41.7671%;\" align=\"right\" width=\"111\">Ranggrafik<\/td>\n<td style=\"border: 0px solid transparent; width: 46.1847%;\" align=\"left\" width=\"129\"><a href=\"https:\/\/sf-germany.org\/einheiten\/uss-artemis\/wp-content\/uploads\/2022\/09\/c-o3-1.png\" rel=\"lightbox-1\"><img loading=\"lazy\" decoding=\"async\" class=\"aligncenter size-full wp-image-3460\" src=\"https:\/\/sf-germany.org\/einheiten\/uss-artemis\/wp-content\/uploads\/2022\/09\/c-o3-1.png\" alt=\"Lieutenant\" width=\"128\" height=\"32\" \/><\/a><\/td>\n<\/tr>\n<tr>\n<td style=\"border: 0px solid transparent; font-weight: bold; width: 41.7671%;\" align=\"right\" width=\"111\">Rang<\/td>\n<td style=\"border: 0px solid transparent; width: 46.1847%;\" align=\"left\" width=\"129\">Lt.<\/td>\n<\/tr>\n<tr>\n<td style=\"border: 0px solid transparent; font-weight: bold; width: 41.7671%;\" align=\"right\" width=\"111\">Posten<\/td>\n<td style=\"border: 0px solid transparent; width: 46.1847%;\" align=\"left\" width=\"129\">CWI<\/td>\n<\/tr>\n<tr>\n<td style=\"border: 0px solid transparent; font-weight: bold; width: 41.7671%;\" align=\"right\" width=\"111\">Stationierung<\/td>\n<td style=\"border: 0px solid transparent; width: 46.1847%;\" align=\"left\" width=\"129\">USS Artemis<\/td>\n<\/tr>\n<tr>\n<td style=\"background: #555555; border: 0px solid #003366; font-weight: bold; border-radius: 1em; box-shadow: rgba(0, 0, 0, 0.75) 0.1em 0.1em 0.5em; width: 87.9518%;\" colspan=\"2\" align=\"center\" width=\"250\">Biographische Informationen<\/td>\n<\/tr>\n<tr>\n<td style=\"border: 0px solid transparent; font-weight: bold; width: 41.7671%;\" align=\"right\" width=\"111\">Geburtsjahr<\/td>\n<td style=\"border: 0px solid transparent; width: 46.1847%;\" align=\"left\" width=\"129\">2379<\/td>\n<\/tr>\n<tr>\n<td style=\"border: 0px solid transparent; font-weight: bold; width: 41.7671%;\" align=\"right\" width=\"111\">Geburtsort<\/td>\n<td style=\"border: 0px solid transparent; width: 46.1847%;\" align=\"left\" width=\"129\">Dira, Andoria<\/td>\n<\/tr>\n<tr>\n<td style=\"border: 0px solid transparent; font-weight: bold; width: 41.7671%;\" align=\"right\" width=\"111\">Familienstand<\/td>\n<td style=\"border: 0px solid transparent; width: 46.1847%;\" align=\"left\" width=\"129\">ledig<\/td>\n<\/tr>\n<tr>\n<td style=\"border: 0px solid transparent; font-weight: bold; width: 41.7671%;\" align=\"right\" width=\"111\">Mutter<\/td>\n<td style=\"border: 0px solid transparent; width: 46.1847%;\" align=\"left\" width=\"129\">Taltu, Zivilschiff-Designerin<\/td>\n<\/tr>\n<tr>\n<td style=\"border: 0px solid transparent; font-weight: bold; width: 41.7671%;\" align=\"right\" width=\"111\">Vater<\/td>\n<td style=\"border: 0px solid transparent; width: 46.1847%;\" align=\"left\" width=\"129\">Mykos, Musiker<\/td>\n<\/tr>\n<tr>\n<td style=\"border: 0px solid transparent; font-weight: bold; width: 41.7671%;\" align=\"right\" width=\"111\">Geschwister<\/td>\n<td style=\"border: 0px solid transparent; width: 46.1847%;\" align=\"left\" width=\"129\">Joald (m), Noodi (w), Chesra (w), Farloo (m)<\/td>\n<\/tr>\n<tr>\n<td style=\"background: #555555; border: 0px solid #003366; font-weight: bold; border-radius: 1em; box-shadow: rgba(0, 0, 0, 0.75) 0.1em 0.1em 0.5em; width: 87.9518%;\" colspan=\"2\" align=\"center\" width=\"250\">Physische Beschreibung<\/td>\n<\/tr>\n<tr>\n<td style=\"border: 0px solid transparent; font-weight: bold; width: 41.7671%;\" align=\"right\" width=\"111\">Spezies<\/td>\n<td style=\"border: 0px solid transparent; width: 46.1847%;\" align=\"left\" width=\"129\">Andorianer<\/td>\n<\/tr>\n<tr>\n<td style=\"border: 0px solid transparent; font-weight: bold; width: 41.7671%;\" align=\"right\" width=\"111\">Geschlecht<\/td>\n<td style=\"border: 0px solid transparent; width: 46.1847%;\" align=\"left\" width=\"129\">m\u00e4nnlich<\/td>\n<\/tr>\n<tr>\n<td style=\"border: 0px solid transparent; font-weight: bold; width: 41.7671%;\" align=\"right\" width=\"111\">Gr\u00f6\u00dfe<\/td>\n<td style=\"border: 0px solid transparent; width: 46.1847%;\" align=\"left\" width=\"129\">1,93 m (ohne F\u00fchler)<\/td>\n<\/tr>\n<tr>\n<td style=\"border: 0px solid transparent; font-weight: bold; width: 41.7671%;\" align=\"right\" width=\"111\">Gewicht<\/td>\n<td style=\"border: 0px solid transparent; width: 46.1847%;\" align=\"left\" width=\"129\">87 kg<\/td>\n<\/tr>\n<tr>\n<td style=\"border: 0px solid transparent; font-weight: bold; width: 41.7671%;\" align=\"right\" width=\"111\">Haarfarbe<\/td>\n<td style=\"border: 0px solid transparent; width: 46.1847%;\" align=\"left\" width=\"129\">wei\u00df-blond, wilde Locken<\/td>\n<\/tr>\n<tr>\n<td style=\"border: 0px solid transparent; font-weight: bold; width: 41.7671%;\" align=\"right\" width=\"111\">Augenfarbe<\/td>\n<td style=\"border: 0px solid transparent; width: 46.1847%;\" align=\"left\" width=\"129\">blau<\/td>\n<\/tr>\n<tr>\n<td style=\"border: 0px solid transparent; font-weight: bold; width: 41.7671%;\" align=\"right\" width=\"111\">Hautfarbe<\/td>\n<td style=\"border: 0px solid transparent; width: 46.1847%;\" align=\"left\" width=\"129\">blau<\/td>\n<\/tr>\n<tr>\n<td style=\"background: #555555; border: 0px solid #003366; font-weight: bold; border-radius: 1em; box-shadow: rgba(0, 0, 0, 0.75) 0.1em 0.1em 0.5em; width: 87.9518%;\" colspan=\"2\" align=\"center\" width=\"250\">Politische Informationen<\/td>\n<\/tr>\n<tr>\n<td style=\"border: 0px solid transparent; font-weight: bold; width: 41.7671%;\" align=\"right\" width=\"111\">B\u00fcrgerschaft<\/td>\n<td style=\"border: 0px solid transparent; width: 46.1847%;\" align=\"left\" width=\"129\">UFP<\/td>\n<\/tr>\n<tr>\n<td style=\"border: 0px solid transparent; font-weight: bold; width: 41.7671%;\" align=\"right\" width=\"111\">\u00a0Religion<\/td>\n<td style=\"border: 0px solid transparent; width: 46.1847%;\" align=\"left\" width=\"129\">&#8211;<\/td>\n<\/tr>\n<tr style=\"height: 36px;\">\n<td style=\"background: #555555; border: 0px solid #003366; font-weight: bold; border-radius: 1em; box-shadow: rgba(0, 0, 0, 0.75) 0.1em 0.1em 0.5em; height: 36px; width: 88.8889%;\" colspan=\"2\" align=\"center\" width=\"240\"><span style=\"font-size: 10pt; font-family: 'Titillium Web';\">Orden und Auszeichnungen<\/span><\/td>\n<\/tr>\n<tr style=\"height: 18px;\">\n<td style=\"border: 0px solid transparent; font-weight: bold; height: 18px; width: 41.2186%;\" align=\"right\" width=\"111\"><span style=\"font-size: 10pt; font-family: 'Titillium Web';\">Vh\u2018oga Ribbon<\/span><\/td>\n<td style=\"border: 0px solid transparent; height: 18px; width: 47.6703%;\" align=\"left\" width=\"129\"><span style=\"font-size: 10pt; font-family: 'Titillium Web';\"><img loading=\"lazy\" decoding=\"async\" class=\"alignnone wp-image-3663\" src=\"https:\/\/sf-germany.org\/einheiten\/uss-artemis\/wp-content\/uploads\/2022\/10\/Vhoga_Spange.png\" alt=\"\" width=\"110\" height=\"32\" \/><\/span><\/td>\n<\/tr>\n<tr style=\"height: 305px;\">\n<td style=\"border: 0px solid transparent; font-weight: bold; height: 180px; width: 255%;\" colspan=\"2\" align=\"center\" width=\"240\"><span style=\"font-family: 'Titillium Web';\"><a href=\"https:\/\/sf-germany.org\/einheiten\/uss-artemis\/wp-content\/uploads\/2022\/12\/Sharom_Arti.jpg\" rel=\"lightbox-2\"><img loading=\"lazy\" decoding=\"async\" class=\"aligncenter wp-image-3670\" src=\"https:\/\/sf-germany.org\/einheiten\/uss-artemis\/wp-content\/uploads\/2022\/12\/Sharom_Arti.jpg\" alt=\"\" width=\"213\" height=\"301\" \/><\/a><\/span><\/td>\n<\/tr>\n<tr style=\"height: 18px;\">\n<td style=\"border: 0px solid transparent; font-weight: bold; height: 18px; width: 88.8889%;\" colspan=\"2\" align=\"center\" width=\"240\"><span style=\"font-size: 10pt; font-family: 'Titillium Web';\"><b>Dienst Zertifikat<\/b><\/span><\/td>\n<\/tr>\n<\/tbody>\n<\/table>\n<\/div>\n<p><strong><span style=\"font-family: 'Big Shoulders Text'; font-size: 24pt;\">Lebenslauf<\/span><\/strong><\/p>\n<p>Sharom wurde 2379 auf Andoria geboren. Als Sohn einer Zivilschiff-Designerin und eines Musikers wurde ihm vor allen Dingen eines in die Wiege und sein blaues Blut gelegt, ein f\u00fcr alles Kreative offener Geist. Der Familienclan, Traditionalisten von unbeutendem Rang in der andorianischen Gesellschaft pr\u00e4gten ihn stark. Der Prahma-Clan ist eher f\u00fcr seine K\u00fcnstler, als f\u00fcr seine Krieger bekannt.<\/p>\n<p>Obgleich Sharom auch auf eine k\u00fcnstlerisch ausgerichtete Schule ging, richteten sich seine Energien in der Jugend vor allen Dingen auf die reichlichen sportlichen und milit\u00e4rischen Angebote auf Andoria. Auf Wunsch seines Vaters versuchte er sich an verschiedenen Instrumenten, die er jedoch mangels Disziplin nie gut spielen lernte. Nach Beendigung der Schule wollte sich Sharom f\u00fcr keinen Berufsweg entscheiden. Diese Unentschlossenheit und die gleichzeitige Verbissenheit mit der er die Milit\u00e4rakademie Andorias absolvierte, ohne jedoch Pl\u00e4ne zu haben, sich beruflich in diese Richtung bewegen zu wollen machten seinem Clan gro\u00dfe Sorgen. Sharoms Ziellosigkeit gipfelte in dem ehrlosen, heimlichen Verlassen Andorias und zwei Jahre andauerndes Herumstromern im Alpha-Quadranten. Er arbeitete in Bars und Caf\u00e9s, genoss das Essen und die Musik der vielen Welten und versuchte seine aufkommenden Schuldgef\u00fchle dem Clan und der Familie so gut es ging zu verdr\u00e4ngen.<\/p>\n<p>Als er eines Tages in der Bordkantine eines Sternenflottenschiffes aushalf und von einem Offizier h\u00f6rte, dass die Aufnahmeverfahren f\u00fcr die Akademie kurz bevorst\u00fcnden, sah er dies als Chance mit seinem Clan ins Reine zu kommen. Eine Stellung als Sicherheitsoffizier in der Sternenflotte w\u00fcrde den Anspr\u00fcchen seiner Heimat mehr als gen\u00fcgen und ihn vor keine gr\u00f6\u00dferen Herausforderungen stellen.<\/p>\n<p><i>Akademie der Sternenflotte<\/i><br \/>\nObgleich er die Aufnahmepr\u00fcfung ohne gr\u00f6\u00dfere Schwierigkeiten bestand, waren seine Leistungen in allen Lernf\u00e4chern mangelhaft. Er glich dies durch seine Improvisationsgabe aus und schaffte dadurch knapp das erste Jahr.<\/p>\n<p>Zu Beginn des zweiten Jahres lernte er auf einer Akademiefeier die ehrgeizige Franz\u00f6sin Nathalie LaFermance kennen. In ihrem letzten Jahr auf der Akademie und kurz davor als viel versprechender medizinischer Nachwuchs eine aussichtsreiche Karriere in der Sternenflotte zu beginnen, half sie ihm bei den wissenschaftlichen F\u00e4chern. Um sie zu beeindrucken gab Sharom sein Vorhaben Sicherheitsoffizier zu werden auf und begeisterte sich nun f\u00fcr die Naturwissenschaften und die Medizin.<br \/>\nNeben Sharom interessierte sich noch ein anderer Student f\u00fcr Nathalie. Bob Simmons, im gleichen Jahrgang wie Sharom wurde nicht nur in der Buhlerei um Nathalie ein erbitterter Rivale. Sie trugen ihren Kampf auf s\u00e4mtlichen Gebieten aus, auf der Akademie, bei Sportwettk\u00e4mpfen und bei erbitterten Debatten im Kreise gemeinsamer Freunde aus. Ihre Rivalit\u00e4t wurde von beiden beinahe genossen und es stellte sich eine Hassliebe zwischen den beiden Konkurrenten ein. Wenige Wochen vor Nathalies Abschluss w\u00e4hnte er sich endlich am Ziel. Sie hatten eine kurze Liebesbeziehung.<\/p>\n<p>Zwei Tage vor Nathalies Abreise wurde Sharom kurzfristig f\u00fcr ein zweimonatiges Survival-Training eingeteilt. \u00fcbertrieb er kurz vor dem Abflug mit Absicht sein t\u00e4gliches Nahkampftraining und verletzte sich schwer an der Schulter, um die beiden Tage noch auf der Akademie zu bleiben.<\/p>\n<p>Doch als er sich mit schmerzender Schulter der Krankenstation n\u00e4herte, sah er dort Bob und Nathalie eng umschlungen. Die beiden, sprachlos durch sein pl\u00f6tzliches Auftauchen, sahen ihn stumm umkehren. Trotz der Verletzung trat er das Training an und absolvierte es erfolgreich. Den Rest der Akademie-Zeit brachte er stoisch hinter sich. Zu Nathalie nahm er erst Jahre sp\u00e4ter wieder Kontakt auf. Auf der Abschlusspr\u00fcfung lernte er Savella Linden kennen, mit der er sp\u00e4ter auf der USS Gallantry diente und sich mit ihr anfreundete.<\/p>\n<p>Sharom nahm an mehreren Missionen der USS Gallantry teil. Zun\u00e4chst war er CWI unter Cpt.Hubbard, sp\u00e4ter unter Cpt.McQueen bis er dann zum Ersten Offizier bef\u00f6rdert wurde. Als CWI kam er \u00fcberdurchschnittlich oft mit Subraum-Ph\u00e4nomen in Kontakt, eine Tatsache, welche ihn einerseits zu einem Experten auf dem Gebiet machten, andererseits auch dazu f\u00fchrte, dass er alles, was mit dem Subraum zu tun hat, verabscheut.<\/p>\n<p>Er freundete sich mit dem damaligen FLG der Gallantry, Marc T.Osborne an, der ihn dazu brachte Eishockey zu spielen. Sp\u00e4ter kam eine Freundschaft zu der CWI des Schiffes dazu: Savella Linden, welche er noch aus der Kadetten-Abschlussmission kannte, war sp\u00e4ter zur Mannschaft gesto\u00dfen.<\/p>\n<p>W\u00e4hrend der Missionen auf Myphari und Hesperia war er EO an dem Bruch sowohl der Ersten als auch der Temporalen Direktive beteiligt, die Anklage wurde jedoch fallen gelassen, Ventra kam mit einer Strafversetzung davon.<br \/>\nEr diente dann als taktischer Offizier einer kleinen Planetenforschungsstation am Rande des F\u00f6derationsraumes, wo er vor allen Dingen bei Laborarbeiten half und sich in taktischen Gebieten weiterbildete, wirklichen Gebrauch an einem TAK hatte die Station nicht.<br \/>\nAls TAK auf der USS Avalon diente er lediglich kurze Zeit, bevor er wegen seiner Subraum-Kenntnisse zum Sonderforschungsbereich &#8220;Subraumblasen&#8221; des Daystrom-Instituts bestellt wurde. Wegen der dann zu zahlreichen Kontakte zu Subraumanomalien und einer H\u00e4ufung nie gekl\u00e4rter Zwischenf\u00e4lle wurde er von dem Institut abgezogen und nach New Espen versetzt, vorerst ohne Erlaubnis den Planeten zu verlassen. Nach dem Verschwinden der USS Gallantry schloss er sich der geheimen Rettungsmission mit der alten Crew um Cpt. McQueen an, welche mit der USS Spirit of St.Louis den Verbleib der Gallantry ergr\u00fcnden wollte.<\/p>\n<p>Als bisher einzig bekannter \u00dcberlebender der Mission ist Ventra zum Schweigen dar\u00fcber verpflichtet und nach seiner R\u00fcckkehr in den F\u00f6derationsraum sofort in das weit entfernte Sternensystem Tizas strafversetzt worden, um dort mit einem kleinen Team zwei Planeten zu terraformen.<br \/>\nNach Abschluss acht Jahre dauernden Mission wurde er auf die Odyssey versetzt.<\/p>\n<p>&nbsp;<\/p>\n<p><strong><span style=\"font-family: 'Big Shoulders Text'; font-size: 18pt;\">Sternflottenlaufbahn:<\/span><\/strong><\/p>\n<p>2399-2403 Sternenflotten Akademie<br \/>\n2403-2405 CWI USS Gallantry<br \/>\n2404 Bef\u00f6rderung zum Lt. jg.<br \/>\n2405 Bef\u00f6rderung zum Lt. sg.<br \/>\n2405-2406 EO USS Gallantry, Bef\u00f6rderung zum Lt.Cmdr.<br \/>\n2408 Strafversetzung, TAK auf einer Forschungsstation USC Brahms<br \/>\n2410 Versetzung als TAK auf die USS Avalon<br \/>\n2411 Versetzung als WIS zum Daystrominstitut, SFB Subraumblasen<br \/>\n2412 Versetzung als CWI nach New Espen<br \/>\n2412-2414 WI USS Spirit of St. Louis<br \/>\n2414 -2422 Degradierung zum Lt. sg. Tizas, WI, Terraforming<br \/>\n2422- CWI, USS Odyssey<\/p>\n<hr \/>\n<p><span style=\"font-family: 'Big Shoulders Text'; font-size: 24pt;\">Psychologisches Profil<\/span><\/p>\n<p>F\u00fcr Ventra sind Schwierigkeiten nichts Negatives, sondern interessante Herausforderungen.<br \/>\nEr besitzt ein gehaltvolles Pflichtgef\u00fchl, sowie ein starkes Fairness-Empfinden, des Weiteren tr\u00e4gt er eine gute Portion andorianischen Stolzes in sich, der sich auch in Schuldgef\u00fchlen seiner Familie gegen\u00fcber ausdr\u00fcckt.<br \/>\nDiese hat nach der Strafversetzung den Kontakt zu ihm weitestgehend eingestellt.<\/p>\n<p>Seine immer schon vorhandene Neugier und Begeisterungsf\u00e4higkeit ist ungebrochen, er beh\u00e4lt sie nun aber mehr f\u00fcr sich. Im \u00dcbrigen teilt er die aggressive Impulsivit\u00e4t seines Volkes.<\/p>\n<p>Vom Herzen her ist er immer Wissenschaftler geblieben, daran \u00e4nderten auch die Zeiten als TAK nichts.<\/p>\n<p>Zu Nathalie hat er mittlerweile wieder Kontakt aufgenommen, sie schreiben sich in langen Abst\u00e4nden, es geht meist um wissenschaftliche Themen.<\/p>\n<hr \/>\n<p><strong><span style=\"font-family: 'Big Shoulders Text'; font-size: 24pt;\">St\u00e4rken &amp; Schw\u00e4chen<\/span><\/strong><\/p>\n<p><b>St\u00e4rken<\/b><\/p>\n<ul>\n<li>Sprachen: Andorianisch und Standard, sowie einige wenige Kenntnisse des Franz\u00f6sischen.<\/li>\n<li>Umfangreiche naturwissenschaftliche Kenntnisse, v.a. \u00fcber Xenobiologie und Subraumwissenschaften<\/li>\n<li>Hohe Kreativit\u00e4t \/ Improvisationstalent in all seinen Aktivit\u00e4ten.<\/li>\n<li>Ist ein f\u00fcr andorianische Ma\u00dfst\u00e4be passabler Nahk\u00e4mpfer<\/li>\n<\/ul>\n<p><b>Schw\u00e4chen<\/b><\/p>\n<ul>\n<li>Er ist ein wirklich miserabler Pilot, auch hat er nicht die geringste Lust dies zu \u00e4ndern.<\/li>\n<li>Dingen, die ihn nicht interessieren, kann er nur wenig Motiviation entgegenbringen.<\/li>\n<li>Er hat eine Vorliebe f\u00fcr unkonventionelle, mitunter drastische Probleml\u00f6sungen.<\/li>\n<li>Auch durch die lange Arbeit mit seinem ehemaligen CO McQueen hat er eine Abneigung gegen Paragraphenreiter und zu regelversessene Personen entwickelt.<\/li>\n<\/ul>\n<hr \/>\n<p><strong><span style=\"font-family: 'Big Shoulders Text'; font-size: 24pt;\">Hobbies<\/span><\/strong><\/p>\n<ul>\n<li>Lesen wissenschaftlicher Publikationen<\/li>\n<li>Jagen sofern eine M\u00f6glichkeit besteht<\/li>\n<li>Nahkampf (nicht oft, nur um in Form zu bleiben)<\/li>\n<li>immer mal wieder etwas Eishockey<\/li>\n<\/ul>\n<p><b>Vorlieben<\/b><\/p>\n<ul>\n<li>seine Vorliebe f\u00fcr Musicals hat nachgelassen, er h\u00f6rt nun lieber Blues<\/li>\n<\/ul>\n<p><b>Abneigungen<\/b><\/p>\n<ul>\n<li>Subraumanomalien<\/li>\n<li>sein Magen reagiert empfindlich auf Schwerelosigkeit<\/li>\n<\/ul>\n<p>Als geselliger Mensch und durch die Zeit vor der Akademie beeinflusst, genie\u00dft er das Nachtleben. Er l\u00e4sst es seit einiger Zeit aber etwas ruhiger angehen. Er isst sehr gerne Fleisch und ist neugierig auf unbekannte Speisen und Getr\u00e4nke.<\/p>\n<hr \/>\n<p><strong><span style=\"font-family: 'Big Shoulders Text'; font-size: 24pt;\">Medizinisches Profil<\/span><\/strong><\/p>\n<p>Die Antennen geben Sharom ein empfindliches Organ zur Geruchs- und Schallwahrnehmung seiner Umgebung. Ventra vertr\u00e4gt Schwerelosigkeit nicht gut. Seine schlecht verheilte Schulterverletzung bereitet ihm im zunehmenden Alter ab und zu Probleme, ansonsten ist er in guter Form.<\/p>\n<hr \/>\n<p><strong><span style=\"font-family: 'Big Shoulders Text'; font-size: 24pt;\">Klassifzierte Sektion<\/span><\/strong><\/p>\n<p>Ventra wurde damals \u00fcber das FKOM gegen den Willen Cpt.McQueens zum EO bef\u00f6rdert, um die Bedingungen einer temporalen Schleife zu erf\u00fcllen und gleichzeitig einen Wissenschaftsoffizier im Kommandostab des Schiffes zu haben.<br \/>\nDie beiden Offiziere verstie\u00dfen bei dieser Mission gegen die Temporale Direktive und die Erste Direktive. Die Anklage endete in einer Strafversetzung. \u00dcber die Mission der USS Spirit of St. Louis darf Ventra nicht sprechen, auch wurde nach seiner R\u00fcckkehr zum Lt. (sg.) degradiert und wieder strafversetzt.<\/p>\n<p>&nbsp;<\/p>\n<p>&nbsp;<\/p>\n","protected":false},"excerpt":{"rendered":"<p>Sharom Ventra &nbsp; Sharom Ventra Status PC Spieler S\u00f6ren K. Dienstliche Informationen Ranggrafik Rang Lt. Posten CWI Stationierung USS Artemis Biographische Informationen Geburtsjahr 2379 Geburtsort Dira, Andoria Familienstand ledig Mutter Taltu, Zivilschiff-Designerin Vater Mykos, Musiker Geschwister Joald (m), Noodi (w), Chesra (w), Farloo (m) Physische Beschreibung Spezies Andorianer Geschlecht m\u00e4nnlich Gr\u00f6\u00dfe 1,93 m (ohne F\u00fchler)&#8230;<\/p>\n<p class=\"more-link-wrap\"><a href=\"https:\/\/sf-germany.org\/einheiten\/uss-artemis\/crew\/besatzung\/inactive_sharom-ventra\/\" class=\"more-link\">Read More<span class=\"screen-reader-text\"> &ldquo;Sharom Ventra [INAKTIV]&rdquo;<\/span> &raquo;<\/a><\/p>\n","protected":false},"author":2,"featured_media":0,"parent":3736,"menu_order":10,"comment_status":"closed","ping_status":"closed","template":"","meta":{"footnotes":""},"class_list":["post-2794","page","type-page","status-publish","hentry"],"_links":{"self":[{"href":"https:\/\/sf-germany.org\/einheiten\/uss-artemis\/wp-json\/wp\/v2\/pages\/2794","targetHints":{"allow":["GET"]}}],"collection":[{"href":"https:\/\/sf-germany.org\/einheiten\/uss-artemis\/wp-json\/wp\/v2\/pages"}],"about":[{"href":"https:\/\/sf-germany.org\/einheiten\/uss-artemis\/wp-json\/wp\/v2\/types\/page"}],"author":[{"embeddable":true,"href":"https:\/\/sf-germany.org\/einheiten\/uss-artemis\/wp-json\/wp\/v2\/users\/2"}],"replies":[{"embeddable":true,"href":"https:\/\/sf-germany.org\/einheiten\/uss-artemis\/wp-json\/wp\/v2\/comments?post=2794"}],"version-history":[{"count":10,"href":"https:\/\/sf-germany.org\/einheiten\/uss-artemis\/wp-json\/wp\/v2\/pages\/2794\/revisions"}],"predecessor-version":[{"id":5239,"href":"https:\/\/sf-germany.org\/einheiten\/uss-artemis\/wp-json\/wp\/v2\/pages\/2794\/revisions\/5239"}],"up":[{"embeddable":true,"href":"https:\/\/sf-germany.org\/einheiten\/uss-artemis\/wp-json\/wp\/v2\/pages\/3736"}],"wp:attachment":[{"href":"https:\/\/sf-germany.org\/einheiten\/uss-artemis\/wp-json\/wp\/v2\/media?parent=2794"}],"curies":[{"name":"wp","href":"https:\/\/api.w.org\/{rel}","templated":true}]}}