{"id":2525,"date":"2021-06-13T22:28:25","date_gmt":"2021-06-13T20:28:25","guid":{"rendered":"http:\/\/www.sf-germany.org\/einheiten\/uss-odyssey\/?page_id=2525"},"modified":"2024-01-12T22:49:12","modified_gmt":"2024-01-12T21:49:12","slug":"taras","status":"publish","type":"page","link":"https:\/\/sf-germany.org\/einheiten\/uss-artemis\/crew\/besatzung\/char-archiv\/taras\/","title":{"rendered":"Taras"},"content":{"rendered":"<table style=\"background: none; border: 0px solid #ffffff; font-weight: bold;\" border=\"0\" width=\"95%\" cellspacing=\"5\" cellpadding=\"5\" align=\"center\">\n<tbody>\n<tr>\n<td style=\"background: none; border-radius: 1em; border: 0px solid #003366; box-shadow: 0.1em 0.1em 0.5em rgba(0,0,0,0.75); -webkit-border-radius: 1em; -moz-border-radius: 1em; -moz-box-shadow: 0.1em 0.1em 0.5em rgba(0, 0, 0, 0.75); -webkit-box-shadow: 0.1em 0.1em 0.5em rgba(0, 0, 0, 0.75);\" colspan=\"5\" rowspan=\"3\" align=\"center\" valign=\"middle\">\n<h2><strong>TaRas Yog\u2019Sothotoh RaHasatan<\/strong><\/h2>\n<\/td>\n<\/tr>\n<\/tbody>\n<\/table>\n<p>&nbsp;<\/p>\n<div style=\"float: left; margin-right: 15px; margin-bottom: 15px; font-size: 11px; width: 300px; padding-left: 10px; padding-right: 10px;\">\n<table style=\"background: none; border: 0px solid #003366; margin-bottom: 15px; margin-right: 15px; float: left; border-radius: 1em; box-shadow: rgba(0, 0, 0, 0.75) 0.1em 0.1em 0.5em; width: 82.668%;\" border=\"1\" width=\"250\" cellspacing=\"10\" align=\"right\">\n<tbody>\n<tr>\n<td style=\"border: 0px solid transparent; font-weight: bold; width: 87.9518%;\" colspan=\"2\" align=\"center\" width=\"250\"><a href=\"https:\/\/sf-germany.org\/einheiten\/uss-artemis\/wp-content\/uploads\/2022\/09\/Nopic-1.png\" rel=\"lightbox-0\"><img loading=\"lazy\" decoding=\"async\" class=\"aligncenter wp-image-3749\" src=\"https:\/\/sf-germany.org\/einheiten\/uss-artemis\/wp-content\/uploads\/2022\/09\/Nopic-1.png\" alt=\"\" width=\"150\" height=\"225\" \/><\/a><\/td>\n<\/tr>\n<tr>\n<td style=\"border: 0px solid transparent; font-weight: bold; width: 87.9518%;\" colspan=\"2\" align=\"center\" width=\"250\">TaRas Yog\u2019Sothotoh RaHasatan<\/td>\n<\/tr>\n<tr>\n<td style=\"border: 0px solid transparent; font-weight: bold; width: 40.9639%;\" align=\"right\" width=\"111\">Rufname<\/td>\n<td style=\"border: 0px solid transparent; width: 46.988%;\" align=\"left\" width=\"129\">Taras RaHasatan<\/td>\n<\/tr>\n<tr>\n<td style=\"border: 0px solid transparent; font-weight: bold; width: 40.9639%;\" align=\"right\" width=\"111\">Status<\/td>\n<td style=\"border: 0px solid transparent; width: 46.988%;\" align=\"left\" width=\"129\">PC<\/td>\n<\/tr>\n<tr>\n<td style=\"border: 0px solid transparent; font-weight: bold; width: 40.9639%;\" align=\"right\" width=\"111\">Spieler<\/td>\n<td style=\"border: 0px solid transparent; width: 46.988%;\" align=\"left\" width=\"129\">Phil B.<\/td>\n<\/tr>\n<tr>\n<td style=\"background: #555555; border: 0px solid #003366; font-weight: bold; border-radius: 1em; box-shadow: rgba(0, 0, 0, 0.75) 0.1em 0.1em 0.5em; width: 87.9518%;\" colspan=\"2\" align=\"center\" width=\"240\">Dienstliche Informationen<\/td>\n<\/tr>\n<tr>\n<td style=\"border: 0px solid transparent; font-weight: bold; vertical-align: middle; width: 40.9639%;\" align=\"right\" width=\"111\">Ranggrafik<\/td>\n<td style=\"border: 0px solid transparent; width: 46.988%;\" align=\"left\" width=\"129\"><a href=\"https:\/\/sf-germany.org\/einheiten\/uss-artemis\/wp-content\/uploads\/2022\/09\/r-o1-1.png\" rel=\"lightbox-1\"><img loading=\"lazy\" decoding=\"async\" class=\"size-full wp-image-3527 alignleft\" src=\"https:\/\/sf-germany.org\/einheiten\/uss-artemis\/wp-content\/uploads\/2022\/09\/r-o1-1.png\" alt=\"Ensign\" width=\"128\" height=\"32\" \/><\/a><\/td>\n<\/tr>\n<tr>\n<td style=\"border: 0px solid transparent; font-weight: bold; width: 40.9639%;\" align=\"right\" width=\"111\">Rang<\/td>\n<td style=\"border: 0px solid transparent; width: 46.988%;\" align=\"left\" width=\"129\">Ensign<\/td>\n<\/tr>\n<tr>\n<td style=\"border: 0px solid transparent; font-weight: bold; width: 40.9639%;\" align=\"right\" width=\"111\">Posten<\/td>\n<td style=\"border: 0px solid transparent; width: 46.988%;\" align=\"left\" width=\"129\">FLG<\/td>\n<\/tr>\n<tr>\n<td style=\"border: 0px solid transparent; font-weight: bold; width: 40.9639%;\" align=\"right\" width=\"111\">Stationierung<\/td>\n<td style=\"border: 0px solid transparent; width: 46.988%;\" align=\"left\" width=\"129\">USS Artemis<\/td>\n<\/tr>\n<tr>\n<td style=\"background: #555555; border: 0px solid #003366; font-weight: bold; border-radius: 1em; box-shadow: rgba(0, 0, 0, 0.75) 0.1em 0.1em 0.5em; width: 87.9518%;\" colspan=\"2\" align=\"center\" width=\"250\">Biographische Informationen<\/td>\n<\/tr>\n<tr>\n<td style=\"border: 0px solid transparent; font-weight: bold; width: 40.9639%;\" align=\"right\" width=\"111\">Geburtsdatum<\/td>\n<td style=\"border: 0px solid transparent; width: 46.988%;\" align=\"left\" width=\"129\">94.Tarag \/\/ 21.11.2394<\/td>\n<\/tr>\n<tr>\n<td style=\"border: 0px solid transparent; font-weight: bold; width: 40.9639%;\" align=\"right\" width=\"111\">Geburtsort<\/td>\n<td style=\"border: 0px solid transparent; width: 46.988%;\" align=\"left\" width=\"129\">Efros-Delta, Provinz Tzim<\/td>\n<\/tr>\n<tr>\n<td style=\"border: 0px solid transparent; font-weight: bold; width: 40.9639%;\" align=\"right\" width=\"111\">Familienstand<\/td>\n<td style=\"border: 0px solid transparent; width: 46.988%;\" align=\"left\" width=\"129\">ledig<\/td>\n<\/tr>\n<tr>\n<td style=\"border: 0px solid transparent; font-weight: bold; width: 40.9639%;\" align=\"right\" width=\"111\">Vater<\/td>\n<td style=\"border: 0px solid transparent; width: 46.988%;\" align=\"left\" width=\"129\">RasTor Yog\u2019Sothotoh RaHasatan<\/td>\n<\/tr>\n<tr>\n<td style=\"border: 0px solid transparent; font-weight: bold; width: 40.9639%;\" align=\"right\" width=\"111\">Mutter<\/td>\n<td style=\"border: 0px solid transparent; width: 46.988%;\" align=\"left\" width=\"129\">Lenaar\u2019Kir Va Lassan<\/td>\n<\/tr>\n<tr>\n<td style=\"background: #555555; border: 0px solid #003366; font-weight: bold; border-radius: 1em; box-shadow: rgba(0, 0, 0, 0.75) 0.1em 0.1em 0.5em; width: 87.9518%;\" colspan=\"2\" align=\"center\" width=\"250\">Physische Beschreibung<\/td>\n<\/tr>\n<tr>\n<td style=\"border: 0px solid transparent; font-weight: bold; width: 40.9639%;\" align=\"right\" width=\"111\">Spezies<\/td>\n<td style=\"border: 0px solid transparent; width: 46.988%;\" align=\"left\" width=\"129\">Efrosianer (Selbstbezeichnung der Spezies: Atreoniden)<\/td>\n<\/tr>\n<tr>\n<td style=\"border: 0px solid transparent; font-weight: bold; width: 40.9639%;\" align=\"right\" width=\"111\">Geschlecht<\/td>\n<td style=\"border: 0px solid transparent; width: 46.988%;\" align=\"left\" width=\"129\">m\u00e4nnlich<\/td>\n<\/tr>\n<tr>\n<td style=\"border: 0px solid transparent; font-weight: bold; width: 40.9639%;\" align=\"right\" width=\"111\">Gr\u00f6\u00dfe<\/td>\n<td style=\"border: 0px solid transparent; width: 46.988%;\" align=\"left\" width=\"129\">1,82<\/td>\n<\/tr>\n<tr>\n<td style=\"border: 0px solid transparent; font-weight: bold; width: 40.9639%;\" align=\"right\" width=\"111\">Gewicht<\/td>\n<td style=\"border: 0px solid transparent; width: 46.988%;\" align=\"left\" width=\"129\">98 kg<\/td>\n<\/tr>\n<tr>\n<td style=\"border: 0px solid transparent; font-weight: bold; width: 40.9639%;\" align=\"right\" width=\"111\">Haarfarbe<\/td>\n<td style=\"border: 0px solid transparent; width: 46.988%;\" align=\"left\" width=\"129\">wei\u00df (h\u00e4ufig zu einem Zopf gebunden)<\/td>\n<\/tr>\n<tr>\n<td style=\"border: 0px solid transparent; font-weight: bold; width: 40.9639%;\" align=\"right\" width=\"111\">Augenfarbe<\/td>\n<td style=\"border: 0px solid transparent; width: 46.988%;\" align=\"left\" width=\"129\">blau<\/td>\n<\/tr>\n<tr>\n<td style=\"background: #555555; border: 0px solid #003366; font-weight: bold; border-radius: 1em; box-shadow: rgba(0, 0, 0, 0.75) 0.1em 0.1em 0.5em; width: 87.9518%;\" colspan=\"2\" align=\"center\" width=\"250\">Politische Informationen<\/td>\n<\/tr>\n<tr>\n<td style=\"border: 0px solid transparent; font-weight: bold; width: 40.9639%;\" align=\"right\" width=\"111\">B\u00fcrgerschaft<\/td>\n<td style=\"border: 0px solid transparent; width: 46.988%;\" align=\"left\" width=\"129\">UFP<\/td>\n<\/tr>\n<tr>\n<td style=\"border: 0px solid transparent; font-weight: bold; width: 40.9639%;\" align=\"right\" width=\"111\">\u00a0Religion<\/td>\n<td style=\"border: 0px solid transparent; width: 46.988%;\" align=\"left\" width=\"129\">efrosianische Religion<\/td>\n<\/tr>\n<tr style=\"height: 36px;\">\n<td style=\"background: #555555; border: 0px solid #003366; font-weight: bold; border-radius: 1em; box-shadow: rgba(0, 0, 0, 0.75) 0.1em 0.1em 0.5em; height: 36px; width: 87.9518%;\" colspan=\"2\" align=\"center\" width=\"240\"><span style=\"font-size: 10pt; font-family: 'Titillium Web';\">Orden und Auszeichnungen<\/span><\/td>\n<\/tr>\n<tr style=\"height: 18px;\">\n<td style=\"border: 0px solid transparent; font-weight: bold; height: 18px; width: 40.9639%;\" align=\"right\" width=\"111\"><span style=\"font-size: 10pt; font-family: 'Titillium Web';\">Space Medal<\/span><\/td>\n<td style=\"border: 0px solid transparent; height: 18px; width: 46.988%;\" align=\"left\" width=\"129\"><span style=\"font-size: 10pt; font-family: 'Titillium Web';\"><img loading=\"lazy\" decoding=\"async\" class=\"alignnone wp-image-3663\" src=\"https:\/\/sf-germany.org\/einheiten\/uss-artemis\/wp-content\/uploads\/2022\/12\/Space-Metal_Spange.png\" alt=\"\" width=\"110\" height=\"32\" \/><\/span><\/td>\n<\/tr>\n<tr style=\"height: 18px;\">\n<td style=\"border: 0px solid transparent; font-weight: bold; height: 18px; width: 40.9639%;\" align=\"right\" width=\"111\"><span style=\"font-size: 10pt; font-family: 'Titillium Web';\">Vh\u2018oga Ribbon<\/span><\/td>\n<td style=\"border: 0px solid transparent; height: 18px; width: 46.988%;\" align=\"left\" width=\"129\"><span style=\"font-size: 10pt; font-family: 'Titillium Web';\"><img loading=\"lazy\" decoding=\"async\" class=\"alignnone wp-image-3663\" src=\"https:\/\/sf-germany.org\/einheiten\/uss-artemis\/wp-content\/uploads\/2022\/10\/Vhoga_Spange.png\" alt=\"\" width=\"110\" height=\"32\" \/><\/span><\/td>\n<\/tr>\n<tr style=\"height: 305px;\">\n<td style=\"border: 0px solid transparent; font-weight: bold; height: 180px; width: 87.9518%;\" colspan=\"2\" align=\"center\" width=\"240\"><span style=\"font-family: 'Titillium Web';\"><a href=\"https:\/\/sf-germany.org\/einheiten\/uss-artemis\/wp-content\/uploads\/2022\/12\/Taras_Arti.jpg\" rel=\"lightbox-2\"><img loading=\"lazy\" decoding=\"async\" class=\"aligncenter wp-image-3670\" src=\"https:\/\/sf-germany.org\/einheiten\/uss-artemis\/wp-content\/uploads\/2022\/12\/Taras_Arti.jpg\" alt=\"\" width=\"180\" height=\"255\" \/><\/a><\/span><\/td>\n<\/tr>\n<tr style=\"height: 18px;\">\n<td style=\"border: 0px solid transparent; font-weight: bold; height: 18px; width: 87.9518%;\" colspan=\"2\" align=\"center\" width=\"240\"><span style=\"font-size: 10pt; font-family: 'Titillium Web';\"><b>Dienst Zertifikat<\/b><\/span><\/td>\n<\/tr>\n<\/tbody>\n<\/table>\n<\/div>\n<p><strong><span style=\"font-family: 'Big Shoulders Text'; font-size: 24pt;\">Aussehen<\/span><\/strong><\/p>\n<p>Taras tr\u00e4gt seine langen Haare h\u00e4ufig untypisch zu einem Pferdeschwanz zusammengebunden. Seine Augen sind kristallblau und seine Hautfarbe ist bronze. Er tr\u00e4gt an seinem rechten Arm \u00fcber der Uniform zwei Armreifen. Einen goldfarbenen \u00fcber dem Ellenbogen und einen eisblaufarbenen unterhalb. Auf den Ringen sind efrosianische Zeichen eingraviert, die ihn sch\u00fctzen und im Kampf Kraft verleihen sollen. Er hat diese Armreifen von seiner Mutter erhalten, als er Efros-Delta verlassen hat.<\/p>\n<p>Abgesehen von den Haaren ist sein Erscheinungsbild typisch f\u00fcr einen Efrosianer.<\/p>\n<p><strong><span style=\"font-family: 'Big Shoulders Text'; font-size: 24pt;\">Lebenslauf<\/span><\/strong><\/p>\n<p>F\u00fcnf Tage vor TaRas Niederkunft f\u00e4rbte sich ein naher Bach blutrot, vier Tage davor war aus den W\u00e4ldern um die Siedlung ein dumpfes Grollen zu h\u00f6ren. F\u00fcr die streng traditionellen Efrosianer der Siedlung waren dies klare Zeichen, dass der Warrior Priest der Region Tzim, Rastor Ygg RaHasatan, TaRas Vater, seinen langersehnten Nachkommen erhalten w\u00fcrde. Drei Tage vor der Geburt setzte das But\u2019Rach ein, ein Gewitter das bis zur Geburt anhalten sollte. Rastor Ygg RaHasatan verlie\u00df darauf hin das Haus um bei den G\u00f6ttern f\u00fcr eine Geburt zu bitten, die einem zuk\u00fcnftigen Warrior Priest angemessen war.<\/p>\n<p>Die Geburt war f\u00fcr Lenaar\u2019Kir Va Lassan, TaRas Mutter hart. Sie zog sich \u00fcber drei Tage hin und brachte die Mutter an den Rand des Zusammenbruchs. Die weiblichen Efrosianerinnen eilten ihr zu Hilfe und nur weil zwei davon medizinisch ausgebildet waren, konnte verhindert werden, dass Lenaar\u2019Kir und TaRas bei der Geburt starben.<\/p>\n<p>Lenaar\u2019Kir und TaRas waren wochenlang von der Geburt geschw\u00e4cht. W\u00e4hrend Rastor auf die traditionelle Versorgung durch die Dorfgemeinschaft pochte, entschied sich Lenaar\u2019Kir, die Hilfe der Sternenflotte im Raumhafen von Efros-Delta in Anspruch zu nehmen. Zusammen mit zwei weiteren weiblichen Efrosianerinnen aus der Siedlung machten sich Lenaar\u2019Kir und TaRas auf den Weg. Um dem Unmut der Siedlunsgbewohner zu entgehen, enschieden sie sich, nachts auf den Weg zu machen.<\/p>\n<p>Auf dem Raumhafen k\u00fcmmerten sich das medizinische Personal der Sternenflotte um Mutter und Sohn. Es stellte sich heraus, dass aufgrund eines in der Familie Lenaar\u2019Kirs unentdeckten Gendefekts das Immunsystem beider stark angegriffen war. Die Behandlung des Gendefekts erwies sich als nicht weiter kompliziert, so dass sie nach einer Woche zur\u00fcckkonnten. Allerdings mussten sowohl Lenaar\u2019Kir als auch TaRas in den n\u00e4chsten Jahren regelm\u00e4\u00dfig zu ambulanten Routineuntersuchungen in den Raumhafen.<br \/>\nIn der Siedlung d\u00e4mpfte sich der Unmut etwas dar\u00fcber, da viele einsahen, dass tats\u00e4chlich Lebensgefahr f\u00fcr beide bestanden hatte. Einige wenige streng traditionellen Efrosianer verurteilten das Vorgehen der Mutter aber als traditionsbr\u00fcchig und warfen ihr fehlenden Glauben vor.<\/p>\n<p>Rastor war wenig begeistert vom Vorgehen seiner Frau. Seine Aufgabe als Warrior Priest sah er auch darin, die Traditionen der Efrosianer streng zu bewahren. Er glaubte an die Kraft des eigenen Volks, dass sich als Kolonisten auf dem Eisplaneten Efros-Delta angesiedelt und mit Hilfe der G\u00f6tter \u00fcberlebt hatte. Die Technologie der F\u00f6deration lehnte er ab. F\u00fcr ihn war es wichtig, das eigene Leben trotz der technischen M\u00f6glichkeiten an den Traditionen zu orientieren. Um die Routineuntersuchungen im Raumhafen entbrannte heftiger Streit in der Familie und Rastor sah seine Rolle als Vorsteher in Frage gestellt.<\/p>\n<p>Lenaar\u2019Kir setzte sich durch und damit den ersten Axthieb an das traditionelle Familienbild der Efrosianer. \u00dcber die n\u00e4chsten zehn Jahre lie\u00dfen sich Lenaar\u2019Kir und TaRas von Dr. Anders Jok auf dem Raumhafen von Efros-Delta untersuchen. Zwischen TaRas und dem Sternenflottenoffizier entwickelte sich ein intensives Vertrauensverh\u00e4ltnis.<\/p>\n<p>Rastor bem\u00fchte sich weiterhin, TaRas traditionell zu erziehen und ihn von Beginn an auf die Rolle des Warrior Priest vorzubereiten. Der Junge wurde neben der klassischen schulischen Bildung vertieft in die Religion, Kulte und Geschichte der Efrosianer eingef\u00fchrt. Er bew\u00e4hrte sich bei der Jagd und eignete sich intensiv die Traditionen der Efrosianer an. Besonders die vermutete Abstammung von den Klingonen faszinierte ihn. Durch seine schulische Bildung war TaRas bewusst, dass die Efrosianer Teil der F\u00f6deration und diese ein interstellarer Staatenbund aus vielen V\u00f6lkern war, aber der Junge hatte zu diesem Zeitpunkt noch keinen Klingonen gesehen. Er sprach seinen Vater auf die Herkunft an, Rastor blieb bei der Frage zur\u00fcckhaltend und konnte der Neugierde seines Sohnes nicht begegnen. So sehr es in freute, dass sich TaRas in die Kultur und Kulte der Efrosianer einarbeitete, so sehr missfiel ihm seine kritische Auseinandersetzung damit.<\/p>\n<p>Bei seiner j\u00e4hrlichen Untersuchung auf dem Raumhafen sprach TaRas Dr. Jok auf seine Studien an. Der Arzt ging auf die Fragen ein und stellte TaRas Sternenkarten und biologischen Daten zur Abstammung der Efrosianer von den Klingonen zur Verf\u00fcgung. Der Sternenflottenoffizier ermutigte TaRas mit seinen Studien fortzufahren und ihn h\u00e4ufiger auf dem Raumhafen zu besuchen um Repr\u00e4sentanten verschiedenster Kulturen zu erleben.<\/p>\n<p>Voller Stolz berichtete TaRas von der Einladung des Arztes seinem Vater. Dieser ist davon nicht begeistert und verbat TaRas seine Studien. Lenaar\u2019Kir, die sich von ihrem Mann seit der Geburt immer weiter distanzierte, ergriff f\u00fcr ihren Sohn Partei und wies Rastor deutlich zur\u00fcck. Sie konnte es ihm noch immer nicht verzeihen, dass er sich weigerte, die medizinische Untersuchung nach der Geburt gut zu hei\u00dfen und zu unterst\u00fctzen.<\/p>\n<p>TaRas besch\u00e4ftigte sich weiter mit seinen Studien, besuchte den Raumhafen h\u00e4ufiger und lernte so Geschichten von andern V\u00f6lkern kennen. Er begann immer mehr einige von seinem Vater als wichtige bezeichnetet Elemente der efrosianischen Kultur zu hinterfragen. So fand er heraus, dass nicht jede Geburt eines Warrior Priest von dem Wetterph\u00e4nomen But\u2019Rach begleitet wurde. TaRas kann nachweisen, dass auch Geburten von Schneefall oder Sonnenschein begleitet werden und nicht alle Warrior Priest immer per Nachkommenschaft erw\u00e4hlt sind. In seinem Forscherdrang zeigte er seinem Vater die Ergebnisse, die dieser erneut harsch zur\u00fcckwies.<\/p>\n<p>Das Verh\u00e4ltnis der drei verschlechterte sich immer weiter. Lenaar\u2019Kir unterst\u00fctzte ihren Sohn und seine Exkursionen zum Raumhafen, da er dort schnell seine Neugierde stillen kann. Sie stellte das enge Befolgen der Tradition immer mehr in Frage und f\u00fchlte sich darin best\u00e4rkt, da sie sah wie sich TaRas entwickelte. TaRas war beliebt, gut in der Schule und folgte den efrosianische Traditionen, auch wenn er sich kritisch mit ihnen besch\u00e4ftigte. In ihren Augen nahm er auf eine ganz nat\u00fcrliche Art und Weise wahr, dass es im Universum mehr gab als Efros-Delta und dass er sich nach kurzer Zeit sicher durch die astronomischen Karten der Sternenflotte bewegen konnte. Er sprach mit der Zeit h\u00e4ufiger davon, dass er Efros-Delta verlassen wollte um mit der Sternenflotte das Universum zu erkunden.<\/p>\n<p>Rastor konnte nicht zwischen der Kritik an der efrosianischen Kultur und seiner Person unterscheiden. Er erkannte, dass sich TaRas immer mehr von dem strengen Einhalten der efrosianischen Kultur entfernte und musste sich irgendwann eingestehen, dass er nicht der Warriors Priest werden w\u00fcrde, den Rastor sich w\u00fcnschte. Anstatt auf seinen Sohn zuzugehen, torpedierte er jede weitere Besch\u00e4ftigung mit anderen Themen als der efrosianischen Kultur und vertiefte so umso mehr den Graben zwischen allen Familienmitgliedern.<\/p>\n<p>An seinem 18. Geburtstag stellte Rastor TaRas recht unverbl\u00fcmt vor die Wahl. Er solle sich entscheiden, ob er dem traditionellen Weg folgen werde oder nicht. TaRas erbat sich eine Woche Bedenkzeit. Nach dieser Woche er\u00f6ffnete er seinen Eltern, dass er sich f\u00fcr eine Aufnahme in die Sternenflotte beworben hatte. Rastor warf ihn daraufhin aus dem Haus.<\/p>\n<p>Aufgeregt nahm TaRas an der Aufnahmepr\u00fcfung der Sternenflottenakademie teil. Da diese in diesem Jahr auch auf Efros-Delta abgenommen wurde, konnte ihn seine Mutter ohne weiteres begleiten. TaRas wurde aufgenommen und verlie\u00df am gleichen Tag Efros-Delta. Seine Mutter und Dr. Anders Jok verabschiedete ihn herzlich und stolz vom Raumhafen.<\/p>\n<p>Sein anfanghaftes Heimweh l\u00f6ste sich in San Francisco erst mit der Zeit. Als er seine Kommilitonen kennenlernte, musste er schnell erkennen, dass ein offenes Zusammenleben, wie auf Efros-Delta \u00fcblich, nicht gew\u00fcnscht war. Er z\u00fcgelte daraufhin seine Empathie und lernte \u00fcber verbale Kommunikation mit seinen Kommilitonen zu interagieren. Mit der Zeit gelang es ihm, auch auf diese Art und Weise Kontakt aufzunehmen und Freundschaften aufzubauen.<\/p>\n<p>Gleichzeitig entdeckte er auf der Erde die eisige Region Gr\u00f6nlands, in der er sich schnell heimisch f\u00fchlte. Immer wenn er sich nach Efros-Delta sehnte, zog er sich einige Tage in die Polarregion zur\u00fcck.<\/p>\n<p>W\u00e4hrend seiner Zeit in San Francisco besuchte er kein einziges Mal seine Heimat Efros-Delta. Eine Zeit lang schrieb er seinem Vater Briefe, doch diese wurden nicht beantwortet. Ab und an pflegte er Kontakt mit seiner Mutter.<\/p>\n<p>Seine Schwerpunktf\u00e4cher waren Steuerung\/Navigation und Operations.<\/p>\n<p>Nach Erhalt des Offizierspatents wurde Taras auf die USS Odyssey als FLG versetzt.<\/p>\n<p><i>Die Bedeutung des Namens:<\/i><\/p>\n<p>In der efrosianischen Kultur haben Namen eine besondere Bedeutung. Die Namen sind nicht zuf\u00e4llig gew\u00e4hlt.<\/p>\n<p>TaRas (Schrift: Taras) bedeutet Sohn des Ras. Wie es geschrieben wird ist in der Kultur der Efrosianer nicht entscheidend, sondern die Betonung.<\/p>\n<p>Der Zweitname Yog\u2019Sothotoh ist Personen au\u00dferhalb der efrosianischen Kultur nicht bekannt und bezieht sich auf den Glauben der Efrosianer. Vermutung legen nahe, dass die Zweitnamen Bezeichnungen f\u00fcr Gottheiten sind. Es gibt eine \u00fcberlieferte Aufz\u00e4hlung diverser Gottheiten, doch die Namen sind unterschiedlich geschrieben und nach Ansicht diverser Linguisten kaum korrekt aussprechbar. Daher l\u00e4sst sich aus dem Namen, wenn er den bekannt wird, kaum etwas ableiten.<\/p>\n<p>RaHasatan ist eine gel\u00e4ufige Bezeichnung in der efrosianischen Gesellschaft und bedeutet \u201eder Dunkle\u201c Das bezieht sich auf die Umst\u00e4nde der Geburt. Allerdings gilt hier vermutlich, dass nicht die Haarfarbe gemeint ist, sondern das er in der Nacht geboren wurde.<\/p>\n<hr \/>\n<p><strong><span style=\"font-family: 'Big Shoulders Text'; font-size: 24pt;\">Tabellarischer Lebenslauf<\/span><\/strong><\/p>\n<ul>\n<li>2394 Geburt auf Efros-Delta<\/li>\n<li>2412 Wechsel auf die Sternenflottenakademie<\/li>\n<li>2416 Abschluss der Akademie, Versetzung auf die USS Odyssey als FLG<\/li>\n<\/ul>\n<hr \/>\n<h2><strong><span style=\"font-family: 'Big Shoulders Text'; font-size: 24pt;\">Psychologisches Profil<\/span><\/strong><\/h2>\n<p>Als Efrosianer ist TaRas stark emphatisch, ohne ein Telepath zu sein. War es auf Efros-Delta \u00fcblich, in offenen Gemeinschaften zu leben, so musste er auf der Akademie lernen, dass andere V\u00f6lker darauf keinen wert legten. TaRas musste lernen, auf andere Art und Weisen soziale Interaktion zu \u00fcben und sich mehr verbale Kommunikation zu st\u00fctzen. Sein stark ausgepr\u00e4gte Neugierde half ihm dabei sehr &#8211; es handelte sich dabei letztendlich um die Frage, einen f\u00fcr ihn neuen Weg des Miteinanders zu finden.<\/p>\n<p>Intimit\u00e4t nimmt er als Mittel der Kommunikation und es guten Zusammenlebens wahr.<\/p>\n<p>Das sein Vater sich weigert, mit ihm Kontakt zu halten, verletzt ihn mehr, als er es zugeben w\u00fcrde. Auch wenn er seinen Weg nicht anders gehen w\u00fcrde, vermisst er seine Heimat gelegentlich. Er zieht sich dann in seine Traditionen und religi\u00f6sen Kulte zur\u00fcck. Um ein wenig Kontakt mit seiner Heimat zu bewahren, h\u00e4lt er regelm\u00e4\u00dfig Kontakt mit seiner Mutter.<\/p>\n<p>Auch wenn er durch seinen Neugierde den Weg zu Wissenschaft und Differenzierung gefunden hat, so ist es sich noch immer sicher, dass Religion, Mystik und R\u00fcckbindung an Rituale notwendig sind. Er ist nach wie vor ein Anh\u00e4nger der mysteri\u00f6sen Religion der Efrosianer, da er noch immer Einfl\u00fcsse und Kr\u00e4fte sieht, die er nicht erkl\u00e4ren kann.<\/p>\n<hr \/>\n<p><strong><span style=\"font-family: 'Big Shoulders Text'; font-size: 24pt;\">Hobbies<\/span><\/strong><\/p>\n<p>Um sich k\u00f6rperlich fit zu halten und einer starken Gewichtsszunahme (siehe Speziesbeschreibung) zu begegnen treibt TaRas viel Kampfsport. Er sucht dazu immer Sparingspartner oder neue Holoabenteuer.<\/p>\n<p>Um seine Gedanken und seinen Geist zu sammeln, hat er sich angew\u00f6hnt zu t\u00f6pfern. Aus Ton stellt er Gef\u00e4\u00dfe her, die er dann mit Szenen aus der efrosianischen Kultur verziert.<\/p>\n<hr \/>\n<p><strong><span style=\"font-family: 'Big Shoulders Text'; font-size: 24pt;\">Medizinisches Profil<\/span><\/strong><\/p>\n<p>TaRas K\u00f6rper ist trainiert und die \u00fcblichen Krankheiten seiner Spezies sind ohne weitere R\u00fcckst\u00e4nde ausgeheilt. Der Gendefekt wurde durch die langj\u00e4hrige Behandlung ausgeheilt und auch hier sind keine weitere R\u00fcckst\u00e4nde erkennbar.<\/p>\n<p>Spezifische physiologische Daten siehe Speziesbeschreibung.<\/p>\n<hr \/>\n<p><span style=\"font-family: 'Big Shoulders Text'; font-size: 24pt;\">Klassifzierte Sektion<\/span><\/p>\n<p>&#8211;<\/p>\n<p>&nbsp;<\/p>\n<p>&nbsp;<\/p>\n","protected":false},"excerpt":{"rendered":"<p>TaRas Yog\u2019Sothotoh RaHasatan &nbsp; TaRas Yog\u2019Sothotoh RaHasatan Rufname Taras RaHasatan Status PC Spieler Phil B. Dienstliche Informationen Ranggrafik Rang Ensign Posten FLG Stationierung USS Artemis Biographische Informationen Geburtsdatum 94.Tarag \/\/ 21.11.2394 Geburtsort Efros-Delta, Provinz Tzim Familienstand ledig Vater RasTor Yog\u2019Sothotoh RaHasatan Mutter Lenaar\u2019Kir Va Lassan Physische Beschreibung Spezies Efrosianer (Selbstbezeichnung der Spezies: Atreoniden) Geschlecht m\u00e4nnlich&#8230;<\/p>\n<p class=\"more-link-wrap\"><a href=\"https:\/\/sf-germany.org\/einheiten\/uss-artemis\/crew\/besatzung\/char-archiv\/taras\/\" class=\"more-link\">Read More<span class=\"screen-reader-text\"> &ldquo;Taras&rdquo;<\/span> &raquo;<\/a><\/p>\n","protected":false},"author":2,"featured_media":0,"parent":4455,"menu_order":3,"comment_status":"closed","ping_status":"closed","template":"","meta":{"footnotes":""},"class_list":["post-2525","page","type-page","status-publish","hentry"],"_links":{"self":[{"href":"https:\/\/sf-germany.org\/einheiten\/uss-artemis\/wp-json\/wp\/v2\/pages\/2525","targetHints":{"allow":["GET"]}}],"collection":[{"href":"https:\/\/sf-germany.org\/einheiten\/uss-artemis\/wp-json\/wp\/v2\/pages"}],"about":[{"href":"https:\/\/sf-germany.org\/einheiten\/uss-artemis\/wp-json\/wp\/v2\/types\/page"}],"author":[{"embeddable":true,"href":"https:\/\/sf-germany.org\/einheiten\/uss-artemis\/wp-json\/wp\/v2\/users\/2"}],"replies":[{"embeddable":true,"href":"https:\/\/sf-germany.org\/einheiten\/uss-artemis\/wp-json\/wp\/v2\/comments?post=2525"}],"version-history":[{"count":9,"href":"https:\/\/sf-germany.org\/einheiten\/uss-artemis\/wp-json\/wp\/v2\/pages\/2525\/revisions"}],"predecessor-version":[{"id":4840,"href":"https:\/\/sf-germany.org\/einheiten\/uss-artemis\/wp-json\/wp\/v2\/pages\/2525\/revisions\/4840"}],"up":[{"embeddable":true,"href":"https:\/\/sf-germany.org\/einheiten\/uss-artemis\/wp-json\/wp\/v2\/pages\/4455"}],"wp:attachment":[{"href":"https:\/\/sf-germany.org\/einheiten\/uss-artemis\/wp-json\/wp\/v2\/media?parent=2525"}],"curies":[{"name":"wp","href":"https:\/\/api.w.org\/{rel}","templated":true}]}}