{"id":1908,"date":"2020-08-03T22:16:28","date_gmt":"2020-08-03T20:16:28","guid":{"rendered":"http:\/\/www.sf-germany.org\/einheiten\/uss-odyssey\/?page_id=1908"},"modified":"2023-11-26T01:30:56","modified_gmt":"2023-11-26T00:30:56","slug":"panalek-2","status":"publish","type":"page","link":"https:\/\/sf-germany.org\/einheiten\/uss-artemis\/crew\/besatzung\/panalek-2\/","title":{"rendered":"Panalek"},"content":{"rendered":"<table style=\"background: none; border: 0px solid #ffffff; font-weight: bold;\" border=\"0\" width=\"95%\" cellspacing=\"5\" cellpadding=\"5\" align=\"center\">\n<tbody>\n<tr>\n<td style=\"background: none; border-radius: 1em; border: 0px solid #003366; box-shadow: 0.1em 0.1em 0.5em rgba(0,0,0,0.75); -webkit-border-radius: 1em; -moz-border-radius: 1em; -moz-box-shadow: 0.1em 0.1em 0.5em rgba(0, 0, 0, 0.75); -webkit-box-shadow: 0.1em 0.1em 0.5em rgba(0, 0, 0, 0.75);\" colspan=\"5\" rowspan=\"3\" align=\"center\" valign=\"middle\">\n<h2><strong>Panalek<\/strong><\/h2>\n<\/td>\n<\/tr>\n<\/tbody>\n<\/table>\n<p>&nbsp;<\/p>\n<div style=\"float: left; margin-right: 15px; margin-bottom: 15px; font-size: 11px; width: 300px; padding-left: 10px; padding-right: 10px;\">\n<table style=\"background: none; border-radius: 1em; border: 0px solid #003366; margin-bottom: 15px; margin-right: 15px; float: left; box-shadow: 0.1em 0.1em 0.5em rgba(0,0,0,0.75); -webkit-border-radius: 1em; -moz-border-radius: 1em; -moz-box-shadow: 0.1em 0.1em 0.5em rgba(0, 0, 0, 0.75); -webkit-box-shadow: 0.1em 0.1em 0.5em rgba(0, 0, 0, 0.75);\" border=\"1\" width=\"250\" cellspacing=\"10\" align=\"left\">\n<tbody>\n<tr>\n<td style=\"border: 0px solid transparent; font-weight: bold;\" colspan=\"2\" align=\"center\" width=\"250\"><a href=\"https:\/\/sf-germany.org\/einheiten\/uss-artemis\/wp-content\/uploads\/2023\/11\/test2.gif\" rel=\"lightbox-0\"><img loading=\"lazy\" decoding=\"async\" class=\"alignnone wp-image-5100 size-full\" src=\"https:\/\/sf-germany.org\/einheiten\/uss-artemis\/wp-content\/uploads\/2023\/11\/test2.gif\" alt=\"\" width=\"400\" height=\"358\" \/><\/a><\/td>\n<\/tr>\n<tr>\n<td style=\"border: 0px solid transparent; font-weight: bold;\" colspan=\"2\" align=\"center\" width=\"250\">Panalek<\/td>\n<\/tr>\n<tr>\n<td style=\"border: 0px solid transparent; font-weight: bold;\" align=\"right\" width=\"111\">Status<\/td>\n<td style=\"border: 0px solid transparent;\" align=\"left\" width=\"129\">PC<\/td>\n<\/tr>\n<tr>\n<td style=\"border: 0px solid transparent; font-weight: bold;\" align=\"right\" width=\"111\">Spieler<\/td>\n<td style=\"border: 0px solid transparent;\" align=\"left\" width=\"129\"><a href=\"https:\/\/www.sf-germany.org\/cgi-bin\/visitenkarte.pl?spieler=744\">Fynn<\/a><\/td>\n<\/tr>\n<tr>\n<td style=\"background: #555555; border-radius: 1em; border: 0px solid #003366; font-weight: bold; box-shadow: 0.1em 0.1em 0.5em rgba(0,0,0,0.75); -webkit-border-radius: 1em; -webkit-box-shadow: 0.1em 0.1em 0.5em rgba(0, 0, 0, 0.75);\" colspan=\"2\" align=\"center\" width=\"240\">Dienstliche Informationen<\/td>\n<\/tr>\n<tr>\n<td style=\"border: 0px solid transparent; font-weight: bold; vertical-align: middle;\" align=\"right\" width=\"111\">Ranggrafik<\/td>\n<td style=\"border: 0px solid transparent;\" align=\"left\" width=\"129\"><a href=\"https:\/\/sf-germany.org\/einheiten\/uss-artemis\/wp-content\/uploads\/2022\/09\/y-o3-1.png\" rel=\"lightbox-1\"><img loading=\"lazy\" decoding=\"async\" class=\"aligncenter size-full wp-image-3620\" src=\"https:\/\/sf-germany.org\/einheiten\/uss-artemis\/wp-content\/uploads\/2022\/09\/y-o3-1.png\" alt=\"Lieutenant\" width=\"128\" height=\"32\" \/><\/a><\/td>\n<\/tr>\n<tr>\n<td style=\"border: 0px solid transparent; font-weight: bold;\" align=\"right\" width=\"111\">Rang<\/td>\n<td style=\"border: 0px solid transparent;\" align=\"left\" width=\"129\">Lt.<\/td>\n<\/tr>\n<tr>\n<td style=\"border: 0px solid transparent; font-weight: bold;\" align=\"right\" width=\"111\">Posten<\/td>\n<td style=\"border: 0px solid transparent;\" align=\"left\" width=\"129\">CING<\/td>\n<\/tr>\n<tr>\n<td style=\"border: 0px solid transparent; font-weight: bold;\" align=\"right\" width=\"111\">Stationierung<\/td>\n<td style=\"border: 0px solid transparent;\" align=\"left\" width=\"129\">U.S.S. Artemis<\/td>\n<\/tr>\n<tr>\n<td style=\"background: #555555; border-radius: 1em; border: 0px solid #003366; font-weight: bold; box-shadow: 0.1em 0.1em 0.5em rgba(0,0,0,0.75); -webkit-border-radius: 1em; -webkit-box-shadow: 0.1em 0.1em 0.5em rgba(0, 0, 0, 0.75);\" colspan=\"2\" align=\"center\" width=\"250\">Biographische Informationen<\/td>\n<\/tr>\n<tr>\n<td style=\"border: 0px solid transparent; font-weight: bold;\" align=\"right\" width=\"111\">Geburtsjahr<\/td>\n<td style=\"border: 0px solid transparent;\" align=\"left\" width=\"129\">2365<\/td>\n<\/tr>\n<tr>\n<td style=\"border: 0px solid transparent; font-weight: bold;\" align=\"right\" width=\"111\">Geburtsort<\/td>\n<td style=\"border: 0px solid transparent;\" align=\"left\" width=\"129\">Tentey<\/td>\n<\/tr>\n<tr>\n<td style=\"border: 0px solid transparent; font-weight: bold;\" align=\"right\" width=\"111\">Familienstand<\/td>\n<td style=\"border: 0px solid transparent;\" align=\"left\" width=\"129\">ledig<\/td>\n<\/tr>\n<tr>\n<td style=\"border: 0px solid transparent; font-weight: bold;\" align=\"right\" width=\"111\">Eltern<\/td>\n<td style=\"border: 0px solid transparent;\" align=\"left\" width=\"129\">Keine Informationen<\/td>\n<\/tr>\n<tr>\n<td style=\"border: 0px solid transparent; font-weight: bold;\" align=\"right\" width=\"111\">Geschwister<\/td>\n<td style=\"border: 0px solid transparent;\" align=\"left\" width=\"129\">2 Br\u00fcder<\/td>\n<\/tr>\n<tr>\n<td style=\"background: #555555; border-radius: 1em; border: 0px solid #003366; font-weight: bold; box-shadow: 0.1em 0.1em 0.5em rgba(0,0,0,0.75); -webkit-border-radius: 1em; -webkit-box-shadow: 0.1em 0.1em 0.5em rgba(0, 0, 0, 0.75);\" colspan=\"2\" align=\"center\" width=\"250\">Physische Beschreibung<\/td>\n<\/tr>\n<tr>\n<td style=\"border: 0px solid transparent; font-weight: bold;\" align=\"right\" width=\"111\">Spezies<\/td>\n<td style=\"border: 0px solid transparent;\" align=\"left\" width=\"129\">Andorianer<\/td>\n<\/tr>\n<tr>\n<td style=\"border: 0px solid transparent; font-weight: bold;\" align=\"right\" width=\"111\">Geschlecht<\/td>\n<td style=\"border: 0px solid transparent;\" align=\"left\" width=\"129\">m\u00e4nnlich<\/td>\n<\/tr>\n<tr>\n<td style=\"border: 0px solid transparent; font-weight: bold;\" align=\"right\" width=\"111\">Gr\u00f6\u00dfe<\/td>\n<td style=\"border: 0px solid transparent;\" align=\"left\" width=\"129\">1,96m<\/td>\n<\/tr>\n<tr>\n<td style=\"border: 0px solid transparent; font-weight: bold;\" align=\"right\" width=\"111\">Gewicht<\/td>\n<td style=\"border: 0px solid transparent;\" align=\"left\" width=\"129\">105 kg<\/td>\n<\/tr>\n<tr>\n<td style=\"border: 0px solid transparent; font-weight: bold;\" align=\"right\" width=\"111\">Haarfarbe<\/td>\n<td style=\"border: 0px solid transparent;\" align=\"left\" width=\"129\">wei\u00df<\/td>\n<\/tr>\n<tr>\n<td style=\"border: 0px solid transparent; font-weight: bold;\" align=\"right\" width=\"111\">Augenfarbe<\/td>\n<td style=\"border: 0px solid transparent;\" align=\"left\" width=\"129\">blau<\/td>\n<\/tr>\n<tr>\n<td style=\"border: 0px solid transparent; font-weight: bold;\" align=\"right\" width=\"111\">Hautfarbe<\/td>\n<td style=\"border: 0px solid transparent;\" align=\"left\" width=\"129\">blau<\/td>\n<\/tr>\n<tr>\n<td style=\"border: 0px solid transparent; font-weight: bold;\" align=\"right\" width=\"111\">Spitzname<\/td>\n<td style=\"border: 0px solid transparent;\" align=\"left\" width=\"129\">Pan<\/td>\n<\/tr>\n<tr>\n<td style=\"background: #555555; border-radius: 1em; border: 0px solid #003366; font-weight: bold; box-shadow: 0.1em 0.1em 0.5em rgba(0,0,0,0.75); -webkit-border-radius: 1em; -webkit-box-shadow: 0.1em 0.1em 0.5em rgba(0, 0, 0, 0.75);\" colspan=\"2\" align=\"center\" width=\"250\">Politische Informationen<\/td>\n<\/tr>\n<tr>\n<td style=\"border: 0px solid transparent; font-weight: bold;\" align=\"right\" width=\"111\">B\u00fcrgerschaft<\/td>\n<td style=\"border: 0px solid transparent;\" align=\"left\" width=\"129\">UFP<\/td>\n<\/tr>\n<tr>\n<td style=\"border: 0px solid transparent; font-weight: bold;\" align=\"right\" width=\"111\">\u00a0Religion<\/td>\n<td style=\"border: 0px solid transparent;\" align=\"left\" width=\"129\">n\/a<\/td>\n<\/tr>\n<tr style=\"height: 36px;\">\n<td style=\"background: #555555; border: 0px solid #003366; font-weight: bold; border-radius: 1em; box-shadow: rgba(0, 0, 0, 0.75) 0.1em 0.1em 0.5em; height: 36px; width: 88.8889%;\" colspan=\"2\" align=\"center\" width=\"240\"><span style=\"font-size: 10pt; font-family: 'Titillium Web';\">Orden und Auszeichnungen<\/span><\/td>\n<\/tr>\n<tr style=\"height: 18px;\">\n<td style=\"border: 0px solid transparent; font-weight: bold; height: 18px; width: 41.2186%;\" align=\"right\" width=\"111\"><span style=\"font-size: 10pt; font-family: 'Titillium Web';\">Vh\u2018oga Ribbon<\/span><\/td>\n<td style=\"border: 0px solid transparent; height: 18px; width: 47.6703%;\" align=\"left\" width=\"129\"><span style=\"font-size: 10pt; font-family: 'Titillium Web';\"><img loading=\"lazy\" decoding=\"async\" class=\"alignnone wp-image-3663\" src=\"https:\/\/sf-germany.org\/einheiten\/uss-artemis\/wp-content\/uploads\/2022\/10\/Vhoga_Spange.png\" alt=\"\" width=\"110\" height=\"32\" \/><\/span><\/td>\n<\/tr>\n<tr style=\"height: 305px;\">\n<td style=\"border: 0px solid transparent; font-weight: bold; height: 180px; width: 255%;\" colspan=\"2\" align=\"center\" width=\"240\"><span style=\"font-family: 'Titillium Web';\"><a href=\"https:\/\/sf-germany.org\/einheiten\/uss-artemis\/wp-content\/uploads\/2022\/12\/Panalek_Arti.jpg\" rel=\"lightbox-2\"><img loading=\"lazy\" decoding=\"async\" class=\"aligncenter wp-image-3670\" src=\"https:\/\/sf-germany.org\/einheiten\/uss-artemis\/wp-content\/uploads\/2022\/12\/Panalek_Arti.jpg\" alt=\"\" width=\"180\" height=\"255\" \/><\/a><\/span><\/td>\n<\/tr>\n<tr style=\"height: 18px;\">\n<td style=\"border: 0px solid transparent; font-weight: bold; height: 18px; width: 88.8889%;\" colspan=\"2\" align=\"center\" width=\"240\"><span style=\"font-size: 10pt; font-family: 'Titillium Web';\"><b>Dienst Zertifikat<\/b><\/span><\/td>\n<\/tr>\n<\/tbody>\n<\/table>\n<\/div>\n<p><strong><span style=\"font-family: 'Big Shoulders Text'; font-size: 24pt;\">Lebenslauf<\/span><\/strong><\/p>\n<p><strong><span style=\"font-family: 'Big Shoulders Text'; font-size: 18pt;\">2365 &#8211; 2382 (Zivil)<\/span><\/strong><\/p>\n<p>Tentey ist der 4. Planet eines bin\u00e4ren Systems auf dem eine andorianische Kolonie mit ca. 2 Millionen Einwohnern (Stand 2412) existiert. Panalek wurde als dritter Sohn in eine Familie aus Soldaten geboren und wuchs nach andorianischen Standards unauff\u00e4llig auf. Seine Eltern waren f\u00fcrsorglich und aufmerksam. Panalek zeigte bereits fr\u00fch ein \u00fcberdurchschnittliches Interesse und Verst\u00e4ndnis f\u00fcr Mechanik und Technologie und brachte einen Gro\u00dfteil seiner Freizeit in Tech-Clubs zu und baute Ger\u00e4te auseinander und wieder zusammen. Seine analytischen F\u00e4higkeiten und die Geschwindigkeit mit der er technologische Zusammenh\u00e4nge erkannte machten ihn schon bald zu einem Aussenseiter unter Gleichaltrigen. Dennoch war er nicht einsam und konnte die ein oder andere Freundschaft aufbauen und bis heute erhalten.<\/p>\n<p>In seiner Schulzeit von 2372 bis 2382 war Pan ein guter, lehrsamer Sch\u00fcler mit guten Verbindungen zu eher \u00e4lteren Mitsch\u00fcler:innen. Seinen Abschluss machte er mit einer glatten 2,0.<\/p>\n<p><strong><span style=\"font-family: 'Big Shoulders Text'; font-size: 18pt;\">2382 &#8211; 2397 (Andorianische Flotte)<\/span><\/strong><\/p>\n<p>Panaleks Eltern bestanden darauf, dass auch Panalek (wie seine Br\u00fcder und sie selbst) die Milit\u00e4rschulen Andorias besuchte. Er begriff schnell, dass der Dienst im Milit\u00e4r strukturelle \u00c4hnlichkeit zu technologischen Zusammenh\u00e4ngen hatte und passte sich schnell und erfolgreich an. Auch wenn seine Begeisterung f\u00fcr den Wehrdienst sich in Grenzen hielt und die Ausbildung an Waffen uninteressant f\u00fcr ihn war, schloss er die Ausbildung erfolgreich ab um sich danach seiner Leidenschaft, der Raumfahrttechnologie zu widmen.<\/p>\n<p>2388 ging er an Bord der andorianischen Fregatte Mnktau in die Lehre einer dortigen TO. Die TO, eine Frau Namens G&#8217;hara, erkannte Panaleks Talent schnell und lie\u00df ihm eine Ausbildung zum Ingenieur zuteil werden, basierend auf existierenden Traditionen unter Technikern auf andorianischen Schiffen. In den folgenden Jahren stieg Panalek innerhalb der Hierarchie der Mnktau z\u00fcgig auf, bis er 2396 (8 Jahre sp\u00e4ter) aufgrund seiner F\u00e4higkeiten bereits zum sCING ernannt wurde.<\/p>\n<p>2397 kam es zu einem Zwischenfall, der zum Bruch seiner Beziehung mit der Mnktau und im allgemeinen der andorianischen Flotte f\u00fchrte. Panalek beobachtete den Sohn des CING, einen Lehrling der Technik dabei, wie er vertrauliche Daten der Mnktau auf einen Datentr\u00e4ger lud.<\/p>\n<p>Als sich heraus stellte, dass der Lehrling die Daten an die Orioner verkaufte meldete Pan dies dem CING, der den Vorfall herunterspielte. Entsprechend der Hierarchie auf dem Schiff meldete Pan den Vorfall darauf hin dem EO &#8211; der ihm einen Strick daraus drehte und mit einer Versetzung drohte, sollte Pan dies weiter eskalieren. Angesichts dieser unfairen \u00dcbermacht entschied sich Pan dazu, die Flotte zu verlassen.<\/p>\n<p><strong><span style=\"font-family: 'Big Shoulders Text'; font-size: 18pt;\">2397 &#8211; 2410 (Non-Commissioned)<\/span><\/strong><\/p>\n<p>Auf der Suche nach einer Alternative zur andorianischen Flotte, in der er als noch seiner Passion nachgehen konnte, stie\u00df Panalek in der Botschaft der Menschen auf Andoria auf eine Werbeanzeige f\u00fcr die Unteroffizierslaufbahn der Sternenflotte und bewarb sich. Aufgrund seiner bereits langj\u00e4hrigen Erfahrung als TO und sp\u00e4ter sCING wurde er angenommen und durchlief zwei Jahre Grundausbildung an der Akademie-Zweigstelle in Stockholm.<\/p>\n<p>Nach Abschluss der Grundausbildung an der Akademie schrieb sich Pan auf der STSA auf dem Mars ein und absolvierte ein Studium in den Bereichen Raumschifftechnik und -operationen, Kybernetik und Transportertechnologie.<\/p>\n<p>Im Anschluss des Studiums und seine Bef\u00f6rderung zum CPO wurde er in die Utopia Planitia Flottenwerften in den technischen Stab versetzt.<\/p>\n<p><strong><span style=\"font-family: 'Big Shoulders Text'; font-size: 18pt;\">2410 &#8211; Heute (Sternenflotte)<\/span><\/strong><\/p>\n<p>Nach 13 Jahren als Unteroffizier auf Utopia Planitia bewarb sich Pan auf Dr\u00e4ngen seines guten, langj\u00e4hrigen Freundes Lt. Gaspar Toussaint erneut an der Sternenflottenakademie um sein Offizierspatent zu erlangen. Aufgrund seiner Erfahrungen und seines bisherigen Werdeganges und unterst\u00fctzt durch seinen EO, wurde er angenommen und absolvierte ein weiteres Studium in erweiterter Technik und Operations.<\/p>\n<p>2416 wurde Pan zum Lt.jg. bef\u00f6rdert und nahm den ihm von Gaspar angebotenen Posten des CING der U.S.S. Odyssey an.<\/p>\n<p><strong><span style=\"font-family: 'Big Shoulders Text'; font-size: 24pt;\">Tabel. Lebenslauf<\/span><\/strong><\/p>\n<p>2365 (0) Geburt auf Tentey<br \/>\n2372 (7) Schulbildung<br \/>\n2382 (17) militaerische Grundausbildung, Andoria<br \/>\n2384 (19) Wehrdienst auf andorianischer Fregatte Mnktau<br \/>\n2388 (23) Versetzung als Lehrling in die technische Abteilung der Mnktau<br \/>\n2396 (31) Ernenung zum sCING der Mnktau<br \/>\n2397 (32) 2 Jahre Grundausbildung Sternenflottenakademie Stockholm mit abschliessender Ernennung zum PO 1st Class<br \/>\n2399 (34) Studium an der Starfleet Technical Services Akademie, Mars<br \/>\n2403 (38) Befoerderung zum CPO mit Erhalt des Ingenieursdiploms<br \/>\n2406 (41) Befoerderung zum SCPO<br \/>\n2409 (44) Befoerderung zum MCPO<br \/>\n2410 (45) Besuch der Sternenflottenakademie zum erlangen des Offizierspatents<br \/>\n2413 (48) Befoerderung zum Ensign und Versetzung auf die USS Ocasio Cortez<br \/>\n2416 (51) Befoerderung zum Lt. jg.<br \/>\n2416 (51) Versetzung als CING auf die USS Odyssey<br \/>\n2416 (51) Wechsel auf die USS Artemis mit dem gesamten Technik-Stab der Odyssey<\/p>\n<p><strong><span style=\"font-family: 'Big Shoulders Text'; font-size: 18pt;\">Ausbildung bei der Sternenflotte<\/span><\/strong><\/p>\n<p><strong>2397 &#8211; 2399<\/strong><br \/>\nGrundausbildung<br \/>\nSchwerpunkt 1: Technik<\/p>\n<p><strong>2399 &#8211; 2403<\/strong><br \/>\nSchwerpunkte:<br \/>\n&#8211; erweitertes technisches Studium Raumschifftechnik und -operationen<br \/>\n&#8211; Kybernetik<br \/>\n&#8211; Transportertechnologie<\/p>\n<p>Abschluss als Diplomingenieur<\/p>\n<p><strong>2410 &#8211; 2412<\/strong><br \/>\nSchwerpunkt 1: Technik (Subraummechanik und Warpantriebe)<br \/>\nSchwerpunkt 2: Operations<\/p>\n<p>Erhalt Offizierspatent, Ernennung zum Ensign.<\/p>\n<p>&nbsp;<\/p>\n<hr \/>\n<p><strong><span style=\"font-family: 'Big Shoulders Text'; font-size: 24pt;\">Psychologisches Profil<\/span><\/strong><\/p>\n<p>Lt.jg. &#8220;Pan&#8221; ist kein sehr umg\u00e4nglicher Andorianer. Selbst im direkten Vergleich zu seiner Spezies ist er zur\u00fcckhaltend, geradezu verschlossen. Er hat wenig Verst\u00e4ndnis f\u00fcr die Eigenarten seiner Kollegen und Kolleginnen und gibt sein Feedback auf sehr direkte Weise wieder, was oft als unh\u00f6flich wahrgenommen wird. Dabei sind seine Intentionen keinweswegs b\u00f6sartig. Im Gegenteil ist er oft bereit sein Umfeld zu unterst\u00fctzen &#8211; vorausgesetzt, dass er die Sache f\u00fcr w\u00fcrdig erachtet. Triviale Kommunikation im Sinne des Smalltalks und nicht zielgerichtete Unterhaltungen sind ihm zuwider.<br \/>\nAusnahme hier sind jene in seinem Umfeld, denen er sich verbunden f\u00fchlt.<br \/>\nDar\u00fcber hinaus ist er nicht sch\u00fcchtern um selbst die Initiative eines Erstkontaktes zu ergreifen, wenn er eine Person interessant findet, selbst Unterst\u00fctzung ben\u00f6tigt oder das Gef\u00fchl hat, sich gut in eine bereits laufende Konversation einzubringen.<\/p>\n<hr \/>\n<p><strong><span style=\"font-family: 'Big Shoulders Text'; font-size: 24pt;\">Vorlieben und Abneigungen<\/span><\/strong><\/p>\n<p><b>Mag<\/b><\/p>\n<ul>\n<li>Sich in technischen Arbeiten verlieren<\/li>\n<li>Seine Pflanzen<\/li>\n<li>Marihuana und Tabak<\/li>\n<li>Effiziente Kommunikation<\/li>\n<\/ul>\n<p><b>Mag nicht<\/b><\/p>\n<ul>\n<li>Smalltalk<\/li>\n<li>Tele- und Empathen<\/li>\n<li>Personen die seiner Meinung nach nur seine Zeit verschwenden<\/li>\n<li>Personen<\/li>\n<li>unangek\u00fcndigten Besuch<\/li>\n<li>Drama<\/li>\n<li>Personen<\/li>\n<li>Nudelgerichte<\/li>\n<li>Aufdringlichkeit und neugierige Personen<\/li>\n<\/ul>\n<hr \/>\n<p><strong><span style=\"font-family: 'Big Shoulders Text'; font-size: 24pt;\">Hobbies<\/span><\/strong><\/p>\n<p>Basiert auf seiner technischen Affinit\u00e4t verbringt Pan auch in seiner Freizeit viel Zeit im Techniklabor. Oder in seinem Quartier, dass man durchaus mit einem technischen Labor verwechseln k\u00f6nnte. Dabei bastelt er mit gro\u00dfem Enthusiasmus an Robotern, Droiden und k\u00fcnstlichen Intelligenzen und forscht auch im Bereich der Kybernetik.<br \/>\nDar\u00fcber hinaus z\u00fcchtet Pan Nutz- und Zierpflanzen.<\/p>\n<hr \/>\n<p><strong><span style=\"font-family: 'Big Shoulders Text'; font-size: 24pt;\">Medizinisches Profil<\/span><\/strong><\/p>\n<p>In Anbetracht der durchschnittlichen Lebenserwartung seiner Spezies, die ungefaehr bei 150 Jahren liegt, ist Lt.jg. Panalek ein Andorianer im besten Alter. Seine Vitalfunktionen sind Vergleichbar mit denen eines drei\u00dfigj\u00e4hrigen Menschen gleichen Geschlechts. Es liegt eine leichte Unvertraeglichkeit gegen Laktose vor, die jedoch durch die gezielte Einnahme von Praeparaten symptomlos verlaeuft. Laut eigener Aussage leidet Lt.jg. Panalek seit seiner Jugend an einer Lichtempfindlichkeit und haeufigen Kopfschmerzen. Eine Ursache konnte hierfuer bisher nicht gefunden werden.<\/p>\n<p>Nach einer unbehandelt abgeheilten Verletzung des Exoskelettes am unteren Ruecken leidet der Lt. hin und wieder nach Ueberanstrengungen an leichten Laesionen und Entzuendungen, da die Knochenplatten nicht gerade zusammengewachsen sind und das darueberliegende Dermalgewebe belasten. Entzuendungshemmende Salben und oertliche Betaeubungsmittel helfen, da Lt.jg. Panalek eine korrektive OP strikt ablehnt.<\/p>\n<p>Bei einem Unfall 2390 wurde Panalek, im Dienst der andorianischen Flotte, schwer verletzt. Sein linkes Becken, der linke Oberschenkelknochen und der linke Unterarmknochen wurden durch medizinische Implantate ersetzt. Die darueberliegenden subdermalen Knochenplatten konnten nicht ersetzt werden.<\/p>\n<hr \/>\n<p><strong><span style=\"font-family: 'Big Shoulders Text'; font-size: 24pt;\">Besonderheiten der Spezies<\/span><\/strong><\/p>\n<p>&#8211; zwei Antennen auf dem Kopf<br \/>\n&#8211; Knochenplattenexoskelett unter der Haut<br \/>\n&#8211; blaue Haut, wei\u00dfe Haare<br \/>\n&#8211; 1,5 x so stark wie ein Mensch<br \/>\n&#8211; weit weniger kaelteempfindlich als die meisten anderen Spezies<br \/>\n&#8211; Antennen sind deutlicher Indikator fuer Emotionen<\/p>\n<hr \/>\n<p><strong><span style=\"font-family: 'Big Shoulders Text'; font-size: 24pt;\">Haustiere<\/span><\/strong><\/p>\n<p><a href=\"https:\/\/sf-germany.org\/einheiten\/uss-artemis\/francis-felidae\/\" target=\"_blank\" rel=\"noopener\"><b>Androiden-Kater &#8220;Francis&#8221;<\/b><\/a><\/p>\n<p>&nbsp;<\/p>\n<hr \/>\n<p><strong><span style=\"font-family: 'Big Shoulders Text'; font-size: 24pt;\">Klassifzierte Sektion<\/span><\/strong><\/p>\n<p>&#8211;<\/p>\n<p>&nbsp;<\/p>\n<p>&nbsp;<\/p>\n","protected":false},"excerpt":{"rendered":"<p>Panalek &nbsp; Panalek Status PC Spieler Fynn Dienstliche Informationen Ranggrafik Rang Lt. Posten CING Stationierung U.S.S. Artemis Biographische Informationen Geburtsjahr 2365 Geburtsort Tentey Familienstand ledig Eltern Keine Informationen Geschwister 2 Br\u00fcder Physische Beschreibung Spezies Andorianer Geschlecht m\u00e4nnlich Gr\u00f6\u00dfe 1,96m Gewicht 105 kg Haarfarbe wei\u00df Augenfarbe blau Hautfarbe blau Spitzname Pan Politische Informationen B\u00fcrgerschaft UFP \u00a0Religion&#8230;<\/p>\n<p class=\"more-link-wrap\"><a href=\"https:\/\/sf-germany.org\/einheiten\/uss-artemis\/crew\/besatzung\/panalek-2\/\" class=\"more-link\">Read More<span class=\"screen-reader-text\"> &ldquo;Panalek&rdquo;<\/span> &raquo;<\/a><\/p>\n","protected":false},"author":2,"featured_media":0,"parent":3736,"menu_order":9,"comment_status":"closed","ping_status":"closed","template":"","meta":{"footnotes":""},"class_list":["post-1908","page","type-page","status-publish","hentry"],"_links":{"self":[{"href":"https:\/\/sf-germany.org\/einheiten\/uss-artemis\/wp-json\/wp\/v2\/pages\/1908","targetHints":{"allow":["GET"]}}],"collection":[{"href":"https:\/\/sf-germany.org\/einheiten\/uss-artemis\/wp-json\/wp\/v2\/pages"}],"about":[{"href":"https:\/\/sf-germany.org\/einheiten\/uss-artemis\/wp-json\/wp\/v2\/types\/page"}],"author":[{"embeddable":true,"href":"https:\/\/sf-germany.org\/einheiten\/uss-artemis\/wp-json\/wp\/v2\/users\/2"}],"replies":[{"embeddable":true,"href":"https:\/\/sf-germany.org\/einheiten\/uss-artemis\/wp-json\/wp\/v2\/comments?post=1908"}],"version-history":[{"count":23,"href":"https:\/\/sf-germany.org\/einheiten\/uss-artemis\/wp-json\/wp\/v2\/pages\/1908\/revisions"}],"predecessor-version":[{"id":5102,"href":"https:\/\/sf-germany.org\/einheiten\/uss-artemis\/wp-json\/wp\/v2\/pages\/1908\/revisions\/5102"}],"up":[{"embeddable":true,"href":"https:\/\/sf-germany.org\/einheiten\/uss-artemis\/wp-json\/wp\/v2\/pages\/3736"}],"wp:attachment":[{"href":"https:\/\/sf-germany.org\/einheiten\/uss-artemis\/wp-json\/wp\/v2\/media?parent=1908"}],"curies":[{"name":"wp","href":"https:\/\/api.w.org\/{rel}","templated":true}]}}